{"id":19,"date":"2020-02-14T08:58:44","date_gmt":"2020-02-14T06:58:44","guid":{"rendered":"https:\/\/blogi.eoppimispalvelut.fi\/yhdessakasvuun\/?page_id=19"},"modified":"2020-03-28T10:41:20","modified_gmt":"2020-03-28T08:41:20","slug":"yhdessa-kasvuun-opas","status":"publish","type":"page","link":"https:\/\/blogi.eoppimispalvelut.fi\/yhdessakasvuun\/yhdessa-kasvuun-opas\/","title":{"rendered":"Yhdess\u00e4 kasvuun -opas"},"content":{"rendered":"<hr \/>\n<p>Olemme pikaoppaassamme jaotelleet yritysostoprosessin kolmeen eri vaiheeseen: <strong>hankintavaiheeseen, toteutus- ja julkistusvaiheeseen sek\u00e4 haltuunottovaiheeseen<\/strong>. Tarkoituksenamme on jakaa tietoa sek\u00e4 inspiroida laajentamaan liiketoimintaa fuusion avulla.<\/p>\n<p>Pikaoppaamme sis\u00e4lt\u00e4\u00e4 vaiheista lyhyet koosteet sek\u00e4 linkkej\u00e4 asiantuntijoiden teksteihin sek\u00e4 videoihin. <strong>Inspiroidu<\/strong> sin\u00e4kin sivuillamme ja otamme mielell\u00e4mme vastaan kommentteja pikaoppaastamme sek\u00e4 kehitysideoita sis\u00e4ll\u00f6n kehitt\u00e4miseen.<\/p>\n<p><em><strong>Sis\u00e4lt\u00f6:<\/strong><\/em><\/p>\n<p style=\"padding-left: 40px\"><em><a href=\"https:\/\/blogi.eoppimispalvelut.fi\/yhdessakasvuun\/yhdessa-kasvuun-opas\/hankintavaihe\/\" target=\"_blank\" rel=\"noopener noreferrer\"><strong>Hankintavaihe:<\/strong><\/a><\/em><\/p>\n<ul>\n<li style=\"list-style-type: none\">\n<ul>\n<li><em><a href=\"https:\/\/blogi.eoppimispalvelut.fi\/yhdessakasvuun\/maarittele-tavoite-ja-strategia\/\" target=\"_blank\" rel=\"noopener noreferrer\">M\u00e4\u00e4rittele tavoite ja strategia<\/a><\/em><\/li>\n<li><em><a href=\"https:\/\/blogi.eoppimispalvelut.fi\/yhdessakasvuun\/suunnittele-ja-neuvottele-rahoitus\/\" target=\"_blank\" rel=\"noopener noreferrer\">Suunnittele ja neuvottele rahoitus<\/a><\/em><\/li>\n<li><em><a href=\"https:\/\/blogi.eoppimispalvelut.fi\/yhdessakasvuun\/ota-yhteytta-kiinnostavaan-yritykseen-ja-aloita-neuvottelut\/\" target=\"_blank\" rel=\"noopener noreferrer\">Ota yhteytt\u00e4 kiinnostavaan yritykseen ja aloita neuvottelut<\/a><\/em><\/li>\n<li><em><a href=\"https:\/\/blogi.eoppimispalvelut.fi\/yhdessakasvuun\/kayta-tarvittaessa-asiantuntija-apua\/\" target=\"_blank\" rel=\"noopener noreferrer\">K\u00e4yt\u00e4 tarvittaessa asiantuntija-apua<\/a><\/em><\/li>\n<\/ul>\n<\/li>\n<\/ul>\n<p style=\"padding-left: 40px\"><em><a href=\"https:\/\/blogi.eoppimispalvelut.fi\/yhdessakasvuun\/yhdessa-kasvuun-opas\/toteutus-ja-julkistusvaihe\/\" target=\"_blank\" rel=\"noopener noreferrer\"><strong>Toteutus- ja julkistusvaihe<\/strong><\/a><\/em><\/p>\n<ul>\n<li style=\"list-style-type: none\">\n<ul>\n<li><em><a href=\"https:\/\/blogi.eoppimispalvelut.fi\/yhdessakasvuun\/laadi-kauppakirja-ja-tee-muut-ostoon-liittyvat-sopimukset\/\" target=\"_blank\" rel=\"noopener noreferrer\">Laadi kauppakirja ja tee muut ostoon liittyv\u00e4t sopimukset<\/a><\/em><\/li>\n<li><em><a href=\"https:\/\/blogi.eoppimispalvelut.fi\/yhdessakasvuun\/tiedota-ja-viesti-kaupasta\/\" target=\"_blank\" rel=\"noopener noreferrer\">Tiedota ja viesti kaupasta<\/a><\/em><\/li>\n<li><em><a href=\"https:\/\/blogi.eoppimispalvelut.fi\/yhdessakasvuun\/laadi-puitesuunnitelma-haltuunotosta\/\" target=\"_blank\" rel=\"noopener noreferrer\">Laadi puitesuunnitelma haltuunotosta<\/a><\/em><\/li>\n<\/ul>\n<\/li>\n<\/ul>\n<p style=\"padding-left: 40px\"><em><a href=\"https:\/\/blogi.eoppimispalvelut.fi\/yhdessakasvuun\/yhdessa-kasvuun-opas\/haltuunottovaihe\/\" target=\"_blank\" rel=\"noopener noreferrer\"><strong>Haltuunottovaihe<\/strong><\/a><\/em><\/p>\n<ul>\n<li style=\"list-style-type: none\">\n<ul>\n<li><em><a href=\"https:\/\/blogi.eoppimispalvelut.fi\/yhdessakasvuun\/laadi-haltuunottosuunnitelma-aktiiviseen-vaiheeseen\/\" target=\"_blank\" rel=\"noopener noreferrer\">Laadi haltuunottosuunnitelma aktiiviseen vaiheeseen<\/a><\/em><\/li>\n<li><em><a href=\"https:\/\/blogi.eoppimispalvelut.fi\/yhdessakasvuun\/jarjestelmaintegraatiot\/\" target=\"_blank\" rel=\"noopener noreferrer\">J\u00e4rjestelm\u00e4integraatiot<\/a><\/em><\/li>\n<li><em><a href=\"https:\/\/blogi.eoppimispalvelut.fi\/yhdessakasvuun\/henkilosto-ja-yhteisen-toimintakulttuurin-rakentaminen\/\" target=\"_blank\" rel=\"noopener noreferrer\">Henkil\u00f6st\u00f6 ja yhteisen toimintakulttuurin rakentaminen<\/a><\/em><\/li>\n<li><em><a href=\"https:\/\/blogi.eoppimispalvelut.fi\/yhdessakasvuun\/muista-kaytannon-toimenpiteet-mukana-tulleiden-sopimusten-osalta\/\" target=\"_blank\" rel=\"noopener noreferrer\">Muista k\u00e4yt\u00e4nn\u00f6n toimenpiteet mukana tulleiden sopimusten osalta<\/a><\/em><\/li>\n<li><em><a href=\"https:\/\/blogi.eoppimispalvelut.fi\/yhdessakasvuun\/seuranta-ja-mittarit\/\" target=\"_blank\" rel=\"noopener noreferrer\">Seuranta ja mittarit<\/a><\/em><\/li>\n<li><em><a href=\"https:\/\/blogi.eoppimispalvelut.fi\/yhdessakasvuun\/asiakastyo\/\" target=\"_blank\" rel=\"noopener noreferrer\">Asiakasty\u00f6<\/a><\/em><\/li>\n<\/ul>\n<\/li>\n<\/ul>\n<p style=\"text-align: center\"><a href=\"https:\/\/blogi.eoppimispalvelut.fi\/yhdessakasvuun\/yhdessa-kasvuun-opas\/hankintavaihe\/\"><img loading=\"lazy\" decoding=\"async\" class=\"alignnone wp-image-159\" src=\"https:\/\/blogi.eoppimispalvelut.fi\/yhdessakasvuun\/files\/2020\/03\/1-300x171.png\" alt=\"\" width=\"124\" height=\"73\" \/><\/a>\u00a0 <a href=\"https:\/\/blogi.eoppimispalvelut.fi\/yhdessakasvuun\/yhdessa-kasvuun-opas\/toteutus-ja-julkistusvaihe\/\"><img loading=\"lazy\" decoding=\"async\" class=\"alignnone wp-image-160\" src=\"https:\/\/blogi.eoppimispalvelut.fi\/yhdessakasvuun\/files\/2020\/03\/2-300x171.png\" alt=\"\" width=\"124\" height=\"73\" \/><\/a> <a href=\"https:\/\/blogi.eoppimispalvelut.fi\/yhdessakasvuun\/yhdessa-kasvuun-opas\/haltuunottovaihe\/\"><img loading=\"lazy\" decoding=\"async\" class=\"alignnone wp-image-161\" src=\"https:\/\/blogi.eoppimispalvelut.fi\/yhdessakasvuun\/files\/2020\/03\/3-300x171.png\" alt=\"\" width=\"124\" height=\"73\" \/><\/a><\/p>\n<hr \/>\n<p>&nbsp;<\/p>\n","protected":false},"excerpt":{"rendered":"<p>Olemme pikaoppaassamme jaotelleet yritysostoprosessin kolmeen eri vaiheeseen: hankintavaiheeseen, toteutus- ja julkistusvaiheeseen sek\u00e4 haltuunottovaiheeseen. Tarkoituksenamme on jakaa tietoa sek\u00e4 inspiroida laajentamaan liiketoimintaa fuusion avulla. Pikaoppaamme sis\u00e4lt\u00e4\u00e4 vaiheista lyhyet koosteet sek\u00e4 linkkej\u00e4 asiantuntijoiden teksteihin sek\u00e4 videoihin. Inspiroidu sin\u00e4kin sivuillamme ja otamme mielell\u00e4mme &hellip; <a href=\"https:\/\/blogi.eoppimispalvelut.fi\/yhdessakasvuun\/yhdessa-kasvuun-opas\/\">Continue reading <span class=\"meta-nav\">&rarr;<\/span><\/a><\/p>\n","protected":false},"author":4242,"featured_media":0,"parent":0,"menu_order":0,"comment_status":"closed","ping_status":"closed","template":"","meta":{"_monsterinsights_skip_tracking":false,"_monsterinsights_sitenote_active":false,"_monsterinsights_sitenote_note":"","_monsterinsights_sitenote_category":0,"footnotes":""},"class_list":["post-19","page","type-page","status-publish","hentry"],"_links":{"self":[{"href":"https:\/\/blogi.eoppimispalvelut.fi\/yhdessakasvuun\/wp-json\/wp\/v2\/pages\/19","targetHints":{"allow":["GET"]}}],"collection":[{"href":"https:\/\/blogi.eoppimispalvelut.fi\/yhdessakasvuun\/wp-json\/wp\/v2\/pages"}],"about":[{"href":"https:\/\/blogi.eoppimispalvelut.fi\/yhdessakasvuun\/wp-json\/wp\/v2\/types\/page"}],"author":[{"embeddable":true,"href":"https:\/\/blogi.eoppimispalvelut.fi\/yhdessakasvuun\/wp-json\/wp\/v2\/users\/4242"}],"replies":[{"embeddable":true,"href":"https:\/\/blogi.eoppimispalvelut.fi\/yhdessakasvuun\/wp-json\/wp\/v2\/comments?post=19"}],"version-history":[{"count":30,"href":"https:\/\/blogi.eoppimispalvelut.fi\/yhdessakasvuun\/wp-json\/wp\/v2\/pages\/19\/revisions"}],"predecessor-version":[{"id":608,"href":"https:\/\/blogi.eoppimispalvelut.fi\/yhdessakasvuun\/wp-json\/wp\/v2\/pages\/19\/revisions\/608"}],"wp:attachment":[{"href":"https:\/\/blogi.eoppimispalvelut.fi\/yhdessakasvuun\/wp-json\/wp\/v2\/media?parent=19"}],"curies":[{"name":"wp","href":"https:\/\/api.w.org\/{rel}","templated":true}]}}