{"id":2,"date":"2020-02-12T18:28:03","date_gmt":"2020-02-12T16:28:03","guid":{"rendered":"https:\/\/blogi.eoppimispalvelut.fi\/yhdessakasvuun\/?page_id=2"},"modified":"2020-05-04T14:31:19","modified_gmt":"2020-05-04T11:31:19","slug":"esimerkkisivu","status":"publish","type":"page","link":"https:\/\/blogi.eoppimispalvelut.fi\/yhdessakasvuun\/esimerkkisivu\/","title":{"rendered":"Projektin taustaa"},"content":{"rendered":"<p><span data-contrast=\"auto\"><img loading=\"lazy\" decoding=\"async\" class=\" wp-image-67 alignleft\" src=\"https:\/\/blogi.eoppimispalvelut.fi\/yhdessakasvuun\/files\/2020\/02\/lapinamk_rgb_lomakekoko-300x114.jpg\" alt=\"\" width=\"188\" height=\"76\" \/>Lapin ammattikorkeakoulun yksi strategiapainoala vuodelle 2020 on palveluliiketoiminta ja yritt\u00e4jyys. Lapin AMK kiinnitt\u00e4\u00e4kin erityishuomiota yritt\u00e4jyyden sek\u00e4 yritysten kehitt\u00e4miseen ja toimii projektimme toimeksiantajana. <\/span><\/p>\n<p><span data-contrast=\"auto\">Lapin AMK tuottaa my\u00f6s elinkeinoel\u00e4m\u00e4lle kehitysteht\u00e4vi\u00e4, joita toteutetaan oppimis- ja kehitt\u00e4misymp\u00e4rist\u00f6iss\u00e4. K\u00e4yt\u00e4nn\u00f6nl\u00e4heiset oppimisymp\u00e4rist\u00f6t mahdollistavat opiskelijoita tekem\u00e4\u00e4n k\u00e4yt\u00e4nn\u00f6ss\u00e4 projektit\u00f6it\u00e4. <strong>Yhdess\u00e4 kasvuun -projekti sis\u00e4ltyy liiketoiminnan kehitt\u00e4misen opintoihin ja se toteutetaan ajalla 24.1.-7.5.2020. <\/strong><\/span><\/p>\n<p><span data-contrast=\"auto\">Toteutamme\u00a0<\/span><span data-contrast=\"auto\">Yhdess\u00e4 kasvuun -projekti<\/span><span data-contrast=\"auto\">n oppimisprojektina. T<\/span><span data-contrast=\"auto\">austana<\/span><span data-contrast=\"auto\">\u00a0oppimisprojektille annettiin t<\/span><span data-contrast=\"auto\">aloushallinnon alan ketjuuntuminen ja ulkoistaminen<\/span><span data-contrast=\"auto\">\u200b<\/span><span data-contrast=\"auto\">. <strong>Yhdess\u00e4 kasvuun -projekti<\/strong><\/span><strong>\u202fon\u202fsuunnattu\u202ftaloushallinn<\/strong><span data-contrast=\"auto\"><strong>on alan toimijoille sek\u00e4 opiskelijoille.<\/strong> Sen tavoitteena on tiedottaa<\/span><span data-contrast=\"auto\">, ett\u00e4 yrityskaup<\/span><span data-contrast=\"auto\">pa<\/span><span data-contrast=\"auto\">\u00a0voi<\/span><span data-contrast=\"auto\">daan<\/span><span data-contrast=\"auto\"> tehd\u00e4 turvallisesti ja,\u202fett\u00e4\u202friskien v\u00e4hent\u00e4minen yrityskaupoissa mahdollistuu ostajan ammattitaidolla.\u202fYhdess\u00e4 kasvuun -projekti<\/span><span data-contrast=\"auto\">n <strong>tuotoksena<\/strong> syntyy tietopakettina <strong>pikaopas<\/strong><\/span><strong>\u202fyrityskaupan\u202fprosessista<\/strong><span data-contrast=\"auto\">,\u00a0<\/span><span data-contrast=\"auto\">mik\u00e4 on luettavissa projektin blogialustalta. Oppaassa tuodaan\u00a0<\/span><span data-contrast=\"auto\">prosessin\u00a0<\/span><span data-contrast=\"auto\">ydinasiat\u202fesille<\/span><span data-contrast=\"auto\">\u00a0ja luotettavien linkkien avulla voi a<\/span><span data-contrast=\"auto\">iheeseen<\/span><span data-contrast=\"auto\">\u00a0perehty\u00e4\u00a0<\/span><span data-contrast=\"auto\">viel\u00e4\u00a0<\/span><span data-contrast=\"auto\">paremmin<\/span><span data-contrast=\"auto\">.<\/span><span data-contrast=\"auto\">\u00a0<\/span><span data-ccp-props=\"{&quot;134233117&quot;:true,&quot;134233118&quot;:true,&quot;201341983&quot;:0,&quot;335551550&quot;:6,&quot;335551620&quot;:6,&quot;335559740&quot;:240}\">\u00a0<\/span><\/p>\n<p><span data-contrast=\"auto\">Yhdess\u00e4 kasvuun \u2013projektin <strong>blogialustalla voit k\u00e4yd\u00e4 kanssamme keskustelua<\/strong>, p\u00e4\u00e4set tutustumaan projektin tuotoksena syntyneeseen pikaoppaaseen yrityskaupan pr<\/span><span data-contrast=\"auto\">osessista sek\u00e4 voit lukea asiantuntijoiden kokemuksia ett\u00e4 n\u00e4kemyksi\u00e4 aiheesta. <strong>Yhdess\u00e4 kasvuun -projektin l\u00f6yt\u00e4\u00e4 my\u00f6s <a href=\"https:\/\/www.linkedin.com\/groups\/13834168\/\" target=\"_blank\" rel=\"noopener noreferrer\">LinkedInista<\/a>.<\/strong> .\u202f<\/span><span data-ccp-props=\"{&quot;134233117&quot;:true,&quot;134233118&quot;:true,&quot;201341983&quot;:0,&quot;335551550&quot;:6,&quot;335551620&quot;:6,&quot;335559740&quot;:240}\">\u00a0<\/span><\/p>\n<p><span data-ccp-props=\"{&quot;134233117&quot;:true,&quot;134233118&quot;:true,&quot;201341983&quot;:0,&quot;335551550&quot;:6,&quot;335551620&quot;:6,&quot;335559740&quot;:240}\">\u00a0<\/span><span data-contrast=\"auto\">-Yhdess\u00e4 kasvuun -projektitiimi-<\/span><\/p>\n","protected":false},"excerpt":{"rendered":"<p>Lapin ammattikorkeakoulun yksi strategiapainoala vuodelle 2020 on palveluliiketoiminta ja yritt\u00e4jyys. Lapin AMK kiinnitt\u00e4\u00e4kin erityishuomiota yritt\u00e4jyyden sek\u00e4 yritysten kehitt\u00e4miseen ja toimii projektimme toimeksiantajana. Lapin AMK tuottaa my\u00f6s elinkeinoel\u00e4m\u00e4lle kehitysteht\u00e4vi\u00e4, joita toteutetaan oppimis- ja kehitt\u00e4misymp\u00e4rist\u00f6iss\u00e4. K\u00e4yt\u00e4nn\u00f6nl\u00e4heiset oppimisymp\u00e4rist\u00f6t mahdollistavat opiskelijoita tekem\u00e4\u00e4n k\u00e4yt\u00e4nn\u00f6ss\u00e4 projektit\u00f6it\u00e4. &hellip; <a href=\"https:\/\/blogi.eoppimispalvelut.fi\/yhdessakasvuun\/esimerkkisivu\/\">Continue reading <span class=\"meta-nav\">&rarr;<\/span><\/a><\/p>\n","protected":false},"author":4242,"featured_media":0,"parent":0,"menu_order":0,"comment_status":"closed","ping_status":"open","template":"","meta":{"_monsterinsights_skip_tracking":false,"_monsterinsights_sitenote_active":false,"_monsterinsights_sitenote_note":"","_monsterinsights_sitenote_category":0,"footnotes":""},"class_list":["post-2","page","type-page","status-publish","hentry"],"_links":{"self":[{"href":"https:\/\/blogi.eoppimispalvelut.fi\/yhdessakasvuun\/wp-json\/wp\/v2\/pages\/2","targetHints":{"allow":["GET"]}}],"collection":[{"href":"https:\/\/blogi.eoppimispalvelut.fi\/yhdessakasvuun\/wp-json\/wp\/v2\/pages"}],"about":[{"href":"https:\/\/blogi.eoppimispalvelut.fi\/yhdessakasvuun\/wp-json\/wp\/v2\/types\/page"}],"author":[{"embeddable":true,"href":"https:\/\/blogi.eoppimispalvelut.fi\/yhdessakasvuun\/wp-json\/wp\/v2\/users\/4242"}],"replies":[{"embeddable":true,"href":"https:\/\/blogi.eoppimispalvelut.fi\/yhdessakasvuun\/wp-json\/wp\/v2\/comments?post=2"}],"version-history":[{"count":15,"href":"https:\/\/blogi.eoppimispalvelut.fi\/yhdessakasvuun\/wp-json\/wp\/v2\/pages\/2\/revisions"}],"predecessor-version":[{"id":852,"href":"https:\/\/blogi.eoppimispalvelut.fi\/yhdessakasvuun\/wp-json\/wp\/v2\/pages\/2\/revisions\/852"}],"wp:attachment":[{"href":"https:\/\/blogi.eoppimispalvelut.fi\/yhdessakasvuun\/wp-json\/wp\/v2\/media?parent=2"}],"curies":[{"name":"wp","href":"https:\/\/api.w.org\/{rel}","templated":true}]}}