{"id":210,"date":"2020-03-14T13:01:21","date_gmt":"2020-03-14T11:01:21","guid":{"rendered":"https:\/\/blogi.eoppimispalvelut.fi\/yhdessakasvuun\/?page_id=210"},"modified":"2020-03-22T20:16:56","modified_gmt":"2020-03-22T18:16:56","slug":"laadi-haltuunottosuunnitelma-aktiiviseen-vaiheeseen","status":"publish","type":"page","link":"https:\/\/blogi.eoppimispalvelut.fi\/yhdessakasvuun\/laadi-haltuunottosuunnitelma-aktiiviseen-vaiheeseen\/","title":{"rendered":"Laadi haltuunottosuunnitelma aktiiviseen vaiheeseen"},"content":{"rendered":"<h1><strong><span class=\"TextRun SCXW244390371 BCX7\" lang=\"FI-FI\" xml:lang=\"FI-FI\" data-contrast=\"auto\"><span class=\"NormalTextRun SCXW244390371 BCX7\"><span class=\"EOP SCXW179730857 BCX7\" data-ccp-props=\"{&quot;201341983&quot;:0,&quot;335559739&quot;:160,&quot;335559740&quot;:259}\"><img loading=\"lazy\" decoding=\"async\" class=\"size-full wp-image-169 alignleft\" src=\"https:\/\/blogi.eoppimispalvelut.fi\/yhdessakasvuun\/files\/2020\/03\/kuvake1-e1583754866861.png\" alt=\"\" width=\"100\" height=\"101\" \/><\/span><\/span><\/span><\/strong><em><span class=\"EOP SCXW252541113 BCX7\" data-ccp-props=\"{&quot;201341983&quot;:0,&quot;335559739&quot;:160,&quot;335559740&quot;:259}\"><span class=\"TextRun Highlight SCXW249992935 BCX7\" lang=\"FI-FI\" xml:lang=\"FI-FI\" data-contrast=\"auto\"><span class=\"NormalTextRun SCXW249992935 BCX7\">Kunnollisella <\/span><\/span><span class=\"TextRun Highlight SCXW249992935 BCX7\" lang=\"FI-FI\" xml:lang=\"FI-FI\" data-contrast=\"auto\"><span class=\"NormalTextRun SCXW249992935 BCX7\">haltuunottosuunnitelmalla m\u00e4\u00e4rittelet, kuinka prosessia johdetaan. My\u00f6s taloudelliset, toiminnalliset ja aikataululliset tavoitteet, sek\u00e4 toimenpiteet henkil\u00f6st\u00f6\u00f6n, viestint\u00e4\u00e4n, asiakkaisiin, toimintojen yhdist\u00e4miseen ja\u00a0 liiketoiminnan kehitt\u00e4misen tulee suunnitella hyvin.<\/span><\/span><\/span><\/em><\/h1>\n<p>&nbsp;<\/p>\n<p><span data-contrast=\"auto\">Haltuunotto ja liiketoiminnan\u00a0<\/span><span data-contrast=\"auto\">yhteinen jatko<\/span><span data-contrast=\"auto\">kehitt\u00e4minen ratkaisevat yrityskaupan onnistumisen sek\u00e4 asetettujen tavoitteiden saavuttamisen. <\/span><\/p>\n<p><span data-contrast=\"auto\">Haltuunottosuunnitelma<\/span><span data-contrast=\"auto\">a<\/span><span data-contrast=\"auto\">\u00a0tulisi valmistella\u00a0<\/span><span data-contrast=\"auto\">jo\u00a0<\/span><span data-contrast=\"auto\">ennen neuvottelujen alkua,\u00a0<\/span><span data-contrast=\"auto\">ja<\/span><span data-contrast=\"auto\">\u00a0neuvotteluvaiheessa rinnakkain liiketoimintasuunnitelman kanssa sek\u00e4 tehd\u00e4 siihen tarkennuksia kohteeseen tutustumisen j\u00e4lkeen. <\/span><\/p>\n<p><span data-contrast=\"auto\">Haltuunottosuunnitelma tehd\u00e4\u00e4n\u00a0<\/span><span data-contrast=\"auto\">v\u00e4hint\u00e4\u00e4n\u00a0<\/span><span data-contrast=\"auto\">noin 1-3 kuukaudeksi. S<\/span><span data-contrast=\"auto\">e kattaa aktiivisen vaiheen, jonka aikana tehd\u00e4\u00e4n tarkennuksia tulevaan liiketoiminnansuunnitelmaan ja aloitetaan liiketoiminnan kehitt\u00e4minen.<\/span><span data-contrast=\"auto\">\u00a0Varsinainen integraatioprosessi, jossa toiminnot on saatu toimimaan yhdess\u00e4 kest<\/span><span data-contrast=\"auto\">\u00e4\u00e4 helposti jopa vuoden.<\/span><span data-ccp-props=\"{&quot;201341983&quot;:0,&quot;335559739&quot;:160,&quot;335559740&quot;:259}\">\u00a0<\/span><\/p>\n<p><span data-contrast=\"auto\">Haltuunottosuunnitelma<\/span><span data-contrast=\"auto\">\u00a0sis\u00e4lt\u00e4\u00e4\u00a0<\/span><span data-contrast=\"auto\">tarkat tiedot siit\u00e4,\u00a0<\/span><span data-contrast=\"auto\">kuinka prosessia johdetaan,\u00a0<\/span><span data-contrast=\"auto\">projektin<\/span><span data-contrast=\"auto\">\u00a0taloudelliset, toiminnalliset sek\u00e4 aikataululliset tavoitteet,\u00a0<\/span><span data-contrast=\"auto\">mahdolliset<\/span><span data-contrast=\"auto\">\u00a0henkil\u00f6st\u00f6\u00f6n<\/span><span data-contrast=\"auto\">\u00a0kohdistuvat vaikutukset,<\/span><span data-contrast=\"auto\">\u00a0<\/span><span data-contrast=\"auto\">projektivaiheen organisaation m\u00e4\u00e4rittelyn,\u00a0<\/span><span data-contrast=\"auto\">suunnitelman\u00a0<\/span><span data-contrast=\"auto\">ulkoisesta ja sis\u00e4isest\u00e4\u00a0<\/span><span data-contrast=\"auto\">viestin<\/span><span data-contrast=\"auto\">n\u00e4st\u00e4<\/span><span data-contrast=\"auto\">,\u00a0<\/span><span data-contrast=\"auto\">suunnitelman\u00a0<\/span><span data-contrast=\"auto\">asiak<\/span><span data-contrast=\"auto\">as<\/span><span data-contrast=\"auto\">\u00a0ja sidosryhm\u00e4yhteis<\/span><span data-contrast=\"auto\">ty\u00f6st\u00e4<\/span><span data-contrast=\"auto\">. Lis\u00e4ksi se voi jo sis\u00e4lt\u00e4\u00e4<\/span><span data-contrast=\"auto\">\u00a0<\/span><span data-contrast=\"auto\">mahdollisen\u00a0<\/span><span data-contrast=\"auto\">toimintojen yhdist\u00e4mis<\/span><span data-contrast=\"auto\">tarpeen m\u00e4\u00e4rittelyn<\/span><span data-contrast=\"auto\">\u00a0ja l<\/span><span data-contrast=\"auto\">iiketoiminnan kehitt\u00e4mi<\/span><span data-contrast=\"auto\">svision<\/span><span data-contrast=\"auto\">\u00a0haltuunot<\/span><span data-contrast=\"auto\">tovaiheen\u00a0<\/span><span data-contrast=\"auto\">j\u00e4lk<\/span><span data-contrast=\"auto\">eiselle ajalle<\/span><span data-ccp-props=\"{&quot;201341983&quot;:0,&quot;335559739&quot;:160,&quot;335559740&quot;:259}\">.<\/span><\/p>\n<p>Aiheesta lis\u00e4\u00e4:<\/p>\n<p><a href=\"https:\/\/www.theseus.fi\/bitstream\/handle\/10024\/127902\/OPINNAYTETYO%20JULIA%20REKINEN.pdf?sequence=1&amp;isAllowed=y\" target=\"_blank\" rel=\"noopener noreferrer\">Haltuunottosuunnitelma Innokas Medical Oy ja Serres Group Oy<\/a>, Julia Rekinen,Liiketalous Opinn\u00e4ytety\u00f6 Metropolia Ammattikorkeakoulu<\/p>\n<p><a href=\"https:\/\/storage.googleapis.com\/seamk-production\/2017\/06\/yrityksen-haltuunottosuunnitelma-tyokalu.pptx\">Haltuunottosuunnitelman laatiminen yritysostoihin<\/a>, Erkki Pet\u00e4j\u00e4, Juha Tall<\/p>\n<p><a href=\"https:\/\/blogi.eoppimispalvelut.fi\/yhdessakasvuun\/yhdessa-kasvuun-opas\/haltuunottovaihe\/\"><img loading=\"lazy\" decoding=\"async\" class=\"wp-image-540 aligncenter\" src=\"https:\/\/blogi.eoppimispalvelut.fi\/yhdessakasvuun\/files\/2020\/03\/Takaisin-painike-300x171.png\" alt=\"\" width=\"70\" height=\"44\" \/><\/a><\/p>\n<hr \/>\n<p style=\"text-align: center\"><a href=\"https:\/\/blogi.eoppimispalvelut.fi\/yhdessakasvuun\/yhdessa-kasvuun-opas\/hankintavaihe\/\"><img loading=\"lazy\" decoding=\"async\" class=\"alignnone wp-image-159\" src=\"https:\/\/blogi.eoppimispalvelut.fi\/yhdessakasvuun\/files\/2020\/03\/1-300x171.png\" alt=\"\" width=\"124\" height=\"73\" \/><\/a>\u00a0 <a href=\"https:\/\/blogi.eoppimispalvelut.fi\/yhdessakasvuun\/yhdessa-kasvuun-opas\/toteutus-ja-julkistusvaihe\/\"><img loading=\"lazy\" decoding=\"async\" class=\"alignnone wp-image-160\" src=\"https:\/\/blogi.eoppimispalvelut.fi\/yhdessakasvuun\/files\/2020\/03\/2-300x171.png\" alt=\"\" width=\"124\" height=\"73\" \/><\/a> <a href=\"https:\/\/blogi.eoppimispalvelut.fi\/yhdessakasvuun\/yhdessa-kasvuun-opas\/haltuunottovaihe\/\"><img loading=\"lazy\" decoding=\"async\" class=\"alignnone wp-image-161\" src=\"https:\/\/blogi.eoppimispalvelut.fi\/yhdessakasvuun\/files\/2020\/03\/3-300x171.png\" alt=\"\" width=\"124\" height=\"73\" \/><\/a><\/p>\n<hr \/>\n<p>&nbsp;<\/p>\n<p>&nbsp;<\/p>\n","protected":false},"excerpt":{"rendered":"<p>Kunnollisella haltuunottosuunnitelmalla m\u00e4\u00e4rittelet, kuinka prosessia johdetaan. My\u00f6s taloudelliset, toiminnalliset ja aikataululliset tavoitteet, sek\u00e4 toimenpiteet henkil\u00f6st\u00f6\u00f6n, viestint\u00e4\u00e4n, asiakkaisiin, toimintojen yhdist\u00e4miseen ja\u00a0 liiketoiminnan kehitt\u00e4misen tulee suunnitella hyvin. &nbsp; Haltuunotto ja liiketoiminnan\u00a0yhteinen jatkokehitt\u00e4minen ratkaisevat yrityskaupan onnistumisen sek\u00e4 asetettujen tavoitteiden saavuttamisen. Haltuunottosuunnitelmaa\u00a0tulisi valmistella\u00a0jo\u00a0ennen neuvottelujen &hellip; <a href=\"https:\/\/blogi.eoppimispalvelut.fi\/yhdessakasvuun\/laadi-haltuunottosuunnitelma-aktiiviseen-vaiheeseen\/\">Continue reading <span class=\"meta-nav\">&rarr;<\/span><\/a><\/p>\n","protected":false},"author":4242,"featured_media":0,"parent":0,"menu_order":0,"comment_status":"closed","ping_status":"closed","template":"","meta":{"_monsterinsights_skip_tracking":false,"_monsterinsights_sitenote_active":false,"_monsterinsights_sitenote_note":"","_monsterinsights_sitenote_category":0,"footnotes":""},"class_list":["post-210","page","type-page","status-publish","hentry"],"_links":{"self":[{"href":"https:\/\/blogi.eoppimispalvelut.fi\/yhdessakasvuun\/wp-json\/wp\/v2\/pages\/210","targetHints":{"allow":["GET"]}}],"collection":[{"href":"https:\/\/blogi.eoppimispalvelut.fi\/yhdessakasvuun\/wp-json\/wp\/v2\/pages"}],"about":[{"href":"https:\/\/blogi.eoppimispalvelut.fi\/yhdessakasvuun\/wp-json\/wp\/v2\/types\/page"}],"author":[{"embeddable":true,"href":"https:\/\/blogi.eoppimispalvelut.fi\/yhdessakasvuun\/wp-json\/wp\/v2\/users\/4242"}],"replies":[{"embeddable":true,"href":"https:\/\/blogi.eoppimispalvelut.fi\/yhdessakasvuun\/wp-json\/wp\/v2\/comments?post=210"}],"version-history":[{"count":16,"href":"https:\/\/blogi.eoppimispalvelut.fi\/yhdessakasvuun\/wp-json\/wp\/v2\/pages\/210\/revisions"}],"predecessor-version":[{"id":550,"href":"https:\/\/blogi.eoppimispalvelut.fi\/yhdessakasvuun\/wp-json\/wp\/v2\/pages\/210\/revisions\/550"}],"wp:attachment":[{"href":"https:\/\/blogi.eoppimispalvelut.fi\/yhdessakasvuun\/wp-json\/wp\/v2\/media?parent=210"}],"curies":[{"name":"wp","href":"https:\/\/api.w.org\/{rel}","templated":true}]}}