{"id":212,"date":"2020-03-14T13:01:05","date_gmt":"2020-03-14T11:01:05","guid":{"rendered":"https:\/\/blogi.eoppimispalvelut.fi\/yhdessakasvuun\/?page_id=212"},"modified":"2020-03-22T20:13:55","modified_gmt":"2020-03-22T18:13:55","slug":"jarjestelmaintegraatiot","status":"publish","type":"page","link":"https:\/\/blogi.eoppimispalvelut.fi\/yhdessakasvuun\/jarjestelmaintegraatiot\/","title":{"rendered":"J\u00e4rjestelm\u00e4integraatiot"},"content":{"rendered":"<p><em><span class=\"TextRun Highlight SCXW209807856 BCX7\" lang=\"FI-FI\" data-contrast=\"auto\"><span class=\"NormalTextRun SCXW209807856 BCX7\"><img loading=\"lazy\" decoding=\"async\" class=\"size-full wp-image-172 alignleft\" src=\"https:\/\/blogi.eoppimispalvelut.fi\/yhdessakasvuun\/files\/2020\/03\/kuvake4-e1583755421347.png\" alt=\"\" width=\"100\" height=\"100\" \/>Tutustu ostettavan yrityksen j\u00e4rjestelmiin ja selvit\u00e4 millaisia olemassa olevia integraatioita ohjelmiin on valmiina. Aloita integraation tekeminen ja varaa riitt\u00e4v\u00e4sti aikaa ja resursseja sen toteuttamiseen.<\/span><\/span><span class=\"EOP SCXW209807856 BCX7\" data-ccp-props=\"{&quot;201341983&quot;:0,&quot;335559739&quot;:160,&quot;335559740&quot;:259}\">\u00a0<\/span><\/em><\/p>\n<p>&nbsp;<\/p>\n<p><span data-contrast=\"auto\">Onnistuneessa yrityskaupassa\u00a0<\/span><span data-contrast=\"auto\">ICT-j\u00e4rjestelmien ja\u00a0<\/span><span data-contrast=\"auto\">ohjelmien integraatio on hyvin suunniteltu ja siihen on varattu riitt\u00e4v\u00e4sti resursseja.\u00a0<\/span><span data-contrast=\"auto\">Varsinkin tilitoimistotoimialalla t\u00e4ytyy huolehtia siit\u00e4, ett\u00e4 asiakastiedot ja kirjanpitoaineisto siirtyv\u00e4t ehe\u00e4n\u00e4 ja katkeamattomana vanhasta j\u00e4rjestelm\u00e4st\u00e4 uuteen. Huomioi, ett\u00e4 esimerkiksi ostettavan yritykse<\/span><span data-contrast=\"auto\">n<\/span><span data-contrast=\"auto\">\u00a0asiakastietoa voi olla my\u00f6s\u00a0<\/span><span data-contrast=\"auto\">muussa kuin s\u00e4hk\u00f6isess\u00e4 muodossa. Jos itsell\u00e4 ei ole osaamista ICT-j\u00e4rjestelmiin, on suositeltavaa k\u00e4ytt\u00e4\u00e4 asiantuntija-apua.<\/span><span data-ccp-props=\"{&quot;201341983&quot;:0,&quot;335559739&quot;:160,&quot;335559740&quot;:259}\">\u00a0<\/span><\/p>\n<p><span data-contrast=\"auto\">Integraation tekeminen vaatii paljon venymist\u00e4 ostettavan yrityksen sek\u00e4 ostav<\/span><span data-contrast=\"auto\">an yrityksen henkil\u00f6kunnalta, koska It-integraatiossa on onnistuttava v\u00e4hint\u00e4\u00e4n nelj\u00e4ll\u00e4 t\u00e4rke\u00e4ll\u00e4 osa-alueella: k\u00e4ytt\u00e4j\u00e4tyytyv\u00e4isyydess\u00e4, integraation johtamisessa, resurssien tehokkaassa k\u00e4yt\u00f6ss\u00e4 ja tietoj\u00e4rjestelmien kyvyss\u00e4 tukea yrityskaupan strategisia tavoitteita<\/span><\/p>\n<p>L\u00e4hteen\u00e4 k\u00e4ytetty: Turun Sanomat: <a href=\"https:\/\/www.ts.fi\/uutiset\/talous\/1074271072\/Tietojarjestelmien+yhdistaminen+on+usein+fuusioiden+vaikein+osa\" target=\"_blank\" rel=\"noopener noreferrer\">Tietoj\u00e4rjestelmien yhdist\u00e4minen<\/a><br \/>\n<a href=\"https:\/\/www.ts.fi\/uutiset\/talous\/1074271072\/Tietojarjestelmien+yhdistaminen+on+usein+fuusioiden+vaikein+osa\">on usein fuusioiden vaikein osa,<\/a> Turun Sanomat verkkopalvelu 28.3.2008<\/p>\n<p>Aiheesta lis\u00e4\u00e4: <a href=\"https:\/\/www.utupub.fi\/bitstream\/handle\/10024\/99357\/Ae1_2008%20pdf.pdf?sequence=2&amp;isAllowed=y\" target=\"_blank\" rel=\"noopener noreferrer\">&#8220;This has been quite some chaos.&#8221; : integrating information systems after a merger &#8211; a case study<\/a>, Alaranta, Maria, V\u00e4it\u00f6skirja 2008, Turun yliopisto<\/p>\n<p><a href=\"https:\/\/www.theseus.fi\/bitstream\/handle\/10024\/131773\/Hernberg_Ilja.pdf?sequence=1&amp;isAllowed=y\" target=\"_blank\" rel=\"noopener noreferrer\">Tietoj\u00e4rjestelmien integroinnin yhten\u00e4ist\u00e4minen ja tehostaminen yritysfuusiossa\u00a0<\/a><br \/>\nHernberg, Ilja,\u00a0\u00a0Opinn\u00e4ytety\u00f6\u00a02017, Laurea-ammattikorkeakoulu<\/p>\n<p><a href=\"https:\/\/blogi.eoppimispalvelut.fi\/yhdessakasvuun\/yhdessa-kasvuun-opas\/haltuunottovaihe\/\"><img loading=\"lazy\" decoding=\"async\" class=\"wp-image-540 aligncenter\" src=\"https:\/\/blogi.eoppimispalvelut.fi\/yhdessakasvuun\/files\/2020\/03\/Takaisin-painike-300x171.png\" alt=\"\" width=\"70\" height=\"44\" \/><\/a><\/p>\n<hr \/>\n<p style=\"text-align: center\"><a href=\"https:\/\/blogi.eoppimispalvelut.fi\/yhdessakasvuun\/yhdessa-kasvuun-opas\/hankintavaihe\/\"><img loading=\"lazy\" decoding=\"async\" class=\"alignnone wp-image-159\" src=\"https:\/\/blogi.eoppimispalvelut.fi\/yhdessakasvuun\/files\/2020\/03\/1-300x171.png\" alt=\"\" width=\"124\" height=\"73\" \/><\/a>\u00a0 <a href=\"https:\/\/blogi.eoppimispalvelut.fi\/yhdessakasvuun\/yhdessa-kasvuun-opas\/toteutus-ja-julkistusvaihe\/\"><img loading=\"lazy\" decoding=\"async\" class=\"alignnone wp-image-160\" src=\"https:\/\/blogi.eoppimispalvelut.fi\/yhdessakasvuun\/files\/2020\/03\/2-300x171.png\" alt=\"\" width=\"124\" height=\"73\" \/><\/a> <a href=\"https:\/\/blogi.eoppimispalvelut.fi\/yhdessakasvuun\/yhdessa-kasvuun-opas\/haltuunottovaihe\/\"><img loading=\"lazy\" decoding=\"async\" class=\"alignnone wp-image-161\" src=\"https:\/\/blogi.eoppimispalvelut.fi\/yhdessakasvuun\/files\/2020\/03\/3-300x171.png\" alt=\"\" width=\"124\" height=\"73\" \/><\/a><\/p>\n<hr \/>\n<p>&nbsp;<\/p>\n<p>&nbsp;<\/p>\n","protected":false},"excerpt":{"rendered":"<p>Tutustu ostettavan yrityksen j\u00e4rjestelmiin ja selvit\u00e4 millaisia olemassa olevia integraatioita ohjelmiin on valmiina. Aloita integraation tekeminen ja varaa riitt\u00e4v\u00e4sti aikaa ja resursseja sen toteuttamiseen.\u00a0 &nbsp; Onnistuneessa yrityskaupassa\u00a0ICT-j\u00e4rjestelmien ja\u00a0ohjelmien integraatio on hyvin suunniteltu ja siihen on varattu riitt\u00e4v\u00e4sti resursseja.\u00a0Varsinkin tilitoimistotoimialalla t\u00e4ytyy &hellip; <a href=\"https:\/\/blogi.eoppimispalvelut.fi\/yhdessakasvuun\/jarjestelmaintegraatiot\/\">Continue reading <span class=\"meta-nav\">&rarr;<\/span><\/a><\/p>\n","protected":false},"author":4242,"featured_media":0,"parent":0,"menu_order":0,"comment_status":"closed","ping_status":"closed","template":"","meta":{"_monsterinsights_skip_tracking":false,"_monsterinsights_sitenote_active":false,"_monsterinsights_sitenote_note":"","_monsterinsights_sitenote_category":0,"footnotes":""},"class_list":["post-212","page","type-page","status-publish","hentry"],"_links":{"self":[{"href":"https:\/\/blogi.eoppimispalvelut.fi\/yhdessakasvuun\/wp-json\/wp\/v2\/pages\/212","targetHints":{"allow":["GET"]}}],"collection":[{"href":"https:\/\/blogi.eoppimispalvelut.fi\/yhdessakasvuun\/wp-json\/wp\/v2\/pages"}],"about":[{"href":"https:\/\/blogi.eoppimispalvelut.fi\/yhdessakasvuun\/wp-json\/wp\/v2\/types\/page"}],"author":[{"embeddable":true,"href":"https:\/\/blogi.eoppimispalvelut.fi\/yhdessakasvuun\/wp-json\/wp\/v2\/users\/4242"}],"replies":[{"embeddable":true,"href":"https:\/\/blogi.eoppimispalvelut.fi\/yhdessakasvuun\/wp-json\/wp\/v2\/comments?post=212"}],"version-history":[{"count":11,"href":"https:\/\/blogi.eoppimispalvelut.fi\/yhdessakasvuun\/wp-json\/wp\/v2\/pages\/212\/revisions"}],"predecessor-version":[{"id":549,"href":"https:\/\/blogi.eoppimispalvelut.fi\/yhdessakasvuun\/wp-json\/wp\/v2\/pages\/212\/revisions\/549"}],"wp:attachment":[{"href":"https:\/\/blogi.eoppimispalvelut.fi\/yhdessakasvuun\/wp-json\/wp\/v2\/media?parent=212"}],"curies":[{"name":"wp","href":"https:\/\/api.w.org\/{rel}","templated":true}]}}