{"id":214,"date":"2020-03-14T12:59:35","date_gmt":"2020-03-14T10:59:35","guid":{"rendered":"https:\/\/blogi.eoppimispalvelut.fi\/yhdessakasvuun\/?page_id=214"},"modified":"2020-03-22T20:12:13","modified_gmt":"2020-03-22T18:12:13","slug":"henkilosto-ja-yhteisen-toimintakulttuurin-rakentaminen","status":"publish","type":"page","link":"https:\/\/blogi.eoppimispalvelut.fi\/yhdessakasvuun\/henkilosto-ja-yhteisen-toimintakulttuurin-rakentaminen\/","title":{"rendered":"Henkil\u00f6st\u00f6 ja yhteisen toimintakulttuurin rakentaminen"},"content":{"rendered":"<p><em><span class=\"TextRun Highlight SCXW232801387 BCX7\" lang=\"FI-FI\" xml:lang=\"FI-FI\" data-contrast=\"auto\"><span class=\"NormalTextRun SCXW232801387 BCX7\"><img loading=\"lazy\" decoding=\"async\" class=\"size-full wp-image-173 alignleft\" src=\"https:\/\/blogi.eoppimispalvelut.fi\/yhdessakasvuun\/files\/2020\/03\/kuvake5-e1583766011396.png\" alt=\"\" width=\"100\" height=\"101\" \/><\/span><\/span><\/em><\/p>\n<p><strong><em><span class=\"TextRun Highlight SCXW232801387 BCX7\" lang=\"FI-FI\" xml:lang=\"FI-FI\" data-contrast=\"auto\"><span class=\"NormalTextRun SCXW232801387 BCX7\">Varaa resursseja ja hyv\u00e4ksy se tosiasia ett\u00e4 yhten\u00e4isen toimintakulttuuriin rakentamiseen kuluu paljon aikaa<\/span><\/span><span class=\"TextRun SCXW232801387 BCX7\" lang=\"FI-FI\" xml:lang=\"FI-FI\" data-contrast=\"auto\"><span class=\"NormalTextRun SCXW232801387 BCX7\">.<\/span><\/span><\/em><span class=\"EOP SCXW232801387 BCX7\" data-ccp-props=\"{&quot;201341983&quot;:0,&quot;335559739&quot;:160,&quot;335559740&quot;:259}\">\u00a0<\/span><\/strong><\/p>\n<p>&nbsp;<\/p>\n<p>&nbsp;<\/p>\n<p><span data-contrast=\"auto\">Yrityskaupassa kahden eri yrityksen kulttuurit voivat olla hyvin erilaisia ja ne eiv\u00e4t aina automaattise<\/span><span data-contrast=\"auto\">sti toimi heti sulavasti. Muutostilanteessa on eritt\u00e4in t\u00e4rke\u00e4\u00e4, ett\u00e4 esimies paneutuu huolellisesti yhten\u00e4isen yrityskulttuurin toteutumiseen. On t\u00e4rke\u00e4\u00e4, ett\u00e4 yrityskaupan alusta asti vallitsee me-henki ja kaikki ty\u00f6ntekij\u00e4t kokevat kuuluvansa \u201dsaman katon alle\u201d.<\/span><span data-contrast=\"auto\">\u00a0<\/span><span data-ccp-props=\"{&quot;201341983&quot;:0,&quot;335559739&quot;:160,&quot;335559740&quot;:259}\">\u00a0<\/span><\/p>\n<p><span data-contrast=\"auto\">Ty\u00f6yhteis\u00f6\u00f6n pyrit\u00e4\u00e4n rakentamaan heti alusta alkaen avoimuuteen ja luottamukseen perustuva ty\u00f6ilmapiiri. Ty\u00f6ntekij\u00f6iden tarpeita kuunnellaan ja niihin reagoidaan. Viikkopalaverissa k\u00e4yd\u00e4\u00e4n l\u00e4pi yhdistymisess\u00e4 esiintyvi\u00e4 ongelmakohtia, joita ty\u00f6ntekij\u00e4t ovat tuoneet esille. Ty\u00f6ntekij\u00f6it\u00e4 kannustetaan kirjaamaan ep\u00e4kohtia yl\u00f6s ja viestim\u00e4\u00e4n ne esimiehille.<\/span><span data-ccp-props=\"{&quot;201341983&quot;:0,&quot;335559739&quot;:160,&quot;335559740&quot;:259}\">\u00a0<\/span><\/p>\n<p><span data-contrast=\"auto\"><strong>Avainhenkil\u00f6iden sitouttamien<\/strong><\/span><\/p>\n<p><em>Johda oikein ja sitouta henkil\u00f6kunta jatkamaan yrityksess\u00e4 my\u00f6s yrityskaupan j\u00e4lkeen.\u00a0<\/em><\/p>\n<p><span data-contrast=\"auto\">Pid\u00e4 itse ja huolehdi ett\u00e4 muut esimiesasemassa toimivat pit\u00e4v\u00e4t yll\u00e4 positiivista ja ratkaisukeskeist\u00e4 ilmapiiri\u00e4 ty\u00f6yhteis\u00f6ss\u00e4. <\/span><\/p>\n<p><span data-contrast=\"auto\">Ty\u00f6ntekij\u00e4t ovat erilaisia kesken\u00e4\u00e4n, joten tutustu heihin huolellisesti. Ole kiinnostunut ty\u00f6ntekij\u00f6ist\u00e4 ja anna heille aikaa tutustua my\u00f6s sinuun. Ota selv\u00e4\u00e4, mist\u00e4 asioista ty\u00f6ntekij\u00e4t ovat kiinnostuneita ja miten heid\u00e4t saa motivoitua yrityskauppaan. Ole avoin ja pyri aitoon vuorovaikutukseen ty\u00f6ntekij\u00f6iden kanssa. <\/span><\/p>\n<p><span data-contrast=\"auto\">Pid\u00e4 viestint\u00e4 selke\u00e4n\u00e4 ja johdonmukaisena. Sitoutunut ja motivoitunut henkil\u00f6kunta on yksi t\u00e4rkeimmist\u00e4 asioista onnistuneessa yrityskaupassa.<\/span><span data-ccp-props=\"{&quot;201341983&quot;:0,&quot;335559739&quot;:160,&quot;335559740&quot;:259}\">\u00a0<\/span><\/p>\n<p><strong><span data-contrast=\"auto\">Henkil\u00f6st\u00f6<\/span>n\u00a0koulutukset<span data-contrast=\"auto\">\u00a0<\/span><\/strong><\/p>\n<p><em>J\u00e4rjest\u00e4 henkil\u00f6kunnalle tarpeeksi koulutusta uusien toimintatapojen ja yrityskulttuurin opetteluun.\u00a0<\/em><\/p>\n<p><span data-contrast=\"auto\">Erilaisia koulutuksia tarvitaan todenn\u00e4k\u00f6isesti hyvin paljon. Henkil\u00f6kuntaa koulutetaan ostavan yrityksen tavoille ja kulttuuriin. Henkil\u00f6kunnan t\u00e4ytyy opetella esimerkiksi HR-j\u00e4rjestelm\u00e4, ty\u00f6ehtosopimus, talon henkil\u00f6st\u00f6edut sek\u00e4 kaikki muut sis\u00e4iset toimintatavat. <\/span><\/p>\n<p><span data-contrast=\"auto\">Muutoksessa henkil\u00f6kunta saattaa olla v\u00e4h\u00e4n stressitilassa ja osaa opituista asioista joutuu todenn\u00e4k\u00f6isesti kertaamaan useaan kertaan. Uudet kirjanpito- ja palkanlaskentaohjelmat vaativat my\u00f6s omat koulutuksensa.<\/span><span data-ccp-props=\"{&quot;201341983&quot;:0,&quot;335559739&quot;:160,&quot;335559740&quot;:259}\">\u00a0<\/span><\/p>\n<p>Aiheesta lis\u00e4\u00e4:<\/p>\n<p><a href=\"https:\/\/blogi.eoppimispalvelut.fi\/yhdessakasvuun\/2020\/03\/10\/sitouta-henkilosto-mukaan-yrityskauppaan\/\" target=\"_blank\" rel=\"noopener noreferrer\">Sitouta henkil\u00f6st\u00f6 mukaan yrityskauppaan<\/a><\/p>\n<p><a href=\"https:\/\/blogi.eoppimispalvelut.fi\/yhdessakasvuun\/2020\/03\/12\/henkiloston-sitouttaminen-on-yrityskaupan-onnistumisen-kannalta-tarkeaa\/#more-188\" target=\"_blank\" rel=\"noopener noreferrer\">Henkil\u00f6st\u00f6n sitouttaminen on yrityskaupan onnistumisen kannalta t\u00e4rke\u00e4\u00e4!<\/a><\/p>\n<p>Johtajan roolit yritysoston j\u00e4lkeisess\u00e4 yhteensulauttamisprosessissa \u2013 Pro gradu -tutkielma Salme Kokko, Tampereen yliopisto<\/p>\n<p><a href=\"https:\/\/blog.kauppalehti.fi\/vieraskyna\/nelja-teesia-muutosjohtajalle\">Nelj\u00e4 teesi\u00e4 muutosjohtajalle<\/a><\/p>\n<p><iframe loading=\"lazy\" title=\"Nelj\u00e4 yrityskauppa-vinkki\u00e4: n\u00e4in saat ty\u00f6ntekij\u00e4t pysym\u00e4\u00e4n muutoksessa mukana\" width=\"584\" height=\"329\" src=\"https:\/\/www.youtube.com\/embed\/1KzKwhCM-V0?feature=oembed\" frameborder=\"0\" allow=\"accelerometer; autoplay; clipboard-write; encrypted-media; gyroscope; picture-in-picture; web-share\" referrerpolicy=\"strict-origin-when-cross-origin\" allowfullscreen><\/iframe><\/p>\n<p><a href=\"https:\/\/blogi.eoppimispalvelut.fi\/yhdessakasvuun\/yhdessa-kasvuun-opas\/haltuunottovaihe\/\"><img loading=\"lazy\" decoding=\"async\" class=\"wp-image-540 aligncenter\" src=\"https:\/\/blogi.eoppimispalvelut.fi\/yhdessakasvuun\/files\/2020\/03\/Takaisin-painike-300x171.png\" alt=\"\" width=\"70\" height=\"44\" \/><\/a><\/p>\n<hr \/>\n<p style=\"text-align: center\"><a href=\"https:\/\/blogi.eoppimispalvelut.fi\/yhdessakasvuun\/yhdessa-kasvuun-opas\/hankintavaihe\/\"><img loading=\"lazy\" decoding=\"async\" class=\"alignnone wp-image-159\" src=\"https:\/\/blogi.eoppimispalvelut.fi\/yhdessakasvuun\/files\/2020\/03\/1-300x171.png\" alt=\"\" width=\"124\" height=\"73\" \/><\/a>\u00a0 <a href=\"https:\/\/blogi.eoppimispalvelut.fi\/yhdessakasvuun\/yhdessa-kasvuun-opas\/toteutus-ja-julkistusvaihe\/\"><img loading=\"lazy\" decoding=\"async\" class=\"alignnone wp-image-160\" src=\"https:\/\/blogi.eoppimispalvelut.fi\/yhdessakasvuun\/files\/2020\/03\/2-300x171.png\" alt=\"\" width=\"124\" height=\"73\" \/><\/a> <a href=\"https:\/\/blogi.eoppimispalvelut.fi\/yhdessakasvuun\/yhdessa-kasvuun-opas\/haltuunottovaihe\/\"><img loading=\"lazy\" decoding=\"async\" class=\"alignnone wp-image-161\" src=\"https:\/\/blogi.eoppimispalvelut.fi\/yhdessakasvuun\/files\/2020\/03\/3-300x171.png\" alt=\"\" width=\"124\" height=\"73\" \/><\/a><\/p>\n<hr \/>\n<p>&nbsp;<\/p>\n<p>&nbsp;<\/p>\n","protected":false},"excerpt":{"rendered":"<p>Varaa resursseja ja hyv\u00e4ksy se tosiasia ett\u00e4 yhten\u00e4isen toimintakulttuuriin rakentamiseen kuluu paljon aikaa.\u00a0 &nbsp; &nbsp; Yrityskaupassa kahden eri yrityksen kulttuurit voivat olla hyvin erilaisia ja ne eiv\u00e4t aina automaattisesti toimi heti sulavasti. Muutostilanteessa on eritt\u00e4in t\u00e4rke\u00e4\u00e4, ett\u00e4 esimies paneutuu huolellisesti &hellip; <a href=\"https:\/\/blogi.eoppimispalvelut.fi\/yhdessakasvuun\/henkilosto-ja-yhteisen-toimintakulttuurin-rakentaminen\/\">Continue reading <span class=\"meta-nav\">&rarr;<\/span><\/a><\/p>\n","protected":false},"author":4242,"featured_media":0,"parent":0,"menu_order":0,"comment_status":"closed","ping_status":"closed","template":"","meta":{"_monsterinsights_skip_tracking":false,"_monsterinsights_sitenote_active":false,"_monsterinsights_sitenote_note":"","_monsterinsights_sitenote_category":0,"footnotes":""},"class_list":["post-214","page","type-page","status-publish","hentry"],"_links":{"self":[{"href":"https:\/\/blogi.eoppimispalvelut.fi\/yhdessakasvuun\/wp-json\/wp\/v2\/pages\/214","targetHints":{"allow":["GET"]}}],"collection":[{"href":"https:\/\/blogi.eoppimispalvelut.fi\/yhdessakasvuun\/wp-json\/wp\/v2\/pages"}],"about":[{"href":"https:\/\/blogi.eoppimispalvelut.fi\/yhdessakasvuun\/wp-json\/wp\/v2\/types\/page"}],"author":[{"embeddable":true,"href":"https:\/\/blogi.eoppimispalvelut.fi\/yhdessakasvuun\/wp-json\/wp\/v2\/users\/4242"}],"replies":[{"embeddable":true,"href":"https:\/\/blogi.eoppimispalvelut.fi\/yhdessakasvuun\/wp-json\/wp\/v2\/comments?post=214"}],"version-history":[{"count":18,"href":"https:\/\/blogi.eoppimispalvelut.fi\/yhdessakasvuun\/wp-json\/wp\/v2\/pages\/214\/revisions"}],"predecessor-version":[{"id":548,"href":"https:\/\/blogi.eoppimispalvelut.fi\/yhdessakasvuun\/wp-json\/wp\/v2\/pages\/214\/revisions\/548"}],"wp:attachment":[{"href":"https:\/\/blogi.eoppimispalvelut.fi\/yhdessakasvuun\/wp-json\/wp\/v2\/media?parent=214"}],"curies":[{"name":"wp","href":"https:\/\/api.w.org\/{rel}","templated":true}]}}