{"id":216,"date":"2020-03-14T13:01:39","date_gmt":"2020-03-14T11:01:39","guid":{"rendered":"https:\/\/blogi.eoppimispalvelut.fi\/yhdessakasvuun\/?page_id=216"},"modified":"2020-03-22T20:05:32","modified_gmt":"2020-03-22T18:05:32","slug":"muista-kaytannon-toimenpiteet-mukana-tulleiden-sopimusten-osalta","status":"publish","type":"page","link":"https:\/\/blogi.eoppimispalvelut.fi\/yhdessakasvuun\/muista-kaytannon-toimenpiteet-mukana-tulleiden-sopimusten-osalta\/","title":{"rendered":"Muista k\u00e4yt\u00e4nn\u00f6n toimenpiteet mukana tulleiden sopimusten osalta"},"content":{"rendered":"<p><em><img loading=\"lazy\" decoding=\"async\" class=\"size-full wp-image-171 alignleft\" src=\"https:\/\/blogi.eoppimispalvelut.fi\/yhdessakasvuun\/files\/2020\/03\/kuvake3-e1583755315637.png\" alt=\"\" width=\"100\" height=\"101\" \/><strong>Huolehdi siit\u00e4, ett\u00e4 hoidat\u00a0yrityskaupan mukana tulleita\u00a0sopimuksia ja\u00a0velvoitteita\u00a0hoidetaan\u00a0asianmukaisesti.\u00a0<\/strong><\/em><\/p>\n<p>&nbsp;<\/p>\n<p>&nbsp;<\/p>\n<p>Usein kaupan yhteydess\u00e4 tulee mukana ik\u00e4\u00e4n kuin kaupanp\u00e4\u00e4llisin\u00e4 koko joukko sitovia sopimuksia tai muita velvoitteita. Ne voivat olla esimerkiksi erityisi\u00e4 ty\u00f6sopimuksia tai niiden liitteit\u00e4, paikallisia kollektiivisia henkil\u00f6st\u00f6sopimuksia, alihankintasopimuksia, toimitussopimuksia, lisenssisopimuksia, kaupallisia yhteisty\u00f6sopimuksia ja sponsorointi tai yhteistoimintasopimuksia erilaisten yhteis\u00f6jen kanssa. Vaikka kaikki eiv\u00e4t olisikaan jatkossa tarpeellisia huomioi kaikki, k\u00e4y mahdolliset jatko- muutosneuvottelut ja irtisano tarpeettomat asiallisesti ja sopimusehtoja sek\u00e4 irtisanomisaikoja noudattaen.<\/p>\n<p>Aiheesta lis\u00e4\u00e4:<\/p>\n<p><a href=\"https:\/\/www.erto.fi\/tyosuhdeopas\/tyosuhde\/tyosuhteen-jatkuminen-liikkeen-luovutuksessa\" target=\"_blank\" rel=\"noopener noreferrer\">Ty\u00f6suhteen jatkumien luovutuksessa<\/a>, ERTO ry<\/p>\n<p><a href=\"https:\/\/www.jarisotka.fi\/category\/kirjoituksia\/#tyosuhteet-yrityskaupassa-05\/2014\/485\" target=\"_blank\" rel=\"noopener noreferrer\">Ty\u00f6suhteet yrityskaupassa,<\/a> Jari Sotka, <a href=\"https:\/\/www.jarisotka.fi\/\" target=\"_blank\" rel=\"noopener noreferrer\">jarisotka.fi<\/a>, 22.3.2020<\/p>\n<p><a href=\"https:\/\/www.castren.fi\/fi\/blogijauutiset\/blogi-2016\/nain-huomioit-tietosuojan-yrityskaupassa--6-vinkkia\/\">Tietosuojan huomioiminen yrityskaupassa &#8211; Castren &amp; Snellman<\/a><\/p>\n<p><iframe loading=\"lazy\" title=\"Miten yrityskauppa etenee? \u2013 Yritt\u00e4j\u00e4n 100 oppia\" width=\"584\" height=\"329\" src=\"https:\/\/www.youtube.com\/embed\/pdTjklQ15l4?start=138&#038;feature=oembed\" frameborder=\"0\" allow=\"accelerometer; autoplay; clipboard-write; encrypted-media; gyroscope; picture-in-picture; web-share\" referrerpolicy=\"strict-origin-when-cross-origin\" allowfullscreen><\/iframe><\/p>\n<p><a href=\"https:\/\/blogi.eoppimispalvelut.fi\/yhdessakasvuun\/yhdessa-kasvuun-opas\/haltuunottovaihe\/\"><img loading=\"lazy\" decoding=\"async\" class=\"wp-image-540 aligncenter\" src=\"https:\/\/blogi.eoppimispalvelut.fi\/yhdessakasvuun\/files\/2020\/03\/Takaisin-painike-300x171.png\" alt=\"\" width=\"70\" height=\"44\" \/><\/a><\/p>\n<hr \/>\n<p style=\"text-align: center\"><a href=\"https:\/\/blogi.eoppimispalvelut.fi\/yhdessakasvuun\/yhdessa-kasvuun-opas\/hankintavaihe\/\"><img loading=\"lazy\" decoding=\"async\" class=\"alignnone wp-image-159\" src=\"https:\/\/blogi.eoppimispalvelut.fi\/yhdessakasvuun\/files\/2020\/03\/1-300x171.png\" alt=\"\" width=\"124\" height=\"73\" \/><\/a>\u00a0 <a href=\"https:\/\/blogi.eoppimispalvelut.fi\/yhdessakasvuun\/yhdessa-kasvuun-opas\/toteutus-ja-julkistusvaihe\/\"><img loading=\"lazy\" decoding=\"async\" class=\"alignnone wp-image-160\" src=\"https:\/\/blogi.eoppimispalvelut.fi\/yhdessakasvuun\/files\/2020\/03\/2-300x171.png\" alt=\"\" width=\"124\" height=\"73\" \/><\/a> <a href=\"https:\/\/blogi.eoppimispalvelut.fi\/yhdessakasvuun\/yhdessa-kasvuun-opas\/haltuunottovaihe\/\"><img loading=\"lazy\" decoding=\"async\" class=\"alignnone wp-image-161\" src=\"https:\/\/blogi.eoppimispalvelut.fi\/yhdessakasvuun\/files\/2020\/03\/3-300x171.png\" alt=\"\" width=\"124\" height=\"73\" \/><\/a><\/p>\n<hr \/>\n<p>&nbsp;<\/p>\n","protected":false},"excerpt":{"rendered":"<p>Huolehdi siit\u00e4, ett\u00e4 hoidat\u00a0yrityskaupan mukana tulleita\u00a0sopimuksia ja\u00a0velvoitteita\u00a0hoidetaan\u00a0asianmukaisesti.\u00a0 &nbsp; &nbsp; Usein kaupan yhteydess\u00e4 tulee mukana ik\u00e4\u00e4n kuin kaupanp\u00e4\u00e4llisin\u00e4 koko joukko sitovia sopimuksia tai muita velvoitteita. Ne voivat olla esimerkiksi erityisi\u00e4 ty\u00f6sopimuksia tai niiden liitteit\u00e4, paikallisia kollektiivisia henkil\u00f6st\u00f6sopimuksia, alihankintasopimuksia, toimitussopimuksia, lisenssisopimuksia, kaupallisia &hellip; <a href=\"https:\/\/blogi.eoppimispalvelut.fi\/yhdessakasvuun\/muista-kaytannon-toimenpiteet-mukana-tulleiden-sopimusten-osalta\/\">Continue reading <span class=\"meta-nav\">&rarr;<\/span><\/a><\/p>\n","protected":false},"author":4242,"featured_media":0,"parent":0,"menu_order":0,"comment_status":"closed","ping_status":"closed","template":"","meta":{"_monsterinsights_skip_tracking":false,"_monsterinsights_sitenote_active":false,"_monsterinsights_sitenote_note":"","_monsterinsights_sitenote_category":0,"footnotes":""},"class_list":["post-216","page","type-page","status-publish","hentry"],"_links":{"self":[{"href":"https:\/\/blogi.eoppimispalvelut.fi\/yhdessakasvuun\/wp-json\/wp\/v2\/pages\/216","targetHints":{"allow":["GET"]}}],"collection":[{"href":"https:\/\/blogi.eoppimispalvelut.fi\/yhdessakasvuun\/wp-json\/wp\/v2\/pages"}],"about":[{"href":"https:\/\/blogi.eoppimispalvelut.fi\/yhdessakasvuun\/wp-json\/wp\/v2\/types\/page"}],"author":[{"embeddable":true,"href":"https:\/\/blogi.eoppimispalvelut.fi\/yhdessakasvuun\/wp-json\/wp\/v2\/users\/4242"}],"replies":[{"embeddable":true,"href":"https:\/\/blogi.eoppimispalvelut.fi\/yhdessakasvuun\/wp-json\/wp\/v2\/comments?post=216"}],"version-history":[{"count":12,"href":"https:\/\/blogi.eoppimispalvelut.fi\/yhdessakasvuun\/wp-json\/wp\/v2\/pages\/216\/revisions"}],"predecessor-version":[{"id":547,"href":"https:\/\/blogi.eoppimispalvelut.fi\/yhdessakasvuun\/wp-json\/wp\/v2\/pages\/216\/revisions\/547"}],"wp:attachment":[{"href":"https:\/\/blogi.eoppimispalvelut.fi\/yhdessakasvuun\/wp-json\/wp\/v2\/media?parent=216"}],"curies":[{"name":"wp","href":"https:\/\/api.w.org\/{rel}","templated":true}]}}