{"id":218,"date":"2020-03-14T13:01:57","date_gmt":"2020-03-14T11:01:57","guid":{"rendered":"https:\/\/blogi.eoppimispalvelut.fi\/yhdessakasvuun\/?page_id=218"},"modified":"2020-03-22T20:02:54","modified_gmt":"2020-03-22T18:02:54","slug":"seuranta-ja-mittarit","status":"publish","type":"page","link":"https:\/\/blogi.eoppimispalvelut.fi\/yhdessakasvuun\/seuranta-ja-mittarit\/","title":{"rendered":"Seuranta ja mittarit"},"content":{"rendered":"<p><em><span class=\"TextRun Highlight SCXW67458290 BCX7\" lang=\"FI-FI\" xml:lang=\"FI-FI\" data-contrast=\"auto\"><span class=\"NormalTextRun SCXW67458290 BCX7\"><img loading=\"lazy\" decoding=\"async\" class=\"size-full wp-image-171 alignleft\" src=\"https:\/\/blogi.eoppimispalvelut.fi\/yhdessakasvuun\/files\/2020\/03\/kuvake3-e1583755315637.png\" alt=\"\" width=\"100\" height=\"101\" \/><strong>Aseta tavoitteet onnistuneelle integraatiolle. Tavoitteita voivat olla pieni asiakaspoistuma, ty\u00f6ntekij\u00f6iden pysyvyys, liikeva<\/strong><\/span><\/span><strong><span class=\"TextRun Highlight SCXW67458290 BCX7\" lang=\"FI-FI\" xml:lang=\"FI-FI\" data-contrast=\"auto\"><span class=\"NormalTextRun SCXW67458290 BCX7\">ihdon kasvu,\u00a0<\/span><\/span><span class=\"TextRun Highlight SCXW67458290 BCX7\" lang=\"FI-FI\" xml:lang=\"FI-FI\" data-contrast=\"auto\"><span class=\"NormalTextRun SCXW67458290 BCX7\">myynti ja\u00a0<\/span><\/span><span class=\"TextRun Highlight SCXW67458290 BCX7\" lang=\"FI-FI\" xml:lang=\"FI-FI\" data-contrast=\"auto\"><span class=\"NormalTextRun SCXW67458290 BCX7\">asiakastyytyv\u00e4isyys.<\/span><\/span><span class=\"EOP SCXW67458290 BCX7\" data-ccp-props=\"{&quot;201341983&quot;:0,&quot;335559739&quot;:160,&quot;335559740&quot;:259}\">\u00a0<\/span><\/strong><\/em><\/p>\n<p>&nbsp;<\/p>\n<p>&nbsp;<\/p>\n<p><span class=\"TextRun SCXW264239837 BCX7\" lang=\"FI-FI\" xml:lang=\"FI-FI\" data-contrast=\"auto\"><span class=\"NormalTextRun SCXW264239837 BCX7\">Asetetut tulostavoitteet voidaan saavuttaa vain siten, ett\u00e4 ty\u00f6tekij\u00e4t viihtyv\u00e4t ty\u00f6ss\u00e4\u00e4n ja ovat motivoituneita.\u00a0<\/span><\/span><span class=\"TextRun SCXW264239837 BCX7\" lang=\"FI-FI\" xml:lang=\"FI-FI\" data-contrast=\"auto\"><span class=\"NormalTextRun SCXW264239837 BCX7\">Integraation onnistumista mitataan ty\u00f6tekij\u00f6ilt\u00e4 tulleella palautteella<\/span><\/span><span class=\"TextRun SCXW264239837 BCX7\" lang=\"FI-FI\" xml:lang=\"FI-FI\" data-contrast=\"auto\"><span class=\"NormalTextRun SCXW264239837 BCX7\">\u00a0sek\u00e4 asiakastyytyv\u00e4isyydell\u00e4. Tyytyv\u00e4iset asiakkaat tuovat yhti\u00f6n tuloksen.<\/span><\/span><span class=\"TextRun SCXW264239837 BCX7\" lang=\"FI-FI\" xml:lang=\"FI-FI\" data-contrast=\"auto\"><span class=\"NormalTextRun SCXW264239837 BCX7\">\u00a0<\/span><\/span><span class=\"EOP SCXW264239837 BCX7\" data-ccp-props=\"{&quot;201341983&quot;:0,&quot;335559739&quot;:160,&quot;335559740&quot;:259}\">\u00a0<\/span><\/p>\n<p>Aiheesta lis\u00e4\u00e4:<\/p>\n<p><a href=\"https:\/\/lutpub.lut.fi\/bitstream\/handle\/10024\/69566\/nbnfi-fe201105051506.pdf?sequence=3&amp;isAllowed=y\" target=\"_blank\" rel=\"noopener noreferrer\">Yrityskauppojen kannattavuuden mittaaminen,<\/a> Kandidaatinty\u00f6 Harri Kivim\u00e4ki ja Joonas Koponen 2011 ,\u00a0 Lappeenrannan teknillinen yliopisto.<\/p>\n<p>Katramo, Lauriala, Matinlauri ym. <a href=\"https:\/\/shop.almatalent.fi\/yrityskauppa\" target=\"_blank\" rel=\"noopener noreferrer\">Yrityskauppa<\/a> -kirja<\/p>\n<p><a href=\"https:\/\/shop.almatalent.fi\/yrityskauppa\"><img loading=\"lazy\" decoding=\"async\" class=\"wp-image-193 size-thumbnail alignleft\" src=\"https:\/\/blogi.eoppimispalvelut.fi\/yhdessakasvuun\/files\/2020\/03\/yrityskauppakirjakuva-150x150.jpg\" alt=\"\" width=\"150\" height=\"150\" \/><\/a><\/p>\n<p>&nbsp;<\/p>\n<p>&nbsp;<\/p>\n<p>&nbsp;<\/p>\n<p>&nbsp;<\/p>\n<p><a href=\"https:\/\/blogi.eoppimispalvelut.fi\/yhdessakasvuun\/yhdessa-kasvuun-opas\/haltuunottovaihe\/\"><img loading=\"lazy\" decoding=\"async\" class=\"wp-image-540 aligncenter\" src=\"https:\/\/blogi.eoppimispalvelut.fi\/yhdessakasvuun\/files\/2020\/03\/Takaisin-painike-300x171.png\" alt=\"\" width=\"70\" height=\"44\" \/><\/a><\/p>\n<hr \/>\n<p style=\"text-align: center\"><a href=\"https:\/\/blogi.eoppimispalvelut.fi\/yhdessakasvuun\/yhdessa-kasvuun-opas\/hankintavaihe\/\"><img loading=\"lazy\" decoding=\"async\" class=\"alignnone wp-image-159\" src=\"https:\/\/blogi.eoppimispalvelut.fi\/yhdessakasvuun\/files\/2020\/03\/1-300x171.png\" alt=\"\" width=\"124\" height=\"73\" \/><\/a>\u00a0 <a href=\"https:\/\/blogi.eoppimispalvelut.fi\/yhdessakasvuun\/yhdessa-kasvuun-opas\/toteutus-ja-julkistusvaihe\/\"><img loading=\"lazy\" decoding=\"async\" class=\"alignnone wp-image-160\" src=\"https:\/\/blogi.eoppimispalvelut.fi\/yhdessakasvuun\/files\/2020\/03\/2-300x171.png\" alt=\"\" width=\"124\" height=\"73\" \/><\/a> <a href=\"https:\/\/blogi.eoppimispalvelut.fi\/yhdessakasvuun\/yhdessa-kasvuun-opas\/haltuunottovaihe\/\"><img loading=\"lazy\" decoding=\"async\" class=\"alignnone wp-image-161\" src=\"https:\/\/blogi.eoppimispalvelut.fi\/yhdessakasvuun\/files\/2020\/03\/3-300x171.png\" alt=\"\" width=\"124\" height=\"73\" \/><\/a><\/p>\n<hr \/>\n<p>&nbsp;<\/p>\n<p>&nbsp;<\/p>\n","protected":false},"excerpt":{"rendered":"<p>Aseta tavoitteet onnistuneelle integraatiolle. Tavoitteita voivat olla pieni asiakaspoistuma, ty\u00f6ntekij\u00f6iden pysyvyys, liikevaihdon kasvu,\u00a0myynti ja\u00a0asiakastyytyv\u00e4isyys.\u00a0 &nbsp; &nbsp; Asetetut tulostavoitteet voidaan saavuttaa vain siten, ett\u00e4 ty\u00f6tekij\u00e4t viihtyv\u00e4t ty\u00f6ss\u00e4\u00e4n ja ovat motivoituneita.\u00a0Integraation onnistumista mitataan ty\u00f6tekij\u00f6ilt\u00e4 tulleella palautteella\u00a0sek\u00e4 asiakastyytyv\u00e4isyydell\u00e4. Tyytyv\u00e4iset asiakkaat tuovat yhti\u00f6n tuloksen.\u00a0\u00a0 &hellip; <a href=\"https:\/\/blogi.eoppimispalvelut.fi\/yhdessakasvuun\/seuranta-ja-mittarit\/\">Continue reading <span class=\"meta-nav\">&rarr;<\/span><\/a><\/p>\n","protected":false},"author":4242,"featured_media":0,"parent":0,"menu_order":0,"comment_status":"closed","ping_status":"closed","template":"","meta":{"_monsterinsights_skip_tracking":false,"_monsterinsights_sitenote_active":false,"_monsterinsights_sitenote_note":"","_monsterinsights_sitenote_category":0,"footnotes":""},"class_list":["post-218","page","type-page","status-publish","hentry"],"_links":{"self":[{"href":"https:\/\/blogi.eoppimispalvelut.fi\/yhdessakasvuun\/wp-json\/wp\/v2\/pages\/218","targetHints":{"allow":["GET"]}}],"collection":[{"href":"https:\/\/blogi.eoppimispalvelut.fi\/yhdessakasvuun\/wp-json\/wp\/v2\/pages"}],"about":[{"href":"https:\/\/blogi.eoppimispalvelut.fi\/yhdessakasvuun\/wp-json\/wp\/v2\/types\/page"}],"author":[{"embeddable":true,"href":"https:\/\/blogi.eoppimispalvelut.fi\/yhdessakasvuun\/wp-json\/wp\/v2\/users\/4242"}],"replies":[{"embeddable":true,"href":"https:\/\/blogi.eoppimispalvelut.fi\/yhdessakasvuun\/wp-json\/wp\/v2\/comments?post=218"}],"version-history":[{"count":13,"href":"https:\/\/blogi.eoppimispalvelut.fi\/yhdessakasvuun\/wp-json\/wp\/v2\/pages\/218\/revisions"}],"predecessor-version":[{"id":546,"href":"https:\/\/blogi.eoppimispalvelut.fi\/yhdessakasvuun\/wp-json\/wp\/v2\/pages\/218\/revisions\/546"}],"wp:attachment":[{"href":"https:\/\/blogi.eoppimispalvelut.fi\/yhdessakasvuun\/wp-json\/wp\/v2\/media?parent=218"}],"curies":[{"name":"wp","href":"https:\/\/api.w.org\/{rel}","templated":true}]}}