{"id":220,"date":"2020-03-14T12:59:20","date_gmt":"2020-03-14T10:59:20","guid":{"rendered":"https:\/\/blogi.eoppimispalvelut.fi\/yhdessakasvuun\/?page_id=220"},"modified":"2020-05-03T07:17:37","modified_gmt":"2020-05-03T04:17:37","slug":"asiakastyo","status":"publish","type":"page","link":"https:\/\/blogi.eoppimispalvelut.fi\/yhdessakasvuun\/asiakastyo\/","title":{"rendered":"Asiakasty\u00f6"},"content":{"rendered":"<p><em><span class=\"TextRun Highlight SCXW141835664 BCX7\" lang=\"FI-FI\" xml:lang=\"FI-FI\" data-contrast=\"auto\"><span class=\"NormalTextRun SCXW141835664 BCX7\"><img loading=\"lazy\" decoding=\"async\" class=\"size-full wp-image-172 alignleft\" src=\"https:\/\/blogi.eoppimispalvelut.fi\/yhdessakasvuun\/files\/2020\/03\/kuvake4-e1583755421347.png\" alt=\"\" width=\"100\" height=\"100\" \/><strong>Huolehdi\u00a0<\/strong><\/span><\/span><strong><span class=\"TextRun Highlight SCXW141835664 BCX7\" lang=\"FI-FI\" xml:lang=\"FI-FI\" data-contrast=\"auto\"><span class=\"NormalTextRun SCXW141835664 BCX7\">asiakkuuksien ja myynnin h\u00e4iri\u00f6tt\u00f6m\u00e4st\u00e4 ja<\/span><\/span><span class=\"TextRun Highlight SCXW141835664 BCX7\" lang=\"FI-FI\" xml:lang=\"FI-FI\" data-contrast=\"auto\"><span class=\"NormalTextRun SCXW141835664 BCX7\">tkumisesta kaupan teon j\u00e4lkeen. Analysoi asiakkuudet sek\u00e4 tuotetarjonta.<\/span><\/span><span class=\"TextRun Highlight SCXW141835664 BCX7\" lang=\"FI-FI\" xml:lang=\"FI-FI\" data-contrast=\"auto\"><span class=\"NormalTextRun SCXW141835664 BCX7\">\u00a0Yhdist\u00e4 tuotteiden hinnoittelu ja kaupalliset\u00a0<\/span><span class=\"ContextualSpellingAndGrammarError SCXW141835664 BCX7\">ehdot.<\/span><\/span><\/strong><\/em><\/p>\n<p>&nbsp;<\/p>\n<p><span class=\"TextRun SCXW198802750 BCX7\" lang=\"FI-FI\" xml:lang=\"FI-FI\" data-contrast=\"auto\"><span class=\"NormalTextRun SCXW198802750 BCX7\">Varmista ja huolehdi myynnin jatkuvuus erillisell\u00e4 suunnitelmalla. <\/span><\/span><span class=\"TextRun SCXW198802750 BCX7\" lang=\"FI-FI\" xml:lang=\"FI-FI\" data-contrast=\"auto\"><span class=\"NormalTextRun SCXW198802750 BCX7\">Tee asiakasvierailuja asiakkaiden luona<\/span><\/span><span class=\"TextRun SCXW198802750 BCX7\" lang=\"FI-FI\" xml:lang=\"FI-FI\" data-contrast=\"auto\"><span class=\"NormalTextRun SCXW198802750 BCX7\">. E<\/span><\/span><span class=\"TextRun SCXW198802750 BCX7\" lang=\"FI-FI\" xml:lang=\"FI-FI\" data-contrast=\"auto\"><span class=\"NormalTextRun SCXW198802750 BCX7\">nsimm\u00e4isell\u00e4 vierailulla kannattaa olla edustaja sek\u00e4 ostetusta ett\u00e4 ostavasta yrityksest\u00e4.<\/span><\/span><span class=\"TextRun SCXW198802750 BCX7\" lang=\"FI-FI\" xml:lang=\"FI-FI\" data-contrast=\"auto\"><span class=\"NormalTextRun SCXW198802750 BCX7\">\u00a0<\/span><\/span><\/p>\n<p><span class=\"TextRun SCXW198802750 BCX7\" lang=\"FI-FI\" xml:lang=\"FI-FI\" data-contrast=\"auto\"><span class=\"NormalTextRun SCXW198802750 BCX7\">Kerro yrityskaupasta positiiviselta kannalta ja tuo esille, mik\u00e4 vaikutus kaupalla on tuotteisiin ja palveluihin<\/span><\/span><span class=\"TextRun SCXW198802750 BCX7\" lang=\"FI-FI\" xml:lang=\"FI-FI\" data-contrast=\"auto\"><span class=\"NormalTextRun SCXW198802750 BCX7\">\u00a0ja mit\u00e4 hyv\u00e4\u00e4 yrityskauppa merkitsee asiakkaan n\u00e4k\u00f6kulmasta<\/span><\/span><span class=\"TextRun SCXW198802750 BCX7\" lang=\"FI-FI\" xml:lang=\"FI-FI\" data-contrast=\"auto\"><span class=\"NormalTextRun SCXW198802750 BCX7\">.<\/span><\/span><\/p>\n<p><span class=\"TextRun SCXW198802750 BCX7\" lang=\"FI-FI\" xml:lang=\"FI-FI\" data-contrast=\"auto\"><span class=\"NormalTextRun SCXW198802750 BCX7\">M\u00e4<\/span><\/span><span class=\"TextRun SCXW198802750 BCX7\" lang=\"FI-FI\" xml:lang=\"FI-FI\" data-contrast=\"auto\"><span class=\"NormalTextRun SCXW198802750 BCX7\">\u00e4rit\u00e4 ostetun yrityksen asiakassegmentit (asiakasryhm\u00e4t), jotta tied\u00e4t kenelle myyt ja kehit\u00e4t palveluitasi<\/span><\/span><span class=\"TextRun SCXW198802750 BCX7\" lang=\"FI-FI\" xml:lang=\"FI-FI\" data-contrast=\"auto\"><span class=\"NormalTextRun SCXW198802750 BCX7\">.<\/span><\/span> <span class=\"TextRun SCXW198802750 BCX7\" lang=\"FI-FI\" xml:lang=\"FI-FI\" data-contrast=\"auto\"><span class=\"NormalTextRun SCXW198802750 BCX7\">Analysoi myyt\u00e4v\u00e4t tuotteet ja palvelut<\/span><\/span><span class=\"TextRun SCXW198802750 BCX7\" lang=\"FI-FI\" xml:lang=\"FI-FI\" data-contrast=\"auto\"><span class=\"NormalTextRun SCXW198802750 BCX7\">\u00a0ja tunnista mahdollisuudet, joita ostetun ja ostavan yrityksen tuotteet ja asiakkaat tarjoavat.<\/span><\/span><a href=\"https:\/\/shop.almatalent.fi\/yrityskauppa\"><span class=\"TextRun SCXW198802750 BCX7\" lang=\"FI-FI\" xml:lang=\"FI-FI\" data-contrast=\"auto\"><span class=\"NormalTextRun SCXW198802750 BCX7\"> <img loading=\"lazy\" decoding=\"async\" class=\"size-medium wp-image-193 alignright\" src=\"https:\/\/blogi.eoppimispalvelut.fi\/yhdessakasvuun\/files\/2020\/03\/yrityskauppakirjakuva-232x300.jpg\" alt=\"\" width=\"232\" height=\"300\" srcset=\"https:\/\/blogi.eoppimispalvelut.fi\/yhdessakasvuun\/files\/2020\/03\/yrityskauppakirjakuva-232x300.jpg 232w, https:\/\/blogi.eoppimispalvelut.fi\/yhdessakasvuun\/files\/2020\/03\/yrityskauppakirjakuva.jpg 235w\" sizes=\"auto, (max-width: 232px) 100vw, 232px\" \/><\/span><\/span><\/a><span class=\"TextRun SCXW198802750 BCX7\" lang=\"FI-FI\" xml:lang=\"FI-FI\" data-contrast=\"auto\"><span class=\"NormalTextRun SCXW198802750 BCX7\">Analysoi br\u00e4ndit ja ratkaise, siirryt\u00e4\u00e4nk\u00f6 yhten\u00e4isiin br\u00e4ndeihin vai jatketaanko olemassa<\/span><\/span><span class=\"TextRun SCXW198802750 BCX7\" lang=\"FI-FI\" xml:lang=\"FI-FI\" data-contrast=\"auto\"><span class=\"NormalTextRun SCXW198802750 BCX7\">\u00a0<\/span><\/span><span class=\"TextRun SCXW198802750 BCX7\" lang=\"FI-FI\" xml:lang=\"FI-FI\" data-contrast=\"auto\"><span class=\"NormalTextRun SCXW198802750 BCX7\">olevilla. Mik\u00e4li p\u00e4\u00e4dyt yhten\u00e4isiin br\u00e4ndeihin, suunnittele siirtym\u00e4vaihe ja aikataulutus. Laadi yhten\u00e4inen myyntistrategia henkil\u00f6st\u00f6n kanssa. Hy\u00f6dynn\u00e4 ja huomioi t<\/span><\/span><span class=\"TextRun SCXW198802750 BCX7\" lang=\"FI-FI\" xml:lang=\"FI-FI\" data-contrast=\"auto\"><span class=\"NormalTextRun SCXW198802750 BCX7\">ie<\/span><\/span><span class=\"TextRun SCXW198802750 BCX7\" lang=\"FI-FI\" xml:lang=\"FI-FI\" data-contrast=\"auto\"><span class=\"NormalTextRun SCXW198802750 BCX7\">dot jatkossa<\/span><\/span><span class=\"TextRun SCXW198802750 BCX7\" lang=\"FI-FI\" xml:lang=\"FI-FI\" data-contrast=\"auto\"><span class=\"NormalTextRun SCXW198802750 BCX7\">\u00a0<\/span><\/span><span class=\"TextRun SCXW198802750 BCX7\" lang=\"FI-FI\" xml:lang=\"FI-FI\" data-contrast=\"auto\"><span class=\"NormalTextRun SCXW198802750 BCX7\">mm.<\/span><\/span><span class=\"TextRun SCXW198802750 BCX7\" lang=\"FI-FI\" xml:lang=\"FI-FI\" data-contrast=\"auto\"><span class=\"NormalTextRun SCXW198802750 BCX7\">\u00a0<\/span><\/span><span class=\"TextRun SCXW198802750 BCX7\" lang=\"FI-FI\" xml:lang=\"FI-FI\" data-contrast=\"auto\"><span class=\"NormalTextRun SCXW198802750 BCX7\">myyntisuunnitelmien laadinnassa ja budjetoinnissa.<\/span><\/span><span class=\"TextRun SCXW198802750 BCX7\" lang=\"FI-FI\" xml:lang=\"FI-FI\" data-contrast=\"auto\"><span class=\"NormalTextRun SCXW198802750 BCX7\">\u00a0<\/span><\/span><span class=\"TextRun SCXW198802750 BCX7\" lang=\"FI-FI\" xml:lang=\"FI-FI\" data-contrast=\"auto\"><span class=\"NormalTextRun SCXW198802750 BCX7\">Yhdist\u00e4 tuotteiden hinnoittelu ja kaupalliset ehdot. Pyri<\/span><\/span><span class=\"TextRun SCXW198802750 BCX7\" lang=\"FI-FI\" xml:lang=\"FI-FI\" data-contrast=\"auto\"><span class=\"NormalTextRun SCXW198802750 BCX7\">\u00a0siihen, ett\u00e4 muutokset eiv\u00e4t aiheut<\/span><\/span><span class=\"TextRun SCXW198802750 BCX7\" lang=\"FI-FI\" xml:lang=\"FI-FI\" data-contrast=\"auto\"><span class=\"NormalTextRun SCXW198802750 BCX7\">t<\/span><\/span><span class=\"TextRun SCXW198802750 BCX7\" lang=\"FI-FI\" xml:lang=\"FI-FI\" data-contrast=\"auto\"><span class=\"NormalTextRun SCXW198802750 BCX7\">a<\/span><\/span><span class=\"TextRun SCXW198802750 BCX7\" lang=\"FI-FI\" xml:lang=\"FI-FI\" data-contrast=\"auto\"><span class=\"NormalTextRun SCXW198802750 BCX7\">isi<\/span><\/span><span class=\"TextRun SCXW198802750 BCX7\" lang=\"FI-FI\" xml:lang=\"FI-FI\" data-contrast=\"auto\"><span class=\"NormalTextRun SCXW198802750 BCX7\">\u00a0asiakkuuksien menetyksi\u00e4.<\/span><\/span><span class=\"TextRun SCXW198802750 BCX7\" lang=\"FI-FI\" xml:lang=\"FI-FI\" data-contrast=\"auto\"><span class=\"NormalTextRun SCXW198802750 BCX7\">\u00a0Seuraa aktiivisesti myynnin kehityst\u00e4 ja asiakastyytyv\u00e4isyytt\u00e4.<\/span><\/span><span class=\"EOP SCXW198802750 BCX7\" data-ccp-props=\"{&quot;201341983&quot;:0,&quot;335559739&quot;:160,&quot;335559740&quot;:259}\">\u00a0<\/span><\/p>\n<p>&nbsp;<\/p>\n<p>Aiheesta lis\u00e4\u00e4 :<br \/>\n<a href=\"https:\/\/blogi.eoppimispalvelut.fi\/yhdessakasvuun\/2020\/04\/16\/viisi-vinkkia-asiakastyohon\/\" target=\"_blank\" rel=\"noopener noreferrer\">Viisi vinkki\u00e4 asiakasty\u00f6h\u00f6n<\/a><br \/>\n<span class=\"TextRun SCXW109363190 BCX7\" lang=\"FI-FI\" xml:lang=\"FI-FI\" data-contrast=\"auto\"><span class=\"SpellingError SCXW109363190 BCX7\">Kartaro<\/span><span class=\"NormalTextRun SCXW109363190 BCX7\">, Laurila\u00a0<\/span><span class=\"SpellingError SCXW109363190 BCX7\">ym<\/span><span class=\"NormalTextRun SCXW109363190 BCX7\"><a href=\"https:\/\/shop.almatalent.fi\/yrityskauppa\" target=\"_blank\" rel=\"noopener noreferrer\">\u00a0Yrityskauppa<\/a><\/span><\/span><\/p>\n<p><span class=\"TextRun SCXW109363190 BCX7\" lang=\"FI-FI\" xml:lang=\"FI-FI\" data-contrast=\"auto\"><span class=\"NormalTextRun SCXW109363190 BCX7\">L\u00e4hteen\u00e4 k\u00e4ytetty: <\/span><span class=\"SpellingError SCXW109363190 BCX7\">Kartaro<\/span><span class=\"NormalTextRun SCXW109363190 BCX7\">, Laurila\u00a0<\/span><span class=\"SpellingError SCXW109363190 BCX7\">ym<\/span><span class=\"NormalTextRun SCXW109363190 BCX7\"> kirja <a href=\"https:\/\/shop.almatalent.fi\/yrityskauppa\" target=\"_blank\" rel=\"noopener noreferrer\">Yrityskauppa<\/a><\/span><\/span><\/p>\n<p><a href=\"https:\/\/blogi.eoppimispalvelut.fi\/yhdessakasvuun\/yhdessa-kasvuun-opas\/haltuunottovaihe\/\"><img loading=\"lazy\" decoding=\"async\" class=\"wp-image-540 aligncenter\" src=\"https:\/\/blogi.eoppimispalvelut.fi\/yhdessakasvuun\/files\/2020\/03\/Takaisin-painike-300x171.png\" alt=\"\" width=\"70\" height=\"44\" \/><\/a><\/p>\n<p>&nbsp;<\/p>\n<hr \/>\n<p style=\"text-align: center\"><a href=\"https:\/\/blogi.eoppimispalvelut.fi\/yhdessakasvuun\/yhdessa-kasvuun-opas\/hankintavaihe\/\"><img loading=\"lazy\" decoding=\"async\" class=\"alignnone wp-image-159\" src=\"https:\/\/blogi.eoppimispalvelut.fi\/yhdessakasvuun\/files\/2020\/03\/1-300x171.png\" alt=\"\" width=\"124\" height=\"73\" \/><\/a>\u00a0 <a href=\"https:\/\/blogi.eoppimispalvelut.fi\/yhdessakasvuun\/yhdessa-kasvuun-opas\/toteutus-ja-julkistusvaihe\/\"><img loading=\"lazy\" decoding=\"async\" class=\"alignnone wp-image-160\" src=\"https:\/\/blogi.eoppimispalvelut.fi\/yhdessakasvuun\/files\/2020\/03\/2-300x171.png\" alt=\"\" width=\"124\" height=\"73\" \/><\/a> <a href=\"https:\/\/blogi.eoppimispalvelut.fi\/yhdessakasvuun\/yhdessa-kasvuun-opas\/haltuunottovaihe\/\"><img loading=\"lazy\" decoding=\"async\" class=\"alignnone wp-image-161\" src=\"https:\/\/blogi.eoppimispalvelut.fi\/yhdessakasvuun\/files\/2020\/03\/3-300x171.png\" alt=\"\" width=\"124\" height=\"73\" \/><\/a><\/p>\n<hr \/>\n<p>&nbsp;<\/p>\n<p>&nbsp;<\/p>\n","protected":false},"excerpt":{"rendered":"<p>Huolehdi\u00a0asiakkuuksien ja myynnin h\u00e4iri\u00f6tt\u00f6m\u00e4st\u00e4 jatkumisesta kaupan teon j\u00e4lkeen. Analysoi asiakkuudet sek\u00e4 tuotetarjonta.\u00a0Yhdist\u00e4 tuotteiden hinnoittelu ja kaupalliset\u00a0ehdot. &nbsp; Varmista ja huolehdi myynnin jatkuvuus erillisell\u00e4 suunnitelmalla. Tee asiakasvierailuja asiakkaiden luona. Ensimm\u00e4isell\u00e4 vierailulla kannattaa olla edustaja sek\u00e4 ostetusta ett\u00e4 ostavasta yrityksest\u00e4.\u00a0 Kerro yrityskaupasta &hellip; <a href=\"https:\/\/blogi.eoppimispalvelut.fi\/yhdessakasvuun\/asiakastyo\/\">Continue reading <span class=\"meta-nav\">&rarr;<\/span><\/a><\/p>\n","protected":false},"author":4242,"featured_media":0,"parent":0,"menu_order":0,"comment_status":"closed","ping_status":"closed","template":"","meta":{"_monsterinsights_skip_tracking":false,"_monsterinsights_sitenote_active":false,"_monsterinsights_sitenote_note":"","_monsterinsights_sitenote_category":0,"footnotes":""},"class_list":["post-220","page","type-page","status-publish","hentry"],"_links":{"self":[{"href":"https:\/\/blogi.eoppimispalvelut.fi\/yhdessakasvuun\/wp-json\/wp\/v2\/pages\/220","targetHints":{"allow":["GET"]}}],"collection":[{"href":"https:\/\/blogi.eoppimispalvelut.fi\/yhdessakasvuun\/wp-json\/wp\/v2\/pages"}],"about":[{"href":"https:\/\/blogi.eoppimispalvelut.fi\/yhdessakasvuun\/wp-json\/wp\/v2\/types\/page"}],"author":[{"embeddable":true,"href":"https:\/\/blogi.eoppimispalvelut.fi\/yhdessakasvuun\/wp-json\/wp\/v2\/users\/4242"}],"replies":[{"embeddable":true,"href":"https:\/\/blogi.eoppimispalvelut.fi\/yhdessakasvuun\/wp-json\/wp\/v2\/comments?post=220"}],"version-history":[{"count":15,"href":"https:\/\/blogi.eoppimispalvelut.fi\/yhdessakasvuun\/wp-json\/wp\/v2\/pages\/220\/revisions"}],"predecessor-version":[{"id":833,"href":"https:\/\/blogi.eoppimispalvelut.fi\/yhdessakasvuun\/wp-json\/wp\/v2\/pages\/220\/revisions\/833"}],"wp:attachment":[{"href":"https:\/\/blogi.eoppimispalvelut.fi\/yhdessakasvuun\/wp-json\/wp\/v2\/media?parent=220"}],"curies":[{"name":"wp","href":"https:\/\/api.w.org\/{rel}","templated":true}]}}