{"id":257,"date":"2020-03-14T13:38:44","date_gmt":"2020-03-14T11:38:44","guid":{"rendered":"https:\/\/blogi.eoppimispalvelut.fi\/yhdessakasvuun\/?page_id=257"},"modified":"2020-03-22T20:39:20","modified_gmt":"2020-03-22T18:39:20","slug":"maarittele-tavoite-ja-strategia","status":"publish","type":"page","link":"https:\/\/blogi.eoppimispalvelut.fi\/yhdessakasvuun\/maarittele-tavoite-ja-strategia\/","title":{"rendered":"M\u00e4\u00e4rittele tavoite ja strategia"},"content":{"rendered":"<p>&nbsp;<\/p>\n<p><em><img loading=\"lazy\" decoding=\"async\" class=\"size-full wp-image-169 alignleft\" src=\"https:\/\/blogi.eoppimispalvelut.fi\/yhdessakasvuun\/files\/2020\/03\/kuvake1-e1583754866861.png\" alt=\"\" width=\"100\" height=\"101\" \/><strong>Mieti, mit\u00e4 tavoittelet yrityskaupalla\u00a0ja\u00a0etsi\u00a0myynniss\u00e4 olevia yrityksi\u00e4.\u00a0\u00a0<\/strong><\/em><\/p>\n<p>&nbsp;<\/p>\n<p>&nbsp;<\/p>\n<p><span data-contrast=\"auto\">Yrityskauppa on strateginen ratkaisu, joka on valmisteltava, suunniteltava ja toteutettava huolellisesti hy\u00f6dynt\u00e4en sek\u00e4 tietoa, ett\u00e4 osaamista. Yritysosto ei ole itsetarkoitus, vaan keino uudistamiseen, kehitt\u00e4miseen, kasvuun sek\u00e4 menestykseen. Ostajan tavoitteena on hankkia mm. strategiaansa sopivia resursseja, osaamista sek\u00e4 asiakkuuksia.<\/span><\/p>\n<p><em>Aiheesta lis\u00e4\u00e4:<\/em><\/p>\n<p><a href=\"https:\/\/www.univaasa.fi\/materiaali\/pdf\/isbn_978-952-476-547-3.pdf\" target=\"_blank\" rel=\"noopener noreferrer\">Yrityskauppa ja strateginen uudistuminen,<\/a> Juha Tall, Vaasan yliopisto<\/p>\n<p><a href=\"https:\/\/jyx.jyu.fi\/bitstream\/handle\/123456789\/52513\/URN:NBN:fi:jyu-201612215232.pdf?sequence=1\" target=\"_blank\" rel=\"noopener noreferrer\">Ostajan intressit yrityskaupassa<\/a>, Nieminen Heidi, Pro Gradu -tutkielma 2016, Jyv\u00e4skyl\u00e4n yliopisto<\/p>\n<p><iframe loading=\"lazy\" title=\"Yrityskaupat: Osta yritys\" width=\"584\" height=\"329\" src=\"https:\/\/www.youtube.com\/embed\/z8OLjV3UtE8?feature=oembed\" frameborder=\"0\" allow=\"accelerometer; autoplay; clipboard-write; encrypted-media; gyroscope; picture-in-picture; web-share\" referrerpolicy=\"strict-origin-when-cross-origin\" allowfullscreen><\/iframe><\/p>\n<p><a href=\"https:\/\/www.yrittajat.fi\/yrittajan-abc\/omistajanvaihdos\/yrityskaupan-muistilista-318142\">Yritt\u00e4j\u00e4t &#8211; Yrityskaupan muistilista<\/a><\/p>\n<p><a href=\"https:\/\/blogi.eoppimispalvelut.fi\/yhdessakasvuun\/yhdessa-kasvuun-opas\/hankintavaihe\/\"><br \/>\n<img loading=\"lazy\" decoding=\"async\" class=\"wp-image-540 aligncenter\" src=\"https:\/\/blogi.eoppimispalvelut.fi\/yhdessakasvuun\/files\/2020\/03\/Takaisin-painike-300x171.png\" alt=\"\" width=\"70\" height=\"44\" \/><\/a><\/p>\n<hr \/>\n<p style=\"text-align: center\"><a href=\"https:\/\/blogi.eoppimispalvelut.fi\/yhdessakasvuun\/yhdessa-kasvuun-opas\/hankintavaihe\/\"><img loading=\"lazy\" decoding=\"async\" class=\"alignnone wp-image-159\" src=\"https:\/\/blogi.eoppimispalvelut.fi\/yhdessakasvuun\/files\/2020\/03\/1-300x171.png\" alt=\"\" width=\"124\" height=\"73\" \/><\/a>\u00a0 <a href=\"https:\/\/blogi.eoppimispalvelut.fi\/yhdessakasvuun\/yhdessa-kasvuun-opas\/toteutus-ja-julkistusvaihe\/\"><img loading=\"lazy\" decoding=\"async\" class=\"alignnone wp-image-160\" src=\"https:\/\/blogi.eoppimispalvelut.fi\/yhdessakasvuun\/files\/2020\/03\/2-300x171.png\" alt=\"\" width=\"124\" height=\"73\" \/><\/a> <a href=\"https:\/\/blogi.eoppimispalvelut.fi\/yhdessakasvuun\/yhdessa-kasvuun-opas\/haltuunottovaihe\/\"><img loading=\"lazy\" decoding=\"async\" class=\"alignnone wp-image-161\" src=\"https:\/\/blogi.eoppimispalvelut.fi\/yhdessakasvuun\/files\/2020\/03\/3-300x171.png\" alt=\"\" width=\"124\" height=\"73\" \/><\/a><\/p>\n<hr \/>\n<p>&nbsp;<\/p>\n<p>&nbsp;<\/p>\n<p>&nbsp;<\/p>\n","protected":false},"excerpt":{"rendered":"<p>&nbsp; Mieti, mit\u00e4 tavoittelet yrityskaupalla\u00a0ja\u00a0etsi\u00a0myynniss\u00e4 olevia yrityksi\u00e4.\u00a0\u00a0 &nbsp; &nbsp; Yrityskauppa on strateginen ratkaisu, joka on valmisteltava, suunniteltava ja toteutettava huolellisesti hy\u00f6dynt\u00e4en sek\u00e4 tietoa, ett\u00e4 osaamista. Yritysosto ei ole itsetarkoitus, vaan keino uudistamiseen, kehitt\u00e4miseen, kasvuun sek\u00e4 menestykseen. Ostajan tavoitteena on hankkia &hellip; <a href=\"https:\/\/blogi.eoppimispalvelut.fi\/yhdessakasvuun\/maarittele-tavoite-ja-strategia\/\">Continue reading <span class=\"meta-nav\">&rarr;<\/span><\/a><\/p>\n","protected":false},"author":4242,"featured_media":0,"parent":0,"menu_order":0,"comment_status":"closed","ping_status":"closed","template":"","meta":{"_monsterinsights_skip_tracking":false,"_monsterinsights_sitenote_active":false,"_monsterinsights_sitenote_note":"","_monsterinsights_sitenote_category":0,"footnotes":""},"class_list":["post-257","page","type-page","status-publish","hentry"],"_links":{"self":[{"href":"https:\/\/blogi.eoppimispalvelut.fi\/yhdessakasvuun\/wp-json\/wp\/v2\/pages\/257","targetHints":{"allow":["GET"]}}],"collection":[{"href":"https:\/\/blogi.eoppimispalvelut.fi\/yhdessakasvuun\/wp-json\/wp\/v2\/pages"}],"about":[{"href":"https:\/\/blogi.eoppimispalvelut.fi\/yhdessakasvuun\/wp-json\/wp\/v2\/types\/page"}],"author":[{"embeddable":true,"href":"https:\/\/blogi.eoppimispalvelut.fi\/yhdessakasvuun\/wp-json\/wp\/v2\/users\/4242"}],"replies":[{"embeddable":true,"href":"https:\/\/blogi.eoppimispalvelut.fi\/yhdessakasvuun\/wp-json\/wp\/v2\/comments?post=257"}],"version-history":[{"count":10,"href":"https:\/\/blogi.eoppimispalvelut.fi\/yhdessakasvuun\/wp-json\/wp\/v2\/pages\/257\/revisions"}],"predecessor-version":[{"id":558,"href":"https:\/\/blogi.eoppimispalvelut.fi\/yhdessakasvuun\/wp-json\/wp\/v2\/pages\/257\/revisions\/558"}],"wp:attachment":[{"href":"https:\/\/blogi.eoppimispalvelut.fi\/yhdessakasvuun\/wp-json\/wp\/v2\/media?parent=257"}],"curies":[{"name":"wp","href":"https:\/\/api.w.org\/{rel}","templated":true}]}}