{"id":263,"date":"2020-03-14T13:43:09","date_gmt":"2020-03-14T11:43:09","guid":{"rendered":"https:\/\/blogi.eoppimispalvelut.fi\/yhdessakasvuun\/?page_id=263"},"modified":"2020-03-22T20:35:30","modified_gmt":"2020-03-22T18:35:30","slug":"ota-yhteytta-kiinnostavaan-yritykseen-ja-aloita-neuvottelut","status":"publish","type":"page","link":"https:\/\/blogi.eoppimispalvelut.fi\/yhdessakasvuun\/ota-yhteytta-kiinnostavaan-yritykseen-ja-aloita-neuvottelut\/","title":{"rendered":"Ota yhteytt\u00e4 kiinnostavaan yritykseen ja aloita neuvottelut"},"content":{"rendered":"\n<p><em><img loading=\"lazy\" decoding=\"async\" class=\"size-full wp-image-172 alignleft\" src=\"https:\/\/blogi.eoppimispalvelut.fi\/yhdessakasvuun\/files\/2020\/03\/kuvake4-e1583755421347.png\" alt=\"\" width=\"100\" height=\"100\" \/><strong>Kun olet l\u00f6yt\u00e4nyt kiinnostavan yrityksen ja tarvitset yrityksest\u00e4 p\u00e4\u00e4t\u00f6ksentekoon lis\u00e4tietoja, tietosuojalaki edellytt\u00e4\u00e4 salassapitosopimusta. Neuvottelujen edetess\u00e4 tehd\u00e4\u00e4n yleens\u00e4 my\u00f6s aiesopimus.\u00a0<\/strong><\/em><\/p>\n<p>&nbsp;<\/p>\n<p><span data-contrast=\"auto\">Kun olet ollut kontaktissa potentiaaliseen ostokohteeseen ja haluat yritykselt\u00e4 tarkempia tietoja, tulee laatia usein <strong>salassapitosopimus<\/strong>, jotta yksityisyydensuojaa ei rikottaisi ja ostajalla on mahdollisuus saada p\u00e4\u00e4t\u00f6ksentekoon tarvitsemiansa tietoja. Prosessin edetess\u00e4 neuvotteluihin laaditaan my\u00f6s <strong>aiesopimus<\/strong>, mik\u00e4 takaa yhteisymm\u00e4rryksen.\u00a0<\/span><span data-contrast=\"auto\">Aiesopimuksessa kauppaehdot ovat viel\u00e4 avoinna ja se ei ole sitova. Sen tarkoituksena on saada kauppa toteutumaan, sis\u00e4lt\u00e4\u00e4 kauppaprosessin aikataulutuksen sek\u00e4 usein takaa yksinoikeuden eli myyj\u00e4 ei prosessin aikana k\u00e4y muiden kanssa neuvotteluja.<\/span><\/p>\n<p><em>Aiheesta lis\u00e4\u00e4:<\/em><\/p>\n<p><a href=\"https:\/\/www.lrhto.fi\/artikkelit\/yrityksen-sopimukset\/uusi-tietosuoja-asetus-ja-yritysten-sopimukset\/\" target=\"_blank\" rel=\"noopener noreferrer\">Uusi tietosuoja-asetus ja yritysten sopimukset<\/a>, Asianajotoimisto Lukander Ruohola HTO Oy<\/p>\n<p><a href=\"https:\/\/www.yrittajat.fi\/yrittajan-abc\/omistajanvaihdos\/mista-ostettava-yritys-317896\" target=\"_blank\" rel=\"noopener noreferrer\">Mist\u00e4 ostettava yritys?<\/a>, Suomen Yritt\u00e4j\u00e4t<\/p>\n<p><iframe loading=\"lazy\" title=\"Yritysmarkkinoiden kehitt\u00e4minen p\u00e4hkin\u00e4nkuoressa\" width=\"584\" height=\"329\" src=\"https:\/\/www.youtube.com\/embed\/OGiXTQdVF30?start=119&#038;feature=oembed\" frameborder=\"0\" allow=\"accelerometer; autoplay; clipboard-write; encrypted-media; gyroscope; picture-in-picture; web-share\" referrerpolicy=\"strict-origin-when-cross-origin\" allowfullscreen><\/iframe><\/p>\n<p><iframe loading=\"lazy\" title=\"Yrityskaupan sopimukset\" width=\"584\" height=\"329\" src=\"https:\/\/www.youtube.com\/embed\/hlShMQceCrY?feature=oembed\" frameborder=\"0\" allow=\"accelerometer; autoplay; clipboard-write; encrypted-media; gyroscope; picture-in-picture; web-share\" referrerpolicy=\"strict-origin-when-cross-origin\" allowfullscreen><\/iframe><\/p>\n<p><a href=\"https:\/\/blogi.eoppimispalvelut.fi\/yhdessakasvuun\/yhdessa-kasvuun-opas\/hankintavaihe\/\"><br \/>\n<img loading=\"lazy\" decoding=\"async\" class=\"wp-image-540 aligncenter\" src=\"https:\/\/blogi.eoppimispalvelut.fi\/yhdessakasvuun\/files\/2020\/03\/Takaisin-painike-300x171.png\" alt=\"\" width=\"70\" height=\"44\" \/><\/a><\/p>\n<hr \/>\n<p style=\"text-align: center\"><a href=\"https:\/\/blogi.eoppimispalvelut.fi\/yhdessakasvuun\/yhdessa-kasvuun-opas\/hankintavaihe\/\"><img loading=\"lazy\" decoding=\"async\" class=\"alignnone wp-image-159\" src=\"https:\/\/blogi.eoppimispalvelut.fi\/yhdessakasvuun\/files\/2020\/03\/1-300x171.png\" alt=\"\" width=\"124\" height=\"73\" \/><\/a>\u00a0 <a href=\"https:\/\/blogi.eoppimispalvelut.fi\/yhdessakasvuun\/yhdessa-kasvuun-opas\/toteutus-ja-julkistusvaihe\/\"><img loading=\"lazy\" decoding=\"async\" class=\"alignnone wp-image-160\" src=\"https:\/\/blogi.eoppimispalvelut.fi\/yhdessakasvuun\/files\/2020\/03\/2-300x171.png\" alt=\"\" width=\"124\" height=\"73\" \/><\/a> <a href=\"https:\/\/blogi.eoppimispalvelut.fi\/yhdessakasvuun\/yhdessa-kasvuun-opas\/haltuunottovaihe\/\"><img loading=\"lazy\" decoding=\"async\" class=\"alignnone wp-image-161\" src=\"https:\/\/blogi.eoppimispalvelut.fi\/yhdessakasvuun\/files\/2020\/03\/3-300x171.png\" alt=\"\" width=\"124\" height=\"73\" \/><\/a><\/p>\n<hr \/>\n<p>&nbsp;<\/p>\n","protected":false},"excerpt":{"rendered":"<p>Kun olet l\u00f6yt\u00e4nyt kiinnostavan yrityksen ja tarvitset yrityksest\u00e4 p\u00e4\u00e4t\u00f6ksentekoon lis\u00e4tietoja, tietosuojalaki edellytt\u00e4\u00e4 salassapitosopimusta. Neuvottelujen edetess\u00e4 tehd\u00e4\u00e4n yleens\u00e4 my\u00f6s aiesopimus.\u00a0 &nbsp; Kun olet ollut kontaktissa potentiaaliseen ostokohteeseen ja haluat yritykselt\u00e4 tarkempia tietoja, tulee laatia usein salassapitosopimus, jotta yksityisyydensuojaa ei rikottaisi ja &hellip; <a href=\"https:\/\/blogi.eoppimispalvelut.fi\/yhdessakasvuun\/ota-yhteytta-kiinnostavaan-yritykseen-ja-aloita-neuvottelut\/\">Continue reading <span class=\"meta-nav\">&rarr;<\/span><\/a><\/p>\n","protected":false},"author":4242,"featured_media":0,"parent":0,"menu_order":0,"comment_status":"closed","ping_status":"closed","template":"","meta":{"_monsterinsights_skip_tracking":false,"_monsterinsights_sitenote_active":false,"_monsterinsights_sitenote_note":"","_monsterinsights_sitenote_category":0,"footnotes":""},"class_list":["post-263","page","type-page","status-publish","hentry"],"_links":{"self":[{"href":"https:\/\/blogi.eoppimispalvelut.fi\/yhdessakasvuun\/wp-json\/wp\/v2\/pages\/263","targetHints":{"allow":["GET"]}}],"collection":[{"href":"https:\/\/blogi.eoppimispalvelut.fi\/yhdessakasvuun\/wp-json\/wp\/v2\/pages"}],"about":[{"href":"https:\/\/blogi.eoppimispalvelut.fi\/yhdessakasvuun\/wp-json\/wp\/v2\/types\/page"}],"author":[{"embeddable":true,"href":"https:\/\/blogi.eoppimispalvelut.fi\/yhdessakasvuun\/wp-json\/wp\/v2\/users\/4242"}],"replies":[{"embeddable":true,"href":"https:\/\/blogi.eoppimispalvelut.fi\/yhdessakasvuun\/wp-json\/wp\/v2\/comments?post=263"}],"version-history":[{"count":16,"href":"https:\/\/blogi.eoppimispalvelut.fi\/yhdessakasvuun\/wp-json\/wp\/v2\/pages\/263\/revisions"}],"predecessor-version":[{"id":556,"href":"https:\/\/blogi.eoppimispalvelut.fi\/yhdessakasvuun\/wp-json\/wp\/v2\/pages\/263\/revisions\/556"}],"wp:attachment":[{"href":"https:\/\/blogi.eoppimispalvelut.fi\/yhdessakasvuun\/wp-json\/wp\/v2\/media?parent=263"}],"curies":[{"name":"wp","href":"https:\/\/api.w.org\/{rel}","templated":true}]}}