{"id":266,"date":"2020-03-14T13:45:24","date_gmt":"2020-03-14T11:45:24","guid":{"rendered":"https:\/\/blogi.eoppimispalvelut.fi\/yhdessakasvuun\/?page_id=266"},"modified":"2020-05-03T07:13:42","modified_gmt":"2020-05-03T04:13:42","slug":"kayta-tarvittaessa-asiantuntija-apua","status":"publish","type":"page","link":"https:\/\/blogi.eoppimispalvelut.fi\/yhdessakasvuun\/kayta-tarvittaessa-asiantuntija-apua\/","title":{"rendered":"K\u00e4yt\u00e4 tarvittaessa asiantuntija-apua"},"content":{"rendered":"<p>&nbsp;<\/p>\n<p><em><img loading=\"lazy\" decoding=\"async\" class=\"size-full wp-image-173 alignleft\" src=\"https:\/\/blogi.eoppimispalvelut.fi\/yhdessakasvuun\/files\/2020\/03\/kuvake5-e1583766011396.png\" alt=\"\" width=\"100\" height=\"101\" \/><strong>Jos oma osaamisesi ei riit\u00e4, \u00e4l\u00e4 ep\u00e4r\u00f6in k\u00e4ytt\u00e4\u00e4 asiantuntija-apua.\u00a0Due\u00a0diligence\u00a0-selvityksen teett\u00e4misell\u00e4 v\u00e4lt\u00e4t\u00a0yritysostossasi\u00a0riskej\u00e4.\u00a0<\/strong><\/em><\/p>\n<p>&nbsp;<\/p>\n<p>&nbsp;<\/p>\n<p><span data-contrast=\"auto\">K<\/span><span data-contrast=\"auto\">annattaa k\u00e4ytt\u00e4\u00e4\u00a0<\/span><span data-contrast=\"auto\">asiantuntijaa\u00a0<\/span><span data-contrast=\"auto\">apuna yrityskauppahankinnoiss<\/span><span data-contrast=\"auto\">a<\/span><span data-contrast=\"auto\">.\u00a0 <\/span><span data-contrast=\"auto\">Due<\/span><span data-contrast=\"auto\">\u00a0<\/span><span data-contrast=\"auto\">diligence<\/span><span data-contrast=\"auto\">\u00a0-selvityksen teett\u00e4misell\u00e4 v\u00e4lt\u00e4t riskej\u00e4. Selvityksess\u00e4 saat tiedon yrityksen kunnosta sek\u00e4 kauppaan liittyvist\u00e4 riskeist\u00e4, kuten omistuksesta, lupa-asioista, verotuksesta sek\u00e4 sopimuksista. Tilinp\u00e4\u00e4t\u00f6kseen sek\u00e4 muihin asiakirjoihin on syyt\u00e4 tutustua huolellisesti. Yrityksen arvon sek\u00e4 kauppahinnan arvioimiseen on my\u00f6s hyv\u00e4 k\u00e4ytt\u00e4\u00e4 asiantuntijoiden osaamista.<\/span><span data-ccp-props=\"{&quot;201341983&quot;:0,&quot;335559739&quot;:160,&quot;335559740&quot;:259}\">\u00a0<\/span><\/p>\n<p><em>Aiheesta lis\u00e4\u00e4:<\/em><\/p>\n<p><a href=\"https:\/\/blogi.eoppimispalvelut.fi\/yhdessakasvuun\/2020\/04\/30\/ostaja-tunnista-yrityskaupan-riskitekijat\/\" target=\"_blank\" rel=\"noopener noreferrer\">Ostaja, tunnista yrityskaupan riskitekij\u00e4t<\/a><\/p>\n<p><a href=\"https:\/\/www.theseus.fi\/bitstream\/handle\/10024\/125294\/Niemi_Hannes.pdf?sequence=1&amp;isAllowed=y\" target=\"_blank\" rel=\"noopener noreferrer\">Data room\/ Due diligence -tarkastuslista,<\/a>\u00a0Niemi Hannes, Opinn\u00e4ytety\u00f6 Kauppa, hallinto ja oikeustieteet, Liiketalouden koulutusohjelma Lapin Amk<\/p>\n<p><a href=\"https:\/\/www.suomi.fi\/yritykselle\/muutokset-ja-kriisitilanteet\/omistajanvaihdokset-ja-yrityskaupat\/opas\/yrityksen-tai-osakkuuden-ostaminen\" target=\"_blank\" rel=\"noopener noreferrer\">Yrityksen tai osakkuuden ostaminen Suomi.fi<\/a><\/p>\n<p><iframe loading=\"lazy\" title=\"Miten yrityksen arvo m\u00e4\u00e4ritell\u00e4\u00e4n?\" width=\"584\" height=\"329\" src=\"https:\/\/www.youtube.com\/embed\/04meMXEDOkc?feature=oembed\" frameborder=\"0\" allow=\"accelerometer; autoplay; clipboard-write; encrypted-media; gyroscope; picture-in-picture; web-share\" referrerpolicy=\"strict-origin-when-cross-origin\" allowfullscreen><\/iframe><\/p>\n<p><a href=\"https:\/\/blogi.eoppimispalvelut.fi\/yhdessakasvuun\/yhdessa-kasvuun-opas\/hankintavaihe\/\"><img loading=\"lazy\" decoding=\"async\" class=\"wp-image-540 aligncenter\" src=\"https:\/\/blogi.eoppimispalvelut.fi\/yhdessakasvuun\/files\/2020\/03\/Takaisin-painike-300x171.png\" alt=\"\" width=\"70\" height=\"44\" \/><\/a><\/p>\n<hr \/>\n<p style=\"text-align: center\"><a href=\"https:\/\/blogi.eoppimispalvelut.fi\/yhdessakasvuun\/yhdessa-kasvuun-opas\/hankintavaihe\/\"><img loading=\"lazy\" decoding=\"async\" class=\"alignnone wp-image-159\" src=\"https:\/\/blogi.eoppimispalvelut.fi\/yhdessakasvuun\/files\/2020\/03\/1-300x171.png\" alt=\"\" width=\"124\" height=\"73\" \/><\/a>\u00a0 <a href=\"https:\/\/blogi.eoppimispalvelut.fi\/yhdessakasvuun\/yhdessa-kasvuun-opas\/toteutus-ja-julkistusvaihe\/\"><img loading=\"lazy\" decoding=\"async\" class=\"alignnone wp-image-160\" src=\"https:\/\/blogi.eoppimispalvelut.fi\/yhdessakasvuun\/files\/2020\/03\/2-300x171.png\" alt=\"\" width=\"124\" height=\"73\" \/><\/a> <a href=\"https:\/\/blogi.eoppimispalvelut.fi\/yhdessakasvuun\/yhdessa-kasvuun-opas\/haltuunottovaihe\/\"><img loading=\"lazy\" decoding=\"async\" class=\"alignnone wp-image-161\" src=\"https:\/\/blogi.eoppimispalvelut.fi\/yhdessakasvuun\/files\/2020\/03\/3-300x171.png\" alt=\"\" width=\"124\" height=\"73\" \/><\/a><\/p>\n<hr \/>\n<p>&nbsp;<\/p>\n<p>&nbsp;<\/p>\n","protected":false},"excerpt":{"rendered":"<p>&nbsp; Jos oma osaamisesi ei riit\u00e4, \u00e4l\u00e4 ep\u00e4r\u00f6in k\u00e4ytt\u00e4\u00e4 asiantuntija-apua.\u00a0Due\u00a0diligence\u00a0-selvityksen teett\u00e4misell\u00e4 v\u00e4lt\u00e4t\u00a0yritysostossasi\u00a0riskej\u00e4.\u00a0 &nbsp; &nbsp; Kannattaa k\u00e4ytt\u00e4\u00e4\u00a0asiantuntijaa\u00a0apuna yrityskauppahankinnoissa.\u00a0 Due\u00a0diligence\u00a0-selvityksen teett\u00e4misell\u00e4 v\u00e4lt\u00e4t riskej\u00e4. Selvityksess\u00e4 saat tiedon yrityksen kunnosta sek\u00e4 kauppaan liittyvist\u00e4 riskeist\u00e4, kuten omistuksesta, lupa-asioista, verotuksesta sek\u00e4 sopimuksista. Tilinp\u00e4\u00e4t\u00f6kseen sek\u00e4 muihin asiakirjoihin &hellip; <a href=\"https:\/\/blogi.eoppimispalvelut.fi\/yhdessakasvuun\/kayta-tarvittaessa-asiantuntija-apua\/\">Continue reading <span class=\"meta-nav\">&rarr;<\/span><\/a><\/p>\n","protected":false},"author":4242,"featured_media":0,"parent":0,"menu_order":0,"comment_status":"closed","ping_status":"closed","template":"","meta":{"_monsterinsights_skip_tracking":false,"_monsterinsights_sitenote_active":false,"_monsterinsights_sitenote_note":"","_monsterinsights_sitenote_category":0,"footnotes":""},"class_list":["post-266","page","type-page","status-publish","hentry"],"_links":{"self":[{"href":"https:\/\/blogi.eoppimispalvelut.fi\/yhdessakasvuun\/wp-json\/wp\/v2\/pages\/266","targetHints":{"allow":["GET"]}}],"collection":[{"href":"https:\/\/blogi.eoppimispalvelut.fi\/yhdessakasvuun\/wp-json\/wp\/v2\/pages"}],"about":[{"href":"https:\/\/blogi.eoppimispalvelut.fi\/yhdessakasvuun\/wp-json\/wp\/v2\/types\/page"}],"author":[{"embeddable":true,"href":"https:\/\/blogi.eoppimispalvelut.fi\/yhdessakasvuun\/wp-json\/wp\/v2\/users\/4242"}],"replies":[{"embeddable":true,"href":"https:\/\/blogi.eoppimispalvelut.fi\/yhdessakasvuun\/wp-json\/wp\/v2\/comments?post=266"}],"version-history":[{"count":12,"href":"https:\/\/blogi.eoppimispalvelut.fi\/yhdessakasvuun\/wp-json\/wp\/v2\/pages\/266\/revisions"}],"predecessor-version":[{"id":831,"href":"https:\/\/blogi.eoppimispalvelut.fi\/yhdessakasvuun\/wp-json\/wp\/v2\/pages\/266\/revisions\/831"}],"wp:attachment":[{"href":"https:\/\/blogi.eoppimispalvelut.fi\/yhdessakasvuun\/wp-json\/wp\/v2\/media?parent=266"}],"curies":[{"name":"wp","href":"https:\/\/api.w.org\/{rel}","templated":true}]}}