{"id":28,"date":"2020-02-14T09:02:05","date_gmt":"2020-02-14T07:02:05","guid":{"rendered":"https:\/\/blogi.eoppimispalvelut.fi\/yhdessakasvuun\/?page_id=28"},"modified":"2020-04-19T20:15:37","modified_gmt":"2020-04-19T17:15:37","slug":"haltuunottovaihe","status":"publish","type":"page","link":"https:\/\/blogi.eoppimispalvelut.fi\/yhdessakasvuun\/yhdessa-kasvuun-opas\/haltuunottovaihe\/","title":{"rendered":"Haltuunottovaihe"},"content":{"rendered":"<hr \/>\n<p><em><span class=\"TextRun Highlight SCXW232801387 BCX7\" lang=\"FI-FI\" xml:lang=\"FI-FI\" data-contrast=\"auto\"><span class=\"NormalTextRun SCXW232801387 BCX7\"><img loading=\"lazy\" decoding=\"async\" class=\"size-full wp-image-173 alignleft\" src=\"https:\/\/blogi.eoppimispalvelut.fi\/yhdessakasvuun\/files\/2020\/03\/kuvake5-e1583766011396.png\" alt=\"\" width=\"100\" height=\"101\" \/><br \/>\n<\/span><\/span><\/em><\/p>\n<p><strong><a href=\"https:\/\/blogi.eoppimispalvelut.fi\/yhdessakasvuun\/henkiloston-muutosjohtaminen\/\" target=\"_blank\" rel=\"noopener noreferrer\"><span class=\"TextRun SCXW244390371 BCX7\" lang=\"FI-FI\" xml:lang=\"FI-FI\" data-contrast=\"auto\"><span class=\"NormalTextRun SCXW244390371 BCX7\"><span class=\"TextRun SCXW179730857 BCX7\" lang=\"FI-FI\" xml:lang=\"FI-FI\" data-contrast=\"auto\"><span class=\"NormalTextRun SCXW179730857 BCX7\">HENKIL\u00d6ST\u00d6N MUUTOSJOHTAMINEN<\/span><\/span><\/span><\/span><\/a><\/strong><\/p>\n<p>&nbsp;<\/p>\n<p>&nbsp;<\/p>\n<hr \/>\n<p><span class=\"TextRun SCXW244390371 BCX7\" lang=\"FI-FI\" xml:lang=\"FI-FI\" data-contrast=\"auto\"><span class=\"NormalTextRun SCXW244390371 BCX7\"><span class=\"TextRun SCXW179730857 BCX7\" lang=\"FI-FI\" xml:lang=\"FI-FI\" data-contrast=\"auto\"><span class=\"NormalTextRun SCXW179730857 BCX7\"><img loading=\"lazy\" decoding=\"async\" class=\"size-full wp-image-169 alignleft\" src=\"https:\/\/blogi.eoppimispalvelut.fi\/yhdessakasvuun\/files\/2020\/03\/kuvake1-e1583754866861.png\" alt=\"\" width=\"100\" height=\"101\" \/><\/span><\/span><\/span><\/span><span class=\"TextRun SCXW244390371 BCX7\" lang=\"FI-FI\" xml:lang=\"FI-FI\" data-contrast=\"auto\"><span class=\"NormalTextRun SCXW244390371 BCX7\"><span class=\"TextRun SCXW179730857 BCX7\" lang=\"FI-FI\" xml:lang=\"FI-FI\" data-contrast=\"auto\"><span class=\"NormalTextRun SCXW179730857 BCX7\"><a href=\"https:\/\/blogi.eoppimispalvelut.fi\/yhdessakasvuun\/laadi-haltuunottosuunnitelma-aktiiviseen-vaiheeseen\/\" target=\"_blank\" rel=\"noopener noreferrer\"><strong>Laadi haltuunottosuunnitelma aktiiviseen vaiheeseen<\/strong><\/a><\/span><\/span><strong><span class=\"TextRun SCXW179730857 BCX7\" lang=\"FI-FI\" xml:lang=\"FI-FI\" data-contrast=\"auto\"><span class=\"NormalTextRun SCXW179730857 BCX7\">\u00a0<\/span><\/span><span class=\"EOP SCXW179730857 BCX7\" data-ccp-props=\"{&quot;201341983&quot;:0,&quot;335559739&quot;:160,&quot;335559740&quot;:259}\">\u00a0<\/span><\/strong><br \/>\n<\/span><\/span><\/p>\n<p><em><span class=\"EOP SCXW252541113 BCX7\" data-ccp-props=\"{&quot;201341983&quot;:0,&quot;335559739&quot;:160,&quot;335559740&quot;:259}\"><span class=\"TextRun Highlight SCXW249992935 BCX7\" lang=\"FI-FI\" xml:lang=\"FI-FI\" data-contrast=\"auto\"><span class=\"NormalTextRun SCXW249992935 BCX7\">Kunnollisella <\/span><\/span><span class=\"TextRun Highlight SCXW249992935 BCX7\" lang=\"FI-FI\" xml:lang=\"FI-FI\" data-contrast=\"auto\"><span class=\"NormalTextRun SCXW249992935 BCX7\">haltuunottosuunnitelmalla m\u00e4\u00e4rittelet, kuinka prosessia johdetaan. My\u00f6s taloudelliset, toiminnalliset ja aikataululliset tavoitteet, sek\u00e4 toimenpiteet henkil\u00f6st\u00f6\u00f6n, viestint\u00e4\u00e4n, asiakkaisiin, toimintojen yhdist\u00e4miseen ja\u00a0 liiketoiminnan kehitt\u00e4misen tulee suunnitella hyvin.<\/span><\/span><\/span><\/em><\/p>\n<p><a href=\"https:\/\/blogi.eoppimispalvelut.fi\/yhdessakasvuun\/laadi-haltuunottosuunnitelma-aktiiviseen-vaiheeseen\/\">Lue lis\u00e4\u00e4&#8230;<\/a><\/p>\n<hr \/>\n<p><b><span data-contrast=\"none\"><span class=\"TextRun SCXW206898941 BCX7\" lang=\"FI-FI\" xml:lang=\"FI-FI\" data-contrast=\"auto\"><span class=\"NormalTextRun SCXW206898941 BCX7\"><img loading=\"lazy\" decoding=\"async\" class=\"size-full wp-image-172 alignleft\" src=\"https:\/\/blogi.eoppimispalvelut.fi\/yhdessakasvuun\/files\/2020\/03\/kuvake4-e1583755421347.png\" alt=\"\" width=\"100\" height=\"100\" \/><\/span><\/span><\/span><\/b><a href=\"https:\/\/blogi.eoppimispalvelut.fi\/yhdessakasvuun\/jarjestelmaintegraatiot\/\" target=\"_blank\" rel=\"noopener noreferrer\"><strong><span class=\"TextRun BCX7 SCXW41721716\" lang=\"FI-FI\" xml:lang=\"FI-FI\" data-contrast=\"auto\"><span class=\"NormalTextRun BCX7 SCXW41721716\">J\u00e4rjestelm\u00e4integraatiot<\/span><\/span><\/strong><\/a><b><span data-contrast=\"none\"><br \/>\n<\/span><\/b><\/p>\n<p><em><span class=\"TextRun Highlight SCXW209807856 BCX7\" lang=\"FI-FI\" xml:lang=\"FI-FI\" data-contrast=\"auto\"><span class=\"NormalTextRun SCXW209807856 BCX7\">Tutustu ostettavan yrityksen j\u00e4rjestelmiin ja selvit\u00e4 millaisia olemassa olevia integraatioita ohjelmiin on valmiina. Aloita integraation tekeminen ja varaa riitt\u00e4v\u00e4sti aikaa ja resursseja sen toteuttamiseen.<\/span><\/span><span class=\"EOP SCXW209807856 BCX7\" data-ccp-props=\"{&quot;201341983&quot;:0,&quot;335559739&quot;:160,&quot;335559740&quot;:259}\">\u00a0<\/span><\/em><\/p>\n<p><a href=\"https:\/\/blogi.eoppimispalvelut.fi\/yhdessakasvuun\/jarjestelmaintegraatiot\/\">Lue lis\u00e4\u00e4&#8230;<\/a><\/p>\n<hr \/>\n<p><b><span data-contrast=\"auto\"><img loading=\"lazy\" decoding=\"async\" class=\"size-full wp-image-170 alignleft\" src=\"https:\/\/blogi.eoppimispalvelut.fi\/yhdessakasvuun\/files\/2020\/03\/kuvake2-e1584178749593.png\" alt=\"\" width=\"100\" height=\"101\" \/><\/span><\/b><a href=\"https:\/\/blogi.eoppimispalvelut.fi\/yhdessakasvuun\/muista-kaytannon-toimenpiteet-mukana-tulleiden-sopimusten-osalta\/\" target=\"_blank\" rel=\"noopener noreferrer\"><strong>Muista k\u00e4yt\u00e4nn\u00f6n toimenpiteet mukana\u00a0tulleiden sopimusten osalta.\u00a0\u00a0<\/strong><\/a><\/p>\n<p><em>Huolehdi siit\u00e4, ett\u00e4 hoidat\u00a0yrityskaupan mukana tulleita\u00a0sopimuksia ja\u00a0velvoitteita\u00a0hoidetaan\u00a0asianmukaisesti.\u00a0<\/em><\/p>\n<p>&nbsp;<\/p>\n<p><a href=\"https:\/\/blogi.eoppimispalvelut.fi\/yhdessakasvuun\/muista-kaytannon-toimenpiteet-mukana-tulleiden-sopimusten-osalta\/\">Lue lis\u00e4\u00e4&#8230;<\/a><\/p>\n<hr \/>\n<h1><span data-ccp-props=\"{&quot;201341983&quot;:0,&quot;335559739&quot;:160,&quot;335559740&quot;:259}\"><img loading=\"lazy\" decoding=\"async\" class=\"size-full wp-image-171 alignleft\" src=\"https:\/\/blogi.eoppimispalvelut.fi\/yhdessakasvuun\/files\/2020\/03\/kuvake3-e1583755315637.png\" alt=\"\" width=\"100\" height=\"101\" \/><a href=\"https:\/\/blogi.eoppimispalvelut.fi\/yhdessakasvuun\/seuranta-ja-mittarit\/\" target=\"_blank\" rel=\"noopener noreferrer\"><span class=\"TextRun SCXW207088521 BCX7\" lang=\"FI-FI\" xml:lang=\"FI-FI\" data-contrast=\"auto\"><span class=\"NormalTextRun SCXW207088521 BCX7\">Seuranta<\/span><\/span><span class=\"TextRun SCXW207088521 BCX7\" lang=\"FI-FI\" xml:lang=\"FI-FI\" data-contrast=\"auto\"><span class=\"NormalTextRun SCXW207088521 BCX7\">\u00a0ja mittarit<\/span><\/span><span class=\"EOP SCXW207088521 BCX7\" data-ccp-props=\"{&quot;201341983&quot;:0,&quot;335559739&quot;:160,&quot;335559740&quot;:259}\">\u00a0<\/span><\/a><br \/>\n<\/span><\/h1>\n<p><em><span class=\"TextRun Highlight SCXW67458290 BCX7\" lang=\"FI-FI\" xml:lang=\"FI-FI\" data-contrast=\"auto\"><span class=\"NormalTextRun SCXW67458290 BCX7\">Aseta tavoitteet onnistuneelle integraatiolle. Tavoitteita voivat olla pieni asiakaspoistuma, ty\u00f6ntekij\u00f6iden pysyvyys, liikeva<\/span><\/span><span class=\"TextRun Highlight SCXW67458290 BCX7\" lang=\"FI-FI\" xml:lang=\"FI-FI\" data-contrast=\"auto\"><span class=\"NormalTextRun SCXW67458290 BCX7\">ihdon kasvu,\u00a0<\/span><\/span><span class=\"TextRun Highlight SCXW67458290 BCX7\" lang=\"FI-FI\" xml:lang=\"FI-FI\" data-contrast=\"auto\"><span class=\"NormalTextRun SCXW67458290 BCX7\">myynti ja\u00a0<\/span><\/span><span class=\"TextRun Highlight SCXW67458290 BCX7\" lang=\"FI-FI\" xml:lang=\"FI-FI\" data-contrast=\"auto\"><span class=\"NormalTextRun SCXW67458290 BCX7\">asiakastyytyv\u00e4isyys.<\/span><\/span><span class=\"EOP SCXW67458290 BCX7\" data-ccp-props=\"{&quot;201341983&quot;:0,&quot;335559739&quot;:160,&quot;335559740&quot;:259}\">\u00a0<\/span><\/em><\/p>\n<p>&nbsp;<\/p>\n<p><a href=\"https:\/\/blogi.eoppimispalvelut.fi\/yhdessakasvuun\/seuranta-ja-mittarit\/\">Lue lis\u00e4\u00e4&#8230;<\/a><\/p>\n<hr \/>\n<h1><span data-ccp-props=\"{&quot;201341983&quot;:0,&quot;335559739&quot;:160,&quot;335559740&quot;:259}\"><b><img loading=\"lazy\" decoding=\"async\" class=\"size-full wp-image-172 alignleft\" src=\"https:\/\/blogi.eoppimispalvelut.fi\/yhdessakasvuun\/files\/2020\/03\/kuvake4-e1583755421347.png\" alt=\"\" width=\"100\" height=\"100\" \/><a href=\"https:\/\/blogi.eoppimispalvelut.fi\/yhdessakasvuun\/asiakastyo\/\" target=\"_blank\" rel=\"noopener noreferrer\"><span class=\"TextRun SCXW110940776 BCX7\" lang=\"FI-FI\" xml:lang=\"FI-FI\" data-contrast=\"auto\"><span class=\"NormalTextRun SCXW110940776 BCX7\">Asiak<\/span><\/span><span class=\"TextRun SCXW110940776 BCX7\" lang=\"FI-FI\" xml:lang=\"FI-FI\" data-contrast=\"auto\"><span class=\"NormalTextRun SCXW110940776 BCX7\">asty<\/span><\/span><span class=\"TextRun SCXW110940776 BCX7\" lang=\"FI-FI\" xml:lang=\"FI-FI\" data-contrast=\"auto\"><span class=\"NormalTextRun SCXW110940776 BCX7\">\u00f6<\/span><\/span><\/a><span class=\"EOP SCXW110940776 BCX7\" data-ccp-props=\"{&quot;201341983&quot;:0,&quot;335559739&quot;:160,&quot;335559740&quot;:259}\">\u00a0<\/span> <\/b>\u00a0<\/span><\/h1>\n<p><em><span class=\"TextRun Highlight SCXW141835664 BCX7\" lang=\"FI-FI\" xml:lang=\"FI-FI\" data-contrast=\"auto\"><span class=\"NormalTextRun SCXW141835664 BCX7\">Huolehdi\u00a0<\/span><\/span><span class=\"TextRun Highlight SCXW141835664 BCX7\" lang=\"FI-FI\" xml:lang=\"FI-FI\" data-contrast=\"auto\"><span class=\"NormalTextRun SCXW141835664 BCX7\">asiakkuuksien ja myynnin h\u00e4iri\u00f6tt\u00f6m\u00e4st\u00e4 ja<\/span><\/span><span class=\"TextRun Highlight SCXW141835664 BCX7\" lang=\"FI-FI\" xml:lang=\"FI-FI\" data-contrast=\"auto\"><span class=\"NormalTextRun SCXW141835664 BCX7\">tkumisesta kaupan teon j\u00e4lkeen. Analysoi asiakkuudet sek\u00e4 tuotetarjonta.<\/span><\/span><span class=\"TextRun Highlight SCXW141835664 BCX7\" lang=\"FI-FI\" xml:lang=\"FI-FI\" data-contrast=\"auto\"><span class=\"NormalTextRun SCXW141835664 BCX7\">\u00a0Yhdist\u00e4 tuotteiden hinnoittelu ja kaupalliset\u00a0<\/span><span class=\"ContextualSpellingAndGrammarError SCXW141835664 BCX7\">ehdot.<\/span><\/span><\/em><\/p>\n<p>&nbsp;<\/p>\n<p><a href=\"https:\/\/blogi.eoppimispalvelut.fi\/yhdessakasvuun\/asiakastyo\/\"><span class=\"TextRun SCXW109363190 BCX7\" lang=\"FI-FI\" xml:lang=\"FI-FI\" data-contrast=\"auto\"><span class=\"NormalTextRun SCXW109363190 BCX7\">Lue lis\u00e4\u00e4&#8230; <\/span><\/span><span class=\"EOP SCXW109363190 BCX7\" data-ccp-props=\"{&quot;201341983&quot;:0,&quot;335559739&quot;:160,&quot;335559740&quot;:259}\">\u00a0<\/span><\/a><\/p>\n<hr \/>\n<p style=\"text-align: center\"><a href=\"https:\/\/blogi.eoppimispalvelut.fi\/yhdessakasvuun\/yhdessa-kasvuun-opas\/hankintavaihe\/\"><img loading=\"lazy\" decoding=\"async\" class=\"alignnone wp-image-159\" src=\"https:\/\/blogi.eoppimispalvelut.fi\/yhdessakasvuun\/files\/2020\/03\/1-300x171.png\" alt=\"\" width=\"124\" height=\"73\" \/><\/a>\u00a0 <a href=\"https:\/\/blogi.eoppimispalvelut.fi\/yhdessakasvuun\/yhdessa-kasvuun-opas\/toteutus-ja-julkistusvaihe\/\"><img loading=\"lazy\" decoding=\"async\" class=\"alignnone wp-image-160\" src=\"https:\/\/blogi.eoppimispalvelut.fi\/yhdessakasvuun\/files\/2020\/03\/2-300x171.png\" alt=\"\" width=\"124\" height=\"73\" \/><\/a> <a href=\"https:\/\/blogi.eoppimispalvelut.fi\/yhdessakasvuun\/yhdessa-kasvuun-opas\/haltuunottovaihe\/\"><img loading=\"lazy\" decoding=\"async\" class=\"alignnone wp-image-161\" src=\"https:\/\/blogi.eoppimispalvelut.fi\/yhdessakasvuun\/files\/2020\/03\/3-300x171.png\" alt=\"\" width=\"124\" height=\"73\" \/><\/a><\/p>\n<hr \/>\n<p>&nbsp;<\/p>\n","protected":false},"excerpt":{"rendered":"<p>HENKIL\u00d6ST\u00d6N MUUTOSJOHTAMINEN &nbsp; &nbsp; Laadi haltuunottosuunnitelma aktiiviseen vaiheeseen\u00a0\u00a0 Kunnollisella haltuunottosuunnitelmalla m\u00e4\u00e4rittelet, kuinka prosessia johdetaan. My\u00f6s taloudelliset, toiminnalliset ja aikataululliset tavoitteet, sek\u00e4 toimenpiteet henkil\u00f6st\u00f6\u00f6n, viestint\u00e4\u00e4n, asiakkaisiin, toimintojen yhdist\u00e4miseen ja\u00a0 liiketoiminnan kehitt\u00e4misen tulee suunnitella hyvin. Lue lis\u00e4\u00e4&#8230; J\u00e4rjestelm\u00e4integraatiot Tutustu ostettavan yrityksen j\u00e4rjestelmiin &hellip; <a href=\"https:\/\/blogi.eoppimispalvelut.fi\/yhdessakasvuun\/yhdessa-kasvuun-opas\/haltuunottovaihe\/\">Continue reading <span class=\"meta-nav\">&rarr;<\/span><\/a><\/p>\n","protected":false},"author":4242,"featured_media":0,"parent":19,"menu_order":3,"comment_status":"closed","ping_status":"closed","template":"","meta":{"_monsterinsights_skip_tracking":false,"_monsterinsights_sitenote_active":false,"_monsterinsights_sitenote_note":"","_monsterinsights_sitenote_category":0,"footnotes":""},"class_list":["post-28","page","type-page","status-publish","hentry"],"_links":{"self":[{"href":"https:\/\/blogi.eoppimispalvelut.fi\/yhdessakasvuun\/wp-json\/wp\/v2\/pages\/28","targetHints":{"allow":["GET"]}}],"collection":[{"href":"https:\/\/blogi.eoppimispalvelut.fi\/yhdessakasvuun\/wp-json\/wp\/v2\/pages"}],"about":[{"href":"https:\/\/blogi.eoppimispalvelut.fi\/yhdessakasvuun\/wp-json\/wp\/v2\/types\/page"}],"author":[{"embeddable":true,"href":"https:\/\/blogi.eoppimispalvelut.fi\/yhdessakasvuun\/wp-json\/wp\/v2\/users\/4242"}],"replies":[{"embeddable":true,"href":"https:\/\/blogi.eoppimispalvelut.fi\/yhdessakasvuun\/wp-json\/wp\/v2\/comments?post=28"}],"version-history":[{"count":29,"href":"https:\/\/blogi.eoppimispalvelut.fi\/yhdessakasvuun\/wp-json\/wp\/v2\/pages\/28\/revisions"}],"predecessor-version":[{"id":760,"href":"https:\/\/blogi.eoppimispalvelut.fi\/yhdessakasvuun\/wp-json\/wp\/v2\/pages\/28\/revisions\/760"}],"up":[{"embeddable":true,"href":"https:\/\/blogi.eoppimispalvelut.fi\/yhdessakasvuun\/wp-json\/wp\/v2\/pages\/19"}],"wp:attachment":[{"href":"https:\/\/blogi.eoppimispalvelut.fi\/yhdessakasvuun\/wp-json\/wp\/v2\/media?parent=28"}],"curies":[{"name":"wp","href":"https:\/\/api.w.org\/{rel}","templated":true}]}}