{"id":284,"date":"2020-03-14T14:11:38","date_gmt":"2020-03-14T12:11:38","guid":{"rendered":"https:\/\/blogi.eoppimispalvelut.fi\/yhdessakasvuun\/?page_id=284"},"modified":"2020-03-22T20:30:09","modified_gmt":"2020-03-22T18:30:09","slug":"laadi-kauppakirja-ja-tee-muut-ostoon-liittyvat-sopimukset","status":"publish","type":"page","link":"https:\/\/blogi.eoppimispalvelut.fi\/yhdessakasvuun\/laadi-kauppakirja-ja-tee-muut-ostoon-liittyvat-sopimukset\/","title":{"rendered":"Laadi kauppakirja ja tee muut ostoon liittyv\u00e4t sopimukset"},"content":{"rendered":"<p><span class=\"TextRun SCXW244390371 BCX7\" lang=\"FI-FI\" xml:lang=\"FI-FI\" data-contrast=\"auto\"><span class=\"NormalTextRun SCXW244390371 BCX7\"><img loading=\"lazy\" decoding=\"async\" class=\"size-full wp-image-171 alignleft\" src=\"https:\/\/blogi.eoppimispalvelut.fi\/yhdessakasvuun\/files\/2020\/03\/kuvake3-e1583755315637.png\" alt=\"\" width=\"100\" height=\"101\" \/><\/span><\/span><\/p>\n<p><strong><em><span class=\"TextRun Highlight SCXW252541113 BCX7\" lang=\"FI-FI\" xml:lang=\"FI-FI\" data-contrast=\"auto\"><span class=\"NormalTextRun SCXW252541113 BCX7\">Yrityskaupan toteutuessa tehd\u00e4\u00e4n kauppakirja, mihin kaupan sitovat ehdot ovat kirjattu. Kauppakirjasta k\u00e4y ilmi, kaupan kohde, hinta, myyj\u00e4n vastuut, ostajan vastuut sek\u00e4 mihin menness\u00e4 ostajan tulee reagoida tilanteisiin.<\/span><\/span><span class=\"EOP SCXW252541113 BCX7\" data-ccp-props=\"{&quot;201341983&quot;:0,&quot;335559739&quot;:160,&quot;335559740&quot;:259}\">\u00a0<\/span><\/em><\/strong><\/p>\n<p>&nbsp;<\/p>\n<p><span data-contrast=\"auto\"><strong>Osakekauppa<\/strong><\/span><span data-ccp-props=\"{&quot;201341983&quot;:0,&quot;335559739&quot;:160,&quot;335559740&quot;:259}\">\u00a0<\/span><\/p>\n<p><span data-contrast=\"auto\">O<\/span><span data-contrast=\"auto\">sakekaup<\/span><span data-contrast=\"auto\">assa<\/span><span data-contrast=\"auto\">\u00a0kaupan kohteena on osakeyhti\u00f6n osakkeet. Osakkeenomistaja myy omistamansa osakkeet osta<\/span><span data-contrast=\"auto\">jalle. Kauppahinta maksetaan myyj\u00e4n\u00e4 olevalle osakkeenomistajalle<\/span><span data-contrast=\"auto\">.<\/span><span data-ccp-props=\"{&quot;201341983&quot;:0,&quot;335559739&quot;:160,&quot;335559740&quot;:259}\">\u00a0<\/span><\/p>\n<p><span data-contrast=\"auto\"><strong>Liiketoimintakauppa<\/strong><\/span><span data-ccp-props=\"{&quot;201341983&quot;:0,&quot;335559739&quot;:160,&quot;335559740&quot;:259}\">\u00a0<\/span><\/p>\n<p><span data-contrast=\"auto\">Liiketoimintakaupassa yhti\u00f6 myy liiketoiminnan siihen kuuluvine omaisuuserineen ostajalle.\u00a0<\/span><span data-contrast=\"auto\">Kauppahinta maksetaan yhti\u00f6lle. Siirtyv\u00e4\u00e4n liiketoimintaan kuuluvat sopimukset eiv\u00e4t l\u00e4ht\u00f6kohtaisesti siirry ostajalle. Sopimusten siirtymisest\u00e4 neuvoteltava\u00a0<\/span><span data-contrast=\"auto\">sopimuskumppaneiden kanssa.<\/span><span data-ccp-props=\"{&quot;201341983&quot;:0,&quot;335559739&quot;:160,&quot;335559740&quot;:259}\">\u00a0<\/span><\/p>\n<p><span data-contrast=\"auto\">Mik\u00e4li\u00a0<\/span><span data-contrast=\"auto\">yrityskauppa tehd\u00e4\u00e4n osakekauppana, sulautetaan ostettu yritys<\/span><span data-contrast=\"auto\"> yleens\u00e4 emoyhti\u00f6\u00f6n. Sulautumisessa sulautuvan yhti\u00f6n varat ja velat siir<\/span><span data-contrast=\"auto\">tyv\u00e4t yleissaantona<\/span><span data-contrast=\"auto\">\u00a0ja sulautuva yhti\u00f6 purkautuu selvitysmenettelytt\u00e4.<\/span><span data-contrast=\"auto\">\u00a0<\/span><span data-ccp-props=\"{&quot;201341983&quot;:0,&quot;335559739&quot;:160,&quot;335559740&quot;:259}\">\u00a0<\/span><\/p>\n<p><em>Aiheesta lis\u00e4\u00e4:<\/em><\/p>\n<p><a href=\"https:\/\/www.theseus.fi\/bitstream\/handle\/10024\/112974\/Tulkki_Petri.pdf?sequence=1\" target=\"_blank\" rel=\"noopener noreferrer\">Mikroyrityksen ostaminen tai osakkaaksi l\u00e4hteminen \u2013 kauppaprosessiin liittyv\u00e4t sopimukset, siirtyv\u00e4t vastuut ja riskienhallinta<\/a> Tulkki, Petri Opinn\u00e4ytety\u00f6 2016, Saimaan ammattikorkeakoulu<\/p>\n<p><iframe loading=\"lazy\" title=\"Yrityskaupan toteutustavat\" width=\"584\" height=\"329\" src=\"https:\/\/www.youtube.com\/embed\/oQf2yZMR8qA?feature=oembed\" frameborder=\"0\" allow=\"accelerometer; autoplay; clipboard-write; encrypted-media; gyroscope; picture-in-picture; web-share\" referrerpolicy=\"strict-origin-when-cross-origin\" allowfullscreen><\/iframe><br \/>\n<a href=\"https:\/\/www.yrittajat.fi\/yrittajan-abc\/omistajanvaihdos\/yrityskaupan-muistilista-318142\">Yritt\u00e4j\u00e4t &#8211; Yrityskaupan muistilista<\/a><\/p>\n<p><a href=\"https:\/\/www.castren.fi\/fi\/blogijauutiset\/blogi-2016\/nain-huomioit-tietosuojan-yrityskaupassa--6-vinkkia\/\">Tietosuojan huomioiminen yrityskaupassa &#8211; Castren &amp; Snellman<\/a><\/p>\n<p><a href=\"https:\/\/blogi.eoppimispalvelut.fi\/yhdessakasvuun\/yhdessa-kasvuun-opas\/toteutus-ja-julkistusvaihe\/\"><img loading=\"lazy\" decoding=\"async\" class=\"wp-image-540 aligncenter\" src=\"https:\/\/blogi.eoppimispalvelut.fi\/yhdessakasvuun\/files\/2020\/03\/Takaisin-painike-300x171.png\" alt=\"\" width=\"70\" height=\"44\" \/><\/a><\/p>\n<hr \/>\n<p style=\"text-align: center\"><a href=\"https:\/\/blogi.eoppimispalvelut.fi\/yhdessakasvuun\/yhdessa-kasvuun-opas\/hankintavaihe\/\"><img loading=\"lazy\" decoding=\"async\" class=\"alignnone wp-image-159\" src=\"https:\/\/blogi.eoppimispalvelut.fi\/yhdessakasvuun\/files\/2020\/03\/1-300x171.png\" alt=\"\" width=\"124\" height=\"73\" \/><\/a>\u00a0 <a href=\"https:\/\/blogi.eoppimispalvelut.fi\/yhdessakasvuun\/yhdessa-kasvuun-opas\/toteutus-ja-julkistusvaihe\/\"><img loading=\"lazy\" decoding=\"async\" class=\"alignnone wp-image-160\" src=\"https:\/\/blogi.eoppimispalvelut.fi\/yhdessakasvuun\/files\/2020\/03\/2-300x171.png\" alt=\"\" width=\"124\" height=\"73\" \/><\/a> <a href=\"https:\/\/blogi.eoppimispalvelut.fi\/yhdessakasvuun\/yhdessa-kasvuun-opas\/haltuunottovaihe\/\"><img loading=\"lazy\" decoding=\"async\" class=\"alignnone wp-image-161\" src=\"https:\/\/blogi.eoppimispalvelut.fi\/yhdessakasvuun\/files\/2020\/03\/3-300x171.png\" alt=\"\" width=\"124\" height=\"73\" \/><\/a><\/p>\n<hr \/>\n<p>&nbsp;<\/p>\n<p>&nbsp;<\/p>\n<p>&nbsp;<\/p>\n","protected":false},"excerpt":{"rendered":"<p>Yrityskaupan toteutuessa tehd\u00e4\u00e4n kauppakirja, mihin kaupan sitovat ehdot ovat kirjattu. Kauppakirjasta k\u00e4y ilmi, kaupan kohde, hinta, myyj\u00e4n vastuut, ostajan vastuut sek\u00e4 mihin menness\u00e4 ostajan tulee reagoida tilanteisiin.\u00a0 &nbsp; Osakekauppa\u00a0 Osakekaupassa\u00a0kaupan kohteena on osakeyhti\u00f6n osakkeet. Osakkeenomistaja myy omistamansa osakkeet ostajalle. Kauppahinta &hellip; <a href=\"https:\/\/blogi.eoppimispalvelut.fi\/yhdessakasvuun\/laadi-kauppakirja-ja-tee-muut-ostoon-liittyvat-sopimukset\/\">Continue reading <span class=\"meta-nav\">&rarr;<\/span><\/a><\/p>\n","protected":false},"author":4242,"featured_media":0,"parent":0,"menu_order":0,"comment_status":"closed","ping_status":"closed","template":"","meta":{"_monsterinsights_skip_tracking":false,"_monsterinsights_sitenote_active":false,"_monsterinsights_sitenote_note":"","_monsterinsights_sitenote_category":0,"footnotes":""},"class_list":["post-284","page","type-page","status-publish","hentry"],"_links":{"self":[{"href":"https:\/\/blogi.eoppimispalvelut.fi\/yhdessakasvuun\/wp-json\/wp\/v2\/pages\/284","targetHints":{"allow":["GET"]}}],"collection":[{"href":"https:\/\/blogi.eoppimispalvelut.fi\/yhdessakasvuun\/wp-json\/wp\/v2\/pages"}],"about":[{"href":"https:\/\/blogi.eoppimispalvelut.fi\/yhdessakasvuun\/wp-json\/wp\/v2\/types\/page"}],"author":[{"embeddable":true,"href":"https:\/\/blogi.eoppimispalvelut.fi\/yhdessakasvuun\/wp-json\/wp\/v2\/users\/4242"}],"replies":[{"embeddable":true,"href":"https:\/\/blogi.eoppimispalvelut.fi\/yhdessakasvuun\/wp-json\/wp\/v2\/comments?post=284"}],"version-history":[{"count":20,"href":"https:\/\/blogi.eoppimispalvelut.fi\/yhdessakasvuun\/wp-json\/wp\/v2\/pages\/284\/revisions"}],"predecessor-version":[{"id":554,"href":"https:\/\/blogi.eoppimispalvelut.fi\/yhdessakasvuun\/wp-json\/wp\/v2\/pages\/284\/revisions\/554"}],"wp:attachment":[{"href":"https:\/\/blogi.eoppimispalvelut.fi\/yhdessakasvuun\/wp-json\/wp\/v2\/media?parent=284"}],"curies":[{"name":"wp","href":"https:\/\/api.w.org\/{rel}","templated":true}]}}