{"id":291,"date":"2020-03-14T14:19:35","date_gmt":"2020-03-14T12:19:35","guid":{"rendered":"https:\/\/blogi.eoppimispalvelut.fi\/yhdessakasvuun\/?page_id=291"},"modified":"2020-03-22T20:23:13","modified_gmt":"2020-03-22T18:23:13","slug":"laadi-puitesuunnitelma-haltuunotosta","status":"publish","type":"page","link":"https:\/\/blogi.eoppimispalvelut.fi\/yhdessakasvuun\/laadi-puitesuunnitelma-haltuunotosta\/","title":{"rendered":"Laadi puitesuunnitelma haltuunotosta"},"content":{"rendered":"<hr \/>\n<p><b><span data-contrast=\"auto\"><span class=\"TextRun SCXW28117805 BCX7\" lang=\"FI-FI\" xml:lang=\"FI-FI\" data-contrast=\"auto\"><span class=\"NormalTextRun SCXW28117805 BCX7\"><img loading=\"lazy\" decoding=\"async\" class=\"size-full wp-image-173 alignleft\" src=\"https:\/\/blogi.eoppimispalvelut.fi\/yhdessakasvuun\/files\/2020\/03\/kuvake5-e1583766011396.png\" alt=\"\" width=\"100\" height=\"101\" \/><\/span><\/span><\/span><\/b><\/p>\n<p><strong><em>M\u00e4\u00e4rittele haltuunottoprojektille puitesuunnitelma, jotta saat ostosi tuottamaan tavoiteltua lis\u00e4arvoa suunnitellusti. Hyvin tehty puitesuunnitelma sis\u00e4lt\u00e4\u00e4 vision siit\u00e4, millaista yhteist\u00e4 tulevaisuutta halutaan tavoitella.<\/em><\/strong><\/p>\n<p><span data-contrast=\"auto\">Puitesuunnitelma<\/span><span data-contrast=\"auto\">\u00a0sis\u00e4lt\u00e4\u00e4\u00a0<\/span><span data-contrast=\"auto\">my\u00f6s\u00a0<\/span><span data-contrast=\"auto\">haltuunotto<\/span><span data-contrast=\"auto\">projektin\u00a0<\/span><span data-contrast=\"auto\">rajaukset,<\/span><span data-contrast=\"auto\">\u00a0<\/span><span data-contrast=\"auto\">tavoite<\/span><span data-contrast=\"auto\">aikataulut tai prosessin os<\/span><span data-contrast=\"auto\">i<\/span><span data-contrast=\"auto\">en tavoitedeadlinet, projektin k\u00e4yt\u00f6ss\u00e4 olevin resurssinen<\/span><span data-contrast=\"auto\">\u00a0m\u00e4\u00e4rittelyn (ty\u00f6voima ja talousresurssit)<\/span><span data-contrast=\"auto\">,<\/span><span data-contrast=\"auto\">\u00a0<\/span><span data-contrast=\"auto\">k<\/span><span data-contrast=\"auto\">riteerit onnistumiselle tai alustavat mittarit<\/span><span data-contrast=\"auto\">\u00a0eri osille<\/span><span data-contrast=\"auto\">.\u00a0<\/span><span data-contrast=\"auto\">Se ottaa huomioon mit\u00e4<\/span><span data-contrast=\"auto\">\u00a0yhteisty\u00f6tahoja projektissa tulee huomioida ja mik\u00e4 niiden rooli on. Lopuksi on\u00a0<\/span><span data-contrast=\"auto\">t\u00e4rke\u00e4\u00e4<\/span><span data-contrast=\"auto\">\u00a0mietti\u00e4 valmiiksi my\u00f6s avainhenkil\u00f6t niin\u00a0<\/span><span data-contrast=\"auto\">ohjaus- kuin projektiryhm\u00e4lle ja k\u00e4yd\u00e4\u00a0<\/span><span data-contrast=\"auto\">heid\u00e4n kanssaan\u00a0<\/span><span data-contrast=\"auto\">l\u00e4hetekeskustelut<\/span><span data-contrast=\"auto\">\u00a0ja tehd\u00e4 tarvittavat sopimukset<\/span><span data-contrast=\"auto\">\u00a0projektin l\u00e4piviemisest\u00e4.<\/span><span data-contrast=\"auto\">\u00a0<\/span><span data-contrast=\"auto\">On hyv\u00e4 huomioida, ett\u00e4 ryhmiss\u00e4 tulisi olla<\/span><span data-contrast=\"auto\">\u00a0<\/span><span data-contrast=\"auto\">tasapainoisesti\u00a0<\/span><span data-contrast=\"auto\">j\u00e4seni\u00e4<\/span><span data-contrast=\"auto\">\u00a0niin ostettavasta\u00a0<\/span><span data-contrast=\"auto\">kuin ostavasta organisaatiosta, jotta yhdess\u00e4 tekeminen\u00a0<\/span><span data-contrast=\"auto\">ja yhteisen kulttuurin muodostuminen\u00a0<\/span><span data-contrast=\"auto\">l\u00e4htee\u00a0<\/span><span data-contrast=\"auto\">kunnolla\u00a0<\/span><span data-contrast=\"auto\">k\u00e4yntiin heti\u00a0<\/span><span data-contrast=\"auto\">projektin startatessa<\/span><span data-contrast=\"auto\">.\u00a0<\/span><span data-contrast=\"auto\">Ohjaus- ja projektiryhmien\u00a0<\/span><span data-contrast=\"auto\">teht\u00e4v\u00e4n\u00e4\u00a0<\/span><span data-contrast=\"auto\">on huolehti<\/span><span data-contrast=\"auto\">a<\/span><span data-contrast=\"auto\">\u00a0siit\u00e4,<\/span><span data-contrast=\"auto\">\u00a0ett\u00e4 haltuunotto<\/span><span data-contrast=\"auto\">prosessi<\/span><span data-contrast=\"auto\">\u00a0etenee suunnitelman mukaan.<\/span><span data-ccp-props=\"{&quot;201341983&quot;:0,&quot;335559739&quot;:160,&quot;335559740&quot;:259}\">\u00a0<\/span><\/p>\n<p>Aiheesta lis\u00e4\u00e4:<\/p>\n<p><a href=\"https:\/\/unlimited.hamk.fi\/yrittajyys-ja-liiketoiminta\/miten-projektisuunnitelma-tehdaan\/#.XneHZagzZPY\">Miten projektisuunnitelma tehd\u00e4\u00e4n?<\/a>, M\u00e4ntyneva, M. (2016). <em>HAMK Unlimited Professional\u00a0<\/em>2.11.2016. Haettu 22.3.2020 osoitteesta https:\/\/unlimited.hamk.fi\/yrittajyys-ja-liiketoiminta\/miten-projektisuunnitelma-tehdaan\/<\/p>\n<p><a href=\"https:\/\/lindblad.fi\/wp-content\/uploads\/2019\/12\/Yrityksen-haltuunotto-2019.pdf\" target=\"_blank\" rel=\"noopener noreferrer\">Yrityksen haltuunotto<\/a>, Lindblad<\/p>\n<p>Katramo, Lauriala, Matinlauri; <a href=\"https:\/\/shop.almatalent.fi\/yrityskauppa\" target=\"_blank\" rel=\"noopener noreferrer\">Yrityskauppa<\/a>, kirja\u00a0\u00a0\u00a0 <a href=\"https:\/\/shop.almatalent.fi\/yrityskauppa\"><img loading=\"lazy\" decoding=\"async\" class=\"alignnone wp-image-193 size-thumbnail\" src=\"https:\/\/blogi.eoppimispalvelut.fi\/yhdessakasvuun\/files\/2020\/03\/yrityskauppakirjakuva-150x150.jpg\" alt=\"\" width=\"150\" height=\"150\" \/><\/a><\/p>\n<p><a href=\"https:\/\/blogi.eoppimispalvelut.fi\/yhdessakasvuun\/yhdessa-kasvuun-opas\/toteutus-ja-julkistusvaihe\/\"><img loading=\"lazy\" decoding=\"async\" class=\"wp-image-540 aligncenter\" src=\"https:\/\/blogi.eoppimispalvelut.fi\/yhdessakasvuun\/files\/2020\/03\/Takaisin-painike-300x171.png\" alt=\"\" width=\"70\" height=\"44\" \/><\/a><\/p>\n<hr \/>\n<p style=\"text-align: center\"><a href=\"https:\/\/blogi.eoppimispalvelut.fi\/yhdessakasvuun\/yhdessa-kasvuun-opas\/hankintavaihe\/\"><img loading=\"lazy\" decoding=\"async\" class=\"alignnone wp-image-159\" src=\"https:\/\/blogi.eoppimispalvelut.fi\/yhdessakasvuun\/files\/2020\/03\/1-300x171.png\" alt=\"\" width=\"124\" height=\"73\" \/><\/a>\u00a0 <a href=\"https:\/\/blogi.eoppimispalvelut.fi\/yhdessakasvuun\/yhdessa-kasvuun-opas\/toteutus-ja-julkistusvaihe\/\"><img loading=\"lazy\" decoding=\"async\" class=\"alignnone wp-image-160\" src=\"https:\/\/blogi.eoppimispalvelut.fi\/yhdessakasvuun\/files\/2020\/03\/2-300x171.png\" alt=\"\" width=\"124\" height=\"73\" \/><\/a> <a href=\"https:\/\/blogi.eoppimispalvelut.fi\/yhdessakasvuun\/yhdessa-kasvuun-opas\/haltuunottovaihe\/\"><img loading=\"lazy\" decoding=\"async\" class=\"alignnone wp-image-161\" src=\"https:\/\/blogi.eoppimispalvelut.fi\/yhdessakasvuun\/files\/2020\/03\/3-300x171.png\" alt=\"\" width=\"124\" height=\"73\" \/><\/a><\/p>\n<hr \/>\n<p>&nbsp;<\/p>\n<p>&nbsp;<\/p>\n<p>&nbsp;<\/p>\n","protected":false},"excerpt":{"rendered":"<p>M\u00e4\u00e4rittele haltuunottoprojektille puitesuunnitelma, jotta saat ostosi tuottamaan tavoiteltua lis\u00e4arvoa suunnitellusti. Hyvin tehty puitesuunnitelma sis\u00e4lt\u00e4\u00e4 vision siit\u00e4, millaista yhteist\u00e4 tulevaisuutta halutaan tavoitella. Puitesuunnitelma\u00a0sis\u00e4lt\u00e4\u00e4\u00a0my\u00f6s\u00a0haltuunottoprojektin\u00a0rajaukset,\u00a0tavoiteaikataulut tai prosessin osien tavoitedeadlinet, projektin k\u00e4yt\u00f6ss\u00e4 olevin resurssinen\u00a0m\u00e4\u00e4rittelyn (ty\u00f6voima ja talousresurssit),\u00a0kriteerit onnistumiselle tai alustavat mittarit\u00a0eri osille.\u00a0Se ottaa huomioon &hellip; <a href=\"https:\/\/blogi.eoppimispalvelut.fi\/yhdessakasvuun\/laadi-puitesuunnitelma-haltuunotosta\/\">Continue reading <span class=\"meta-nav\">&rarr;<\/span><\/a><\/p>\n","protected":false},"author":4242,"featured_media":0,"parent":0,"menu_order":0,"comment_status":"closed","ping_status":"closed","template":"","meta":{"_monsterinsights_skip_tracking":false,"_monsterinsights_sitenote_active":false,"_monsterinsights_sitenote_note":"","_monsterinsights_sitenote_category":0,"footnotes":""},"class_list":["post-291","page","type-page","status-publish","hentry"],"_links":{"self":[{"href":"https:\/\/blogi.eoppimispalvelut.fi\/yhdessakasvuun\/wp-json\/wp\/v2\/pages\/291","targetHints":{"allow":["GET"]}}],"collection":[{"href":"https:\/\/blogi.eoppimispalvelut.fi\/yhdessakasvuun\/wp-json\/wp\/v2\/pages"}],"about":[{"href":"https:\/\/blogi.eoppimispalvelut.fi\/yhdessakasvuun\/wp-json\/wp\/v2\/types\/page"}],"author":[{"embeddable":true,"href":"https:\/\/blogi.eoppimispalvelut.fi\/yhdessakasvuun\/wp-json\/wp\/v2\/users\/4242"}],"replies":[{"embeddable":true,"href":"https:\/\/blogi.eoppimispalvelut.fi\/yhdessakasvuun\/wp-json\/wp\/v2\/comments?post=291"}],"version-history":[{"count":13,"href":"https:\/\/blogi.eoppimispalvelut.fi\/yhdessakasvuun\/wp-json\/wp\/v2\/pages\/291\/revisions"}],"predecessor-version":[{"id":551,"href":"https:\/\/blogi.eoppimispalvelut.fi\/yhdessakasvuun\/wp-json\/wp\/v2\/pages\/291\/revisions\/551"}],"wp:attachment":[{"href":"https:\/\/blogi.eoppimispalvelut.fi\/yhdessakasvuun\/wp-json\/wp\/v2\/media?parent=291"}],"curies":[{"name":"wp","href":"https:\/\/api.w.org\/{rel}","templated":true}]}}