{"id":4,"date":"2020-02-12T19:38:05","date_gmt":"2020-02-12T17:38:05","guid":{"rendered":"https:\/\/blogi.eoppimispalvelut.fi\/yhdessakasvuun\/?page_id=4"},"modified":"2020-02-29T11:19:18","modified_gmt":"2020-02-29T09:19:18","slug":"tietoja-meista","status":"publish","type":"page","link":"https:\/\/blogi.eoppimispalvelut.fi\/yhdessakasvuun\/tietoja-meista\/","title":{"rendered":"Tietoja meist\u00e4"},"content":{"rendered":"<p><img loading=\"lazy\" decoding=\"async\" class=\"alignnone size-medium wp-image-43\" src=\"https:\/\/blogi.eoppimispalvelut.fi\/yhdessakasvuun\/files\/2020\/02\/Sanna.jpg\" alt=\"\" width=\"207\" height=\"232\" \/><\/p>\n<p><strong>Sanna Tainio, projektip\u00e4\u00e4llikk\u00f6<br \/>\n<\/strong><\/p>\n<p><span class=\"TextRun SCXW142441912 BCX7\" lang=\"FI-FI\" xml:lang=\"FI-FI\" data-contrast=\"none\"><span class=\"NormalTextRun SCXW142441912 BCX7\">Sanna <\/span><\/span><span class=\"TextRun SCXW142441912 BCX7\" lang=\"FI-FI\" xml:lang=\"FI-FI\" data-contrast=\"none\"><span class=\"NormalTextRun SCXW142441912 BCX7\">aloitti Lapin AMK:ssa tammikuussa 2019 tradenomiopinnot. H\u00e4n on aiemmin opiskellut nuoriso- ja vapaa-ajanohjaajaksi sek\u00e4 merkonomiksi. Aikaisempaa ty\u00f6kokemusta koostuu l\u00e4hinn\u00e4 kaupalliselta alalta, miss\u00e4 h\u00e4n on toiminut sek\u00e4 ty\u00f6ntekij\u00e4n\u00e4, ett\u00e4 esimies<\/span><\/span><span class=\"TextRun SCXW142441912 BCX7\" lang=\"FI-FI\" xml:lang=\"FI-FI\" data-contrast=\"none\"><span class=\"NormalTextRun SCXW142441912 BCX7\">asemassa<\/span><\/span><span class=\"TextRun SCXW142441912 BCX7\" lang=\"FI-FI\" xml:lang=\"FI-FI\" data-contrast=\"none\"><span class=\"NormalTextRun SCXW142441912 BCX7\">. Vapaa-aika Sannalta menee liikkuen, sek\u00e4 perheen parissa.<\/span><\/span><span class=\"TextRun SCXW142441912 BCX7\" lang=\"FI-FI\" xml:lang=\"FI-FI\" data-contrast=\"auto\"><span class=\"NormalTextRun SCXW142441912 BCX7\">\u00a0<\/span><\/span><span class=\"TextRun SCXW142441912 BCX7\" lang=\"FI-FI\" xml:lang=\"FI-FI\" data-contrast=\"none\"><span class=\"NormalTextRun SCXW142441912 BCX7\">Projektity\u00f6skentely on Sannalle uusi tapa toimia, joten h\u00e4n odottaakin oppivansa paljon projektitoiminnasta t\u00e4m\u00e4n Yhdess\u00e4 kasvuun -oppimisprojektin kautta ja kehitt\u00e4m\u00e4\u00e4n n\u00e4in omaa osaamistaan projektitoiminnassa.<\/span><\/span><span class=\"EOP SCXW142441912 BCX7\" data-ccp-props=\"{&quot;201341983&quot;:0,&quot;335559739&quot;:160,&quot;335559740&quot;:259}\">\u00a0<\/span><\/p>\n<p><img loading=\"lazy\" decoding=\"async\" class=\"alignnone size-medium wp-image-41\" src=\"https:\/\/blogi.eoppimispalvelut.fi\/yhdessakasvuun\/files\/2020\/02\/kuvaOili-226x300.jpeg\" alt=\"\" width=\"226\" height=\"300\" srcset=\"https:\/\/blogi.eoppimispalvelut.fi\/yhdessakasvuun\/files\/2020\/02\/kuvaOili-226x300.jpeg 226w, https:\/\/blogi.eoppimispalvelut.fi\/yhdessakasvuun\/files\/2020\/02\/kuvaOili-770x1024.jpeg 770w, https:\/\/blogi.eoppimispalvelut.fi\/yhdessakasvuun\/files\/2020\/02\/kuvaOili-768x1021.jpeg 768w, https:\/\/blogi.eoppimispalvelut.fi\/yhdessakasvuun\/files\/2020\/02\/kuvaOili.jpeg 1055w\" sizes=\"auto, (max-width: 226px) 100vw, 226px\" \/><\/p>\n<p><strong>Oili Kangas, viestint\u00e4vastaava<\/strong><\/p>\n<p>Oili ty\u00f6skentelee Sodankyl\u00e4n kunnassa toimistosihteerin\u00e4. Vapaa-ajalla Oili opiskelee Lapin ammattikorkeakoulussa liiketaloutta.<span data-contrast=\"auto\"><br \/>\n<\/span><\/p>\n<p><img loading=\"lazy\" decoding=\"async\" class=\"alignnone size-medium wp-image-42\" src=\"https:\/\/blogi.eoppimispalvelut.fi\/yhdessakasvuun\/files\/2020\/02\/Reijo-196x300.jpg\" alt=\"\" width=\"196\" height=\"300\" srcset=\"https:\/\/blogi.eoppimispalvelut.fi\/yhdessakasvuun\/files\/2020\/02\/Reijo-196x300.jpg 196w, https:\/\/blogi.eoppimispalvelut.fi\/yhdessakasvuun\/files\/2020\/02\/Reijo-668x1024.jpg 668w, https:\/\/blogi.eoppimispalvelut.fi\/yhdessakasvuun\/files\/2020\/02\/Reijo-768x1177.jpg 768w, https:\/\/blogi.eoppimispalvelut.fi\/yhdessakasvuun\/files\/2020\/02\/Reijo-1002x1536.jpg 1002w, https:\/\/blogi.eoppimispalvelut.fi\/yhdessakasvuun\/files\/2020\/02\/Reijo.jpg 1219w\" sizes=\"auto, (max-width: 196px) 100vw, 196px\" \/><\/p>\n<p><span data-contrast=\"auto\"><strong>Reijo Karjalainen, haastattelu- &amp; yhteysty\u00f6kumppanien yhteyshenkil\u00f6<\/strong><\/span><\/p>\n<p><span data-contrast=\"auto\">Reijo opiskelee Lapin ammattikorkeakoulussa liiketalouden tradenomiksi ja ty\u00f6skentelee Arctic Drilling Company Oy Ltd:ss\u00e4 talousp\u00e4\u00e4llikk\u00f6n\u00e4.\u00a0<\/span><span data-ccp-props=\"{&quot;201341983&quot;:0,&quot;335559685&quot;:1134,&quot;335559737&quot;:851,&quot;335559739&quot;:160,&quot;335559740&quot;:259}\"><br \/>\n<\/span><\/p>\n<p><strong><img loading=\"lazy\" decoding=\"async\" class=\"alignnone size-medium wp-image-40\" src=\"https:\/\/blogi.eoppimispalvelut.fi\/yhdessakasvuun\/files\/2020\/02\/Katri-kuva-173x300.jpg\" alt=\"\" width=\"173\" height=\"300\" srcset=\"https:\/\/blogi.eoppimispalvelut.fi\/yhdessakasvuun\/files\/2020\/02\/Katri-kuva-173x300.jpg 173w, https:\/\/blogi.eoppimispalvelut.fi\/yhdessakasvuun\/files\/2020\/02\/Katri-kuva.jpg 547w\" sizes=\"auto, (max-width: 173px) 100vw, 173px\" \/><\/strong><\/p>\n<p><strong>Katri Rytil\u00e4, laaja-alainen asiantuntija, haastatteluvastaava<\/strong><\/p>\n<p><span data-usefontface=\"true\" data-contrast=\"none\">Katri on <\/span><span data-contrast=\"auto\">liiketalouden opiskelija, joka opiskelee monimuotoisena Lapin ammattikorkeakoulussa. Katri <\/span><span data-contrast=\"auto\">ty\u00f6skentelee<\/span><span data-contrast=\"auto\">\u00a0tilitoimistossa, mutta<\/span><span data-contrast=\"auto\">\u00a0viett\u00e4\u00e4<\/span><span data-contrast=\"auto\">\u00a0t\u00e4ll\u00e4 hetkell\u00e4 pari<\/span><span data-contrast=\"auto\">n<\/span><span data-contrast=\"auto\">\u00a0vuo<\/span><span data-contrast=\"auto\">den<\/span><span data-contrast=\"auto\">\u00a0opintovapaa<\/span><span data-contrast=\"auto\">ta.<\/span><span data-contrast=\"auto\">\u00a0<\/span><span data-contrast=\"auto\">Vapaa-aika Katrilla kuluu perheen kanssa harrastellessa ja kuntosalilla tr<\/span><span data-contrast=\"auto\">eenatessa.<\/span><span data-ccp-props=\"{}\">\u00a0<\/span><\/p>\n<p><img loading=\"lazy\" decoding=\"async\" class=\"alignnone wp-image-60\" src=\"https:\/\/blogi.eoppimispalvelut.fi\/yhdessakasvuun\/files\/2020\/02\/Henri-Mattinen-1-300x300.jpg\" alt=\"\" width=\"185\" height=\"185\" srcset=\"https:\/\/blogi.eoppimispalvelut.fi\/yhdessakasvuun\/files\/2020\/02\/Henri-Mattinen-1-300x300.jpg 300w, https:\/\/blogi.eoppimispalvelut.fi\/yhdessakasvuun\/files\/2020\/02\/Henri-Mattinen-1-150x150.jpg 150w, https:\/\/blogi.eoppimispalvelut.fi\/yhdessakasvuun\/files\/2020\/02\/Henri-Mattinen-1.jpg 445w\" sizes=\"auto, (max-width: 185px) 100vw, 185px\" \/><\/p>\n<p><strong>Henri Mattinen, asiantuntija &amp; tekninen vastaava<\/strong><\/p>\n<p><span class=\"TextRun SCXW142441912 BCX7\" lang=\"FI-FI\" xml:lang=\"FI-FI\" data-contrast=\"none\"><span class=\"NormalTextRun SCXW142441912 BCX7\">Henri <\/span><\/span><span class=\"TextRun SCXW142441912 BCX7\" lang=\"FI-FI\" xml:lang=\"FI-FI\" data-contrast=\"none\"><span class=\"NormalTextRun SCXW142441912 BCX7\">aloitti liiketalouden monimuoto-opintonsa Lapin AMK:ssa tammikuussa 2019, tavoitteenaan p\u00e4ivitt\u00e4\u00e4 osaamistaan erityisesti taloushallinnon osalta. Henri on toiminut liike-el\u00e4m\u00e4n palveluksessa jo l\u00e4hes 30 vuotta, josta<\/span><\/span><span class=\"TextRun SCXW142441912 BCX7\" lang=\"FI-FI\" xml:lang=\"FI-FI\" data-contrast=\"none\"><span class=\"NormalTextRun SCXW142441912 BCX7\"> pisin ty\u00f6kokemus media-alalta, mainonnan ja markkinointiratkaisujen myynnin, sek\u00e4 alan esimiesty\u00f6n ja liikkeenjohdon teht\u00e4viss\u00e4. Vapaa ajallaan h\u00e4n harrastelee mm. moottoripy\u00f6rien ja autojen, sek\u00e4 kotinikkaroinnin parissa.<\/span><\/span><span class=\"TextRun SCXW142441912 BCX7\" lang=\"FI-FI\" xml:lang=\"FI-FI\" data-contrast=\"auto\"><span class=\"NormalTextRun SCXW142441912 BCX7\"> Henri on ollut mukana erilaisissa kehitysprojekteissa ja tuo ryhm\u00e4n ty\u00f6skentyyn omaa aiempaa osaamistaan mm. liiketominnan laajentamisprojekteista ja viestinn\u00e4st\u00e4, mutta ennen kaikkea on mukana kehitty\u00e4kseen ja oppiakseen itse paljon uutta. <\/span><\/span><\/p>\n<p>Lis\u00e4\u00e4 tietoa Henrin Linkedin profiilista: <a href=\"https:\/\/www.linkedin.com\/in\/henrimattinen\/\">https:\/\/www.linkedin.com\/in\/henrimattinen\/<\/a>\u00a0 H\u00e4nelle saa my\u00f6s laittaa verkostoitumispyynt\u00f6j\u00e4 Linkediniss\u00e4.<\/p>\n<p>&nbsp;<\/p>\n","protected":false},"excerpt":{"rendered":"<p>Sanna Tainio, projektip\u00e4\u00e4llikk\u00f6 Sanna aloitti Lapin AMK:ssa tammikuussa 2019 tradenomiopinnot. H\u00e4n on aiemmin opiskellut nuoriso- ja vapaa-ajanohjaajaksi sek\u00e4 merkonomiksi. Aikaisempaa ty\u00f6kokemusta koostuu l\u00e4hinn\u00e4 kaupalliselta alalta, miss\u00e4 h\u00e4n on toiminut sek\u00e4 ty\u00f6ntekij\u00e4n\u00e4, ett\u00e4 esimiesasemassa. Vapaa-aika Sannalta menee liikkuen, sek\u00e4 perheen parissa.\u00a0Projektity\u00f6skentely &hellip; <a href=\"https:\/\/blogi.eoppimispalvelut.fi\/yhdessakasvuun\/tietoja-meista\/\">Continue reading <span class=\"meta-nav\">&rarr;<\/span><\/a><\/p>\n","protected":false},"author":4242,"featured_media":0,"parent":0,"menu_order":0,"comment_status":"closed","ping_status":"closed","template":"","meta":{"_monsterinsights_skip_tracking":false,"_monsterinsights_sitenote_active":false,"_monsterinsights_sitenote_note":"","_monsterinsights_sitenote_category":0,"footnotes":""},"class_list":["post-4","page","type-page","status-publish","hentry"],"_links":{"self":[{"href":"https:\/\/blogi.eoppimispalvelut.fi\/yhdessakasvuun\/wp-json\/wp\/v2\/pages\/4","targetHints":{"allow":["GET"]}}],"collection":[{"href":"https:\/\/blogi.eoppimispalvelut.fi\/yhdessakasvuun\/wp-json\/wp\/v2\/pages"}],"about":[{"href":"https:\/\/blogi.eoppimispalvelut.fi\/yhdessakasvuun\/wp-json\/wp\/v2\/types\/page"}],"author":[{"embeddable":true,"href":"https:\/\/blogi.eoppimispalvelut.fi\/yhdessakasvuun\/wp-json\/wp\/v2\/users\/4242"}],"replies":[{"embeddable":true,"href":"https:\/\/blogi.eoppimispalvelut.fi\/yhdessakasvuun\/wp-json\/wp\/v2\/comments?post=4"}],"version-history":[{"count":8,"href":"https:\/\/blogi.eoppimispalvelut.fi\/yhdessakasvuun\/wp-json\/wp\/v2\/pages\/4\/revisions"}],"predecessor-version":[{"id":120,"href":"https:\/\/blogi.eoppimispalvelut.fi\/yhdessakasvuun\/wp-json\/wp\/v2\/pages\/4\/revisions\/120"}],"wp:attachment":[{"href":"https:\/\/blogi.eoppimispalvelut.fi\/yhdessakasvuun\/wp-json\/wp\/v2\/media?parent=4"}],"curies":[{"name":"wp","href":"https:\/\/api.w.org\/{rel}","templated":true}]}}