{"id":670,"date":"2020-04-05T10:03:35","date_gmt":"2020-04-05T07:03:35","guid":{"rendered":"https:\/\/blogi.eoppimispalvelut.fi\/yhdessakasvuun\/?page_id=670"},"modified":"2020-05-03T18:51:42","modified_gmt":"2020-05-03T15:51:42","slug":"medialle-ja-sidosryhmille","status":"publish","type":"page","link":"https:\/\/blogi.eoppimispalvelut.fi\/yhdessakasvuun\/medialle-ja-sidosryhmille\/","title":{"rendered":"Medialle ja sidosryhmille"},"content":{"rendered":"<p>Yhdess\u00e4 kasvuun -projektin tavoitteena on tuottaa tietoa yrityskauppaprosessista. Viestint\u00e4mme keskeisi\u00e4 l\u00e4ht\u00f6kohtia ovat avoimuus, luotettavuus ja aktiivisuus.<\/p>\n<p>T\u00e4lle sivulle olemme koonneet medialle ja sidosryhmille mielenkiintoista ja ajankohtaista tietoa, projektiin liittyv\u00e4\u00e4 tiedotettavaa sek\u00e4 muuta materiaalia.<\/p>\n<p><a href=\"https:\/\/blogi.eoppimispalvelut.fi\/yhdessakasvuun\/2020\/04\/14\/lehdistotiedote-henkilosto-ratkaisee-yrityskaupan-onnistumisen\/\" target=\"_blank\" rel=\"noopener noreferrer\">Lehdist\u00f6tiedote 14.4.2020<\/a><\/p>\n<p><a href=\"https:\/\/blogi.eoppimispalvelut.fi\/yhdessakasvuun\/posteri\/\" target=\"_blank\" rel=\"noopener noreferrer\">Posteri<\/a><\/p>\n<p><a href=\"https:\/\/blogi.eoppimispalvelut.fi\/yhdessakasvuun\/logomme\/\" target=\"_blank\" rel=\"noopener noreferrer\">Logo<\/a><\/p>\n","protected":false},"excerpt":{"rendered":"<p>Yhdess\u00e4 kasvuun -projektin tavoitteena on tuottaa tietoa yrityskauppaprosessista. Viestint\u00e4mme keskeisi\u00e4 l\u00e4ht\u00f6kohtia ovat avoimuus, luotettavuus ja aktiivisuus. T\u00e4lle sivulle olemme koonneet medialle ja sidosryhmille mielenkiintoista ja ajankohtaista tietoa, projektiin liittyv\u00e4\u00e4 tiedotettavaa sek\u00e4 muuta materiaalia. Lehdist\u00f6tiedote 14.4.2020 Posteri Logo<\/p>\n","protected":false},"author":4242,"featured_media":0,"parent":0,"menu_order":0,"comment_status":"closed","ping_status":"closed","template":"","meta":{"_monsterinsights_skip_tracking":false,"_monsterinsights_sitenote_active":false,"_monsterinsights_sitenote_note":"","_monsterinsights_sitenote_category":0,"footnotes":""},"class_list":["post-670","page","type-page","status-publish","hentry"],"_links":{"self":[{"href":"https:\/\/blogi.eoppimispalvelut.fi\/yhdessakasvuun\/wp-json\/wp\/v2\/pages\/670","targetHints":{"allow":["GET"]}}],"collection":[{"href":"https:\/\/blogi.eoppimispalvelut.fi\/yhdessakasvuun\/wp-json\/wp\/v2\/pages"}],"about":[{"href":"https:\/\/blogi.eoppimispalvelut.fi\/yhdessakasvuun\/wp-json\/wp\/v2\/types\/page"}],"author":[{"embeddable":true,"href":"https:\/\/blogi.eoppimispalvelut.fi\/yhdessakasvuun\/wp-json\/wp\/v2\/users\/4242"}],"replies":[{"embeddable":true,"href":"https:\/\/blogi.eoppimispalvelut.fi\/yhdessakasvuun\/wp-json\/wp\/v2\/comments?post=670"}],"version-history":[{"count":12,"href":"https:\/\/blogi.eoppimispalvelut.fi\/yhdessakasvuun\/wp-json\/wp\/v2\/pages\/670\/revisions"}],"predecessor-version":[{"id":835,"href":"https:\/\/blogi.eoppimispalvelut.fi\/yhdessakasvuun\/wp-json\/wp\/v2\/pages\/670\/revisions\/835"}],"wp:attachment":[{"href":"https:\/\/blogi.eoppimispalvelut.fi\/yhdessakasvuun\/wp-json\/wp\/v2\/media?parent=670"}],"curies":[{"name":"wp","href":"https:\/\/api.w.org\/{rel}","templated":true}]}}