{"id":1290,"date":"2021-04-14T17:52:12","date_gmt":"2021-04-14T14:52:12","guid":{"rendered":"https:\/\/blogi.eoppimispalvelut.fi\/yrittajaksilappiin\/?page_id=1290"},"modified":"2021-12-16T15:41:42","modified_gmt":"2021-12-16T13:41:42","slug":"saavutettavuustiedote","status":"publish","type":"page","link":"https:\/\/blogi.eoppimispalvelut.fi\/yrittajaksilappiin\/saavutettavuustiedote\/","title":{"rendered":"Saavutettavuustiedote"},"content":{"rendered":"<h2>Verkkosivuston Yritt\u00e4j\u00e4ksi Lappiin MOOC-hanke saavutettavuustiedote<\/h2>\n<p>T\u00e4m\u00e4 saavutettavuustiedote koskee Yritt\u00e4j\u00e4ksi Lappiin MOOC -hankkeen verkkosivustoa. Saavutettavuutiedote kuvaa saavutettavuusvaatimuksia, jotka m\u00e4\u00e4ritell\u00e4\u00e4n WCAG 2.1 ohjeistuksessa (<a href=\"https:\/\/www.w3.org\/WAI\/WCAG21\/quickref\/\">Web Content Accessibility Guidelines (WCAG) 2.1, levels A and AA<\/a>).<\/p>\n<p>T\u00e4m\u00e4 tiedote kuvaa tunnistetut puutteet saavutettavuudessa t\u00e4ss\u00e4 palvelussa ja kertoo, mihin tahoon tulee ottaa yhteytt\u00e4 palautteenantamiseksi. Kriittiset puutteet saavutettavuudessa kuvataan alla. Palvelun saavutettavuus on arvioitu itse.<\/p>\n<p>&nbsp;<\/p>\n<p>Digipalvelun saavutettavuuden tila: verkkosivusto ei ole kaikilta osin vaatimusten mukainen.<\/p>\n<p>&nbsp;<\/p>\n<h3>Oletko huomannut puutteita saavutettavuudessa?<\/h3>\n<p>Verkkosivustoa kehitet\u00e4\u00e4n aktiivisesti. Oletko huomannut saavutettavuudessa ongelmia? Anna ensin palautetta sivuston yll\u00e4pit\u00e4j\u00e4lle. Yrit\u00e4mme korjata ongelman niin nopeasti kuin mahdollista. Vastauksessa voi menn\u00e4 14 p\u00e4iv\u00e4\u00e4.<\/p>\n<p>L\u00e4het\u00e4 s\u00e4hk\u00f6postia: antti.haase [at] lapinamk.fi (projektip\u00e4\u00e4llikk\u00f6, Lapin ammattikorkeakoulu) tai paivi.alapartanen [at] lapinamk.fi (projektip\u00e4\u00e4llikk\u00f6, Lapin yliopisto)<\/p>\n<p>&nbsp;<\/p>\n<h3>Valvontaviranomainen<\/h3>\n<p>Jos et ole tyytyv\u00e4inen sivuston yll\u00e4pit\u00e4j\u00e4n vastaukseen, voit tehd\u00e4 ilmoituksen\u00a0<a href=\"https:\/\/www.saavutettavuusvaatimukset.fi\/oikeutesi\/ilmoita-ongelmasta-saavutettavuudessa\/\">Etel\u00e4-Suomen aluehallintovirastoon<\/a>.<\/p>\n<p>&nbsp;<\/p>\n<p>T\u00e4m\u00e4 saavutettavuusseloste on laadittu \/ p\u00e4ivitetty 18.5.2021<\/p>\n<p>&nbsp;<\/p>\n<p>&nbsp;<\/p>\n<hr \/>\n<p>Kuval\u00e4hde: Lapinliitto | Lapin Materiaalipankki | Terhi Tuovinen<\/p>\n","protected":false},"excerpt":{"rendered":"<p>Verkkosivuston Yritt\u00e4j\u00e4ksi Lappiin MOOC-hanke saavutettavuustiedote T\u00e4m\u00e4 saavutettavuustiedote koskee Yritt\u00e4j\u00e4ksi Lappiin MOOC -hankkeen verkkosivustoa. Saavutettavuutiedote kuvaa saavutettavuusvaatimuksia, jotka m\u00e4\u00e4ritell\u00e4\u00e4n WCAG 2.1 ohjeistuksessa (Web Content Accessibility Guidelines (WCAG) 2.1, levels A and AA). T\u00e4m\u00e4 tiedote kuvaa tunnistetut puutteet saavutettavuudessa t\u00e4ss\u00e4 palvelussa ja kertoo, mihin tahoon tulee ottaa yhteytt\u00e4 palautteenantamiseksi. Kriittiset puutteet saavutettavuudessa kuvataan alla. Palvelun saavutettavuus on [&hellip;]<\/p>\n","protected":false},"author":4381,"featured_media":1205,"parent":0,"menu_order":0,"comment_status":"closed","ping_status":"closed","template":"","meta":{"_et_pb_use_builder":"","_et_pb_old_content":"","_et_gb_content_width":"","_monsterinsights_skip_tracking":false,"_monsterinsights_sitenote_active":false,"_monsterinsights_sitenote_note":"","_monsterinsights_sitenote_category":0,"footnotes":""},"class_list":["post-1290","page","type-page","status-publish","has-post-thumbnail","hentry"],"_links":{"self":[{"href":"https:\/\/blogi.eoppimispalvelut.fi\/yrittajaksilappiin\/wp-json\/wp\/v2\/pages\/1290","targetHints":{"allow":["GET"]}}],"collection":[{"href":"https:\/\/blogi.eoppimispalvelut.fi\/yrittajaksilappiin\/wp-json\/wp\/v2\/pages"}],"about":[{"href":"https:\/\/blogi.eoppimispalvelut.fi\/yrittajaksilappiin\/wp-json\/wp\/v2\/types\/page"}],"author":[{"embeddable":true,"href":"https:\/\/blogi.eoppimispalvelut.fi\/yrittajaksilappiin\/wp-json\/wp\/v2\/users\/4381"}],"replies":[{"embeddable":true,"href":"https:\/\/blogi.eoppimispalvelut.fi\/yrittajaksilappiin\/wp-json\/wp\/v2\/comments?post=1290"}],"version-history":[{"count":5,"href":"https:\/\/blogi.eoppimispalvelut.fi\/yrittajaksilappiin\/wp-json\/wp\/v2\/pages\/1290\/revisions"}],"predecessor-version":[{"id":2178,"href":"https:\/\/blogi.eoppimispalvelut.fi\/yrittajaksilappiin\/wp-json\/wp\/v2\/pages\/1290\/revisions\/2178"}],"wp:featuredmedia":[{"embeddable":true,"href":"https:\/\/blogi.eoppimispalvelut.fi\/yrittajaksilappiin\/wp-json\/wp\/v2\/media\/1205"}],"wp:attachment":[{"href":"https:\/\/blogi.eoppimispalvelut.fi\/yrittajaksilappiin\/wp-json\/wp\/v2\/media?parent=1290"}],"curies":[{"name":"wp","href":"https:\/\/api.w.org\/{rel}","templated":true}]}}