{"id":13,"date":"2021-04-08T16:29:37","date_gmt":"2021-04-08T13:29:37","guid":{"rendered":"https:\/\/blogi.eoppimispalvelut.fi\/yrittajaksilappiin\/?page_id=13"},"modified":"2021-12-03T17:03:06","modified_gmt":"2021-12-03T15:03:06","slug":"blogi","status":"publish","type":"page","link":"https:\/\/blogi.eoppimispalvelut.fi\/yrittajaksilappiin\/blogi\/","title":{"rendered":"Blogi"},"content":{"rendered":"<p>[et_pb_section fb_built=&#8221;1&#8243; admin_label=&#8221;section&#8221; _builder_version=&#8221;3.22&#8243;][et_pb_row admin_label=&#8221;row&#8221; _builder_version=&#8221;3.25&#8243; background_size=&#8221;initial&#8221; background_position=&#8221;top_left&#8221; background_repeat=&#8221;repeat&#8221;][et_pb_column type=&#8221;4_4&#8243; _builder_version=&#8221;3.25&#8243; custom_padding=&#8221;|||&#8221; custom_padding__hover=&#8221;|||&#8221;][\/et_pb_column][\/et_pb_row][\/et_pb_section]<\/p>\n","protected":false},"excerpt":{"rendered":"<p>Yritt\u00e4j\u00e4ksi Lappiin MOOC -blogissa hankkeen asiantuntijat jakavat kokemuksiaan, vinkkej\u00e4\u00e4n ja hyvi\u00e4 k\u00e4yt\u00e4nteit\u00e4\u00e4n MOOC-verkko-oppimisen aihepiireist\u00e4. Blogin ensisijaisena tavoitteena on kartuttaa Lapin korkeakoulukonsernin henkil\u00f6st\u00f6n MOOC-osaamista.<\/p>\n","protected":false},"author":4381,"featured_media":0,"parent":0,"menu_order":0,"comment_status":"closed","ping_status":"closed","template":"","meta":{"_et_pb_use_builder":"on","_et_pb_old_content":"","_et_gb_content_width":"","_monsterinsights_skip_tracking":false,"_monsterinsights_sitenote_active":false,"_monsterinsights_sitenote_note":"","_monsterinsights_sitenote_category":0,"footnotes":""},"class_list":["post-13","page","type-page","status-publish","hentry"],"_links":{"self":[{"href":"https:\/\/blogi.eoppimispalvelut.fi\/yrittajaksilappiin\/wp-json\/wp\/v2\/pages\/13","targetHints":{"allow":["GET"]}}],"collection":[{"href":"https:\/\/blogi.eoppimispalvelut.fi\/yrittajaksilappiin\/wp-json\/wp\/v2\/pages"}],"about":[{"href":"https:\/\/blogi.eoppimispalvelut.fi\/yrittajaksilappiin\/wp-json\/wp\/v2\/types\/page"}],"author":[{"embeddable":true,"href":"https:\/\/blogi.eoppimispalvelut.fi\/yrittajaksilappiin\/wp-json\/wp\/v2\/users\/4381"}],"replies":[{"embeddable":true,"href":"https:\/\/blogi.eoppimispalvelut.fi\/yrittajaksilappiin\/wp-json\/wp\/v2\/comments?post=13"}],"version-history":[{"count":4,"href":"https:\/\/blogi.eoppimispalvelut.fi\/yrittajaksilappiin\/wp-json\/wp\/v2\/pages\/13\/revisions"}],"predecessor-version":[{"id":2147,"href":"https:\/\/blogi.eoppimispalvelut.fi\/yrittajaksilappiin\/wp-json\/wp\/v2\/pages\/13\/revisions\/2147"}],"wp:attachment":[{"href":"https:\/\/blogi.eoppimispalvelut.fi\/yrittajaksilappiin\/wp-json\/wp\/v2\/media?parent=13"}],"curies":[{"name":"wp","href":"https:\/\/api.w.org\/{rel}","templated":true}]}}