{"id":15,"date":"2021-04-08T16:41:08","date_gmt":"2021-04-08T13:41:08","guid":{"rendered":"https:\/\/blogi.eoppimispalvelut.fi\/yrittajaksilappiin\/?page_id=15"},"modified":"2021-05-18T22:20:50","modified_gmt":"2021-05-18T19:20:50","slug":"yrittajaksi-lappiin-mooc-esittely","status":"publish","type":"page","link":"https:\/\/blogi.eoppimispalvelut.fi\/yrittajaksilappiin\/yrittajaksi-lappiin-mooc-esittely\/","title":{"rendered":"Yritt\u00e4j\u00e4ksi Lappiin MOOC-verkkokurssi"},"content":{"rendered":"<p>Yritt\u00e4j\u00e4ksi Lappiin MOOC:n korkeatasoiset oppimissis\u00e4ll\u00f6t saavutetaan monipuolisen sidosty\u00f6ryhm\u00e4n avulla, joka muodostuu Lapin korkeakoulukonsernin liiketoiminnan ja yritt\u00e4jyyden opettajista, lappilaisista yritt\u00e4jist\u00e4, yritystoiminnan asiantuntijoista, elinkeinojen kehitt\u00e4misorganisaatioiden edustajista sek\u00e4 hankkeen varsinaisesta kohderyhm\u00e4st\u00e4 eli korkeakouluopiskelijoista. MOOC:n yrityskeissit valitaan Lapin elinkeinoel\u00e4m\u00e4n avaintoimialoilta ja oppimissis\u00e4ll\u00f6iss\u00e4 painotetaan Lappia toimintaymp\u00e4rist\u00f6\u00e4. Koko MOOC toteutetaan suomen lis\u00e4ksi my\u00f6s englanninkielisen\u00e4, jolloin sit\u00e4 voidaan hy\u00f6dynt\u00e4\u00e4 my\u00f6s ulkomaalaistaustaisten kansainv\u00e4listen osaajien perehdytt\u00e4misess\u00e4 yritystoimintaan ja\/tai elinkeinoel\u00e4m\u00e4\u00e4n Lapissa. Yritt\u00e4j\u00e4ksi Lappiin\u00a0 MOOC:issa hy\u00f6dynnet\u00e4\u00e4n mm. teko\u00e4lyn uudet mahdollisuudet oppimisanalytiikassa sek\u00e4 testataan HTLM5:n vuorovaikutteisia mahdollisuuksia ja pelillistetty\u00e4 oppimista osana MOOC-pedagogiikkaa.<\/p>\n<p>MOOCia varten tuotetaan runsaasti uutta monimediaista sis\u00e4lt\u00f6\u00e4. Mm. huolella suunnitelluissa videoissa \u201dasiantuntijajuontaja\u201d on MOOCin moduuleissa opiskelijan mukana opintojen alusta loppuun asti. T\u00e4rke\u00e4ss\u00e4 roolissa ovat my\u00f6s\u00a0 lappilaisten yritysten konkreettiset case-esimerkit, joiden avulla opiskelijat saavat kokemusper\u00e4ist\u00e4 hiljaista tietoa innostavien tarinoiden muodossa. Lappilaisista yritt\u00e4jist\u00e4 kertovat elokuvalliset videot kuvataan ns. sorvin \u00e4\u00e4rell\u00e4 heid\u00e4n yrityksiss\u00e4\u00e4n.<\/p>\n<p>Yritt\u00e4j\u00e4ksi Lappin MOOC:n moduulien alustavat sis\u00e4ll\u00f6t:<\/p>\n<p>1. Minustako yritt\u00e4j\u00e4 Lappiin (1op)<\/p>\n<p>Opiskelija tiedostaa oman yritt\u00e4j\u00e4m\u00e4isyytens\u00e4 ja osaa nimet\u00e4 omat yritt\u00e4jyyteen liittyv\u00e4t vahvuudet.\u00a0 Opiskelija ymm\u00e4rt\u00e4\u00e4 digitaalisaation ja muiden yhteiskunnan trendien vaikutukset liikeidean kehitt\u00e4miseen. Opiskelija tunnistaa yritt\u00e4jyyden tarjoamat mahdollisuudet elinkeinona Lapissa sek\u00e4 tapana toteuttaa arvojensa mukaista el\u00e4m\u00e4\u00e4.<\/p>\n<p>2. Ideasta tuotteeksi (1op)<\/p>\n<p>Opiskelija tunnistaa potentiaalisia asiakkuuksia ja tiedostaa asiakkaan\/loppuk\u00e4ytt\u00e4j\u00e4n tarpeet. Opiskelija ymm\u00e4rt\u00e4\u00e4 kest\u00e4v\u00e4n kehityksen ja digitalisaation merkityksen ja mahdollisuudet. Opiskelija tunnistaa oman osaamisen tuotteistuksen mahdollisuudet ja osaamisen myynnin muodot.\u00a0 Opiskelija osaa m\u00e4\u00e4ritell\u00e4 hyv\u00e4n liikeidean, jossa on huomioitu vastuullinen liiketoiminta.<\/p>\n<p>3. Tuotteesta markkinoille (1op)<\/p>\n<p>Opiskelija tiet\u00e4\u00e4 markkinoinnin ja myynnin perusk\u00e4sitteit\u00e4. Opiskelija tiedostaa markkinoinnin ja myynnin merkityksen liiketoiminnassa. \u00a0Opiskelija ymm\u00e4rt\u00e4\u00e4 myyntiprosessin vaiheet. Opiskelija ymm\u00e4rt\u00e4\u00e4 br\u00e4ndin ja tarinan merkityksen.<\/p>\n<p>4. Raha ratkaisee (1op)<\/p>\n<p>Opiskelija ymm\u00e4rt\u00e4\u00e4 yritystoiminnan talouteen vaikuttavia tekij\u00f6it\u00e4. Opiskelija tiet\u00e4\u00e4 kannattavan liiketoiminnan perusteet ja osaa tehd\u00e4 kannattavuuteen liittyvi\u00e4 laskelmia ja johtop\u00e4\u00e4t\u00f6ksi\u00e4 niiden perusteella. Opiskelija osaa tuotteen\/palvelun hinnoittelun ja kustannuslaskennan perusteet sek\u00e4 suunnitella oman toimeentulon yritt\u00e4j\u00e4n\u00e4.<\/p>\n<p>5. Pidemm\u00e4ll\u00e4 bisneksess\u00e4 (1op)<\/p>\n<p>Opiskelija tuntee liiketoimintasuunnitelman p\u00e4\u00e4piirteet. Opiskelija osaa analysoida liikeidean toteuttamiskelpoisuutta ja k\u00e4ytt\u00e4j\u00e4l\u00e4ht\u00f6isyytt\u00e4.\u00a0 Opiskelija tiet\u00e4\u00e4 yrityksen perustamistoimet ja osaa huomioida ne vastuullisen liiketoiminnan suunnittelussa.<\/p>\n<p>&nbsp;<\/p>\n<hr \/>\n<p>Kuval\u00e4hde: Lapinliitto | Lapin Materiaalipankki | Jaana Severidt<\/p>\n<p>&nbsp;<\/p>\n<p>&nbsp;<\/p>\n","protected":false},"excerpt":{"rendered":"<p>Yritt\u00e4j\u00e4ksi Lappiin MOOC:n korkeatasoiset oppimissis\u00e4ll\u00f6t saavutetaan monipuolisen sidosty\u00f6ryhm\u00e4n avulla, joka muodostuu Lapin korkeakoulukonsernin liiketoiminnan ja yritt\u00e4jyyden opettajista, lappilaisista yritt\u00e4jist\u00e4, yritystoiminnan asiantuntijoista, elinkeinojen kehitt\u00e4misorganisaatioiden edustajista sek\u00e4 hankkeen varsinaisesta kohderyhm\u00e4st\u00e4 eli korkeakouluopiskelijoista. MOOC:n yrityskeissit valitaan Lapin elinkeinoel\u00e4m\u00e4n avaintoimialoilta ja oppimissis\u00e4ll\u00f6iss\u00e4 painotetaan Lappia toimintaymp\u00e4rist\u00f6\u00e4. Koko MOOC toteutetaan suomen lis\u00e4ksi my\u00f6s englanninkielisen\u00e4, jolloin sit\u00e4 voidaan hy\u00f6dynt\u00e4\u00e4 my\u00f6s ulkomaalaistaustaisten kansainv\u00e4listen [&hellip;]<\/p>\n","protected":false},"author":4381,"featured_media":1066,"parent":0,"menu_order":0,"comment_status":"closed","ping_status":"closed","template":"","meta":{"_et_pb_use_builder":"","_et_pb_old_content":"","_et_gb_content_width":"","_monsterinsights_skip_tracking":false,"_monsterinsights_sitenote_active":false,"_monsterinsights_sitenote_note":"","_monsterinsights_sitenote_category":0,"footnotes":""},"class_list":["post-15","page","type-page","status-publish","has-post-thumbnail","hentry"],"_links":{"self":[{"href":"https:\/\/blogi.eoppimispalvelut.fi\/yrittajaksilappiin\/wp-json\/wp\/v2\/pages\/15","targetHints":{"allow":["GET"]}}],"collection":[{"href":"https:\/\/blogi.eoppimispalvelut.fi\/yrittajaksilappiin\/wp-json\/wp\/v2\/pages"}],"about":[{"href":"https:\/\/blogi.eoppimispalvelut.fi\/yrittajaksilappiin\/wp-json\/wp\/v2\/types\/page"}],"author":[{"embeddable":true,"href":"https:\/\/blogi.eoppimispalvelut.fi\/yrittajaksilappiin\/wp-json\/wp\/v2\/users\/4381"}],"replies":[{"embeddable":true,"href":"https:\/\/blogi.eoppimispalvelut.fi\/yrittajaksilappiin\/wp-json\/wp\/v2\/comments?post=15"}],"version-history":[{"count":6,"href":"https:\/\/blogi.eoppimispalvelut.fi\/yrittajaksilappiin\/wp-json\/wp\/v2\/pages\/15\/revisions"}],"predecessor-version":[{"id":1865,"href":"https:\/\/blogi.eoppimispalvelut.fi\/yrittajaksilappiin\/wp-json\/wp\/v2\/pages\/15\/revisions\/1865"}],"wp:featuredmedia":[{"embeddable":true,"href":"https:\/\/blogi.eoppimispalvelut.fi\/yrittajaksilappiin\/wp-json\/wp\/v2\/media\/1066"}],"wp:attachment":[{"href":"https:\/\/blogi.eoppimispalvelut.fi\/yrittajaksilappiin\/wp-json\/wp\/v2\/media?parent=15"}],"curies":[{"name":"wp","href":"https:\/\/api.w.org\/{rel}","templated":true}]}}