{"id":2,"date":"2021-03-25T08:21:43","date_gmt":"2021-03-25T06:21:43","guid":{"rendered":"https:\/\/blogi.eoppimispalvelut.fi\/yrittajaksilappiin\/?page_id=2"},"modified":"2021-12-16T15:45:05","modified_gmt":"2021-12-16T13:45:05","slug":"hanke-info","status":"publish","type":"page","link":"https:\/\/blogi.eoppimispalvelut.fi\/yrittajaksilappiin\/hanke-info\/","title":{"rendered":"Yritt\u00e4j\u00e4ksi Lappiin MOOC -hanke"},"content":{"rendered":"<p>Hankkeessa toteutetaan kaikille avoin verkkokurssi Yritt\u00e4j\u00e4ksi Lappiin MOOC (5 op). \u00a0MOOCilla tarkoitetaan kaikille avointa verkkokurssia (Massive Open Online Course), joka mahdollistaa itsen\u00e4isen opiskelun verkossa. Hankkeen kohderyhm\u00e4n\u00e4 ovat korkeakouluopiskelijat ja yritystoimintaa Lappiin suunnittelevat henkil\u00f6t, erityisesti Lapin avaintoimialoihin liittyv\u00e4t kansainv\u00e4lisen tason osaajat Suomesta ja ulkomailta. Yritt\u00e4j\u00e4ksi Lappiin MOOC on digitaalinen ja innovatiivinen ratkaisu, joka nopeuttaa korkeakoulutettujen ty\u00f6el\u00e4m\u00e4\u00e4n siirtymist\u00e4 ja tukee yritystoimintaa ja\/tai liiketoimintaa Lapissa suunnittelevia henkil\u00f6it\u00e4. Yritt\u00e4j\u00e4ksi Lappiin MOOC johdattaa hankkeen kohderyhm\u00e4n tunnistamaan omassa el\u00e4m\u00e4ss\u00e4 ja Lapin toimintaymp\u00e4rist\u00f6ss\u00e4 yritt\u00e4jyyden mahdollisuuksia ja luo heille valmiuksia oman yrityksen perustamiseen Lappiin. Hankkeen toisena t\u00e4rke\u00e4n\u00e4 tavoitteena on kehitt\u00e4\u00e4 Lapin korkeakoulujen MOOC-osaaminen kansainv\u00e4liselle huipputasolle, jolloin niiden asema kansainv\u00e4lisill\u00e4 koulutusmarkkinoilla ja koulutusvienniss\u00e4 paranee ja saa uuden kilpailuvaltin.<\/p>\n<p>Hankkeen aikataulu: 1.1.2021\u201330.6.2023<\/p>\n<p>Hankepartnerit: Lapin ammattikorkeakoulu (p\u00e4\u00e4koordinaattori) ja Lapin yliopisto.<\/p>\n<p>Hankkeen kokonaisbudjetti: 381 314 e, josta EU:n ja valtion rahoituksen osuus on 121 537 e.<\/p>\n<p>Hankkeen tulokset:<\/p>\n<ul>\n<li>Yritt\u00e4j\u00e4ksi Lappiin MOOC vapaasti hy\u00f6dynnett\u00e4viss\u00e4 kaikilla p\u00e4\u00e4telaitteilla 24\/7<\/li>\n<li>Yritt\u00e4j\u00e4ksi Lappiin MOOC:lla 720 rekister\u00f6itynytt\u00e4 k\u00e4ytt\u00e4j\u00e4\u00e4 Suomessa ja ulkomailla<\/li>\n<li>Yritt\u00e4j\u00e4ksi Lappiin MOOC on integroitu osaksi Lapin korkeakoulukonsernin yhteisi\u00e4 yritt\u00e4jyysopintoja<\/li>\n<li>Lapin korkeakoulut, elinkeinoel\u00e4m\u00e4n toimijat ja yritt\u00e4jyytt\u00e4 tukevat organisaatiot tuntevat, hy\u00f6dynt\u00e4v\u00e4t ja levitt\u00e4v\u00e4t Yritt\u00e4j\u00e4ksi Lappiin MOOCia<\/li>\n<li>Lapin avaintoimialoihin liittyv\u00e4t kansainv\u00e4liset osaajat hy\u00f6dynt\u00e4v\u00e4t Yritt\u00e4j\u00e4ksi Lappiin MOOCia yritystoiminnan suunnittelussa sek\u00e4 perehdytyksen\u00e4 Lapin liiketoimintaymp\u00e4rist\u00f6\u00f6n<\/li>\n<li>Yritt\u00e4j\u00e4ksi Lappiin MOOC:n opas, jonka avulla opettaja voi integroida MOOC:n osaksi omaa opetustoimintaa<\/li>\n<li>Yritt\u00e4j\u00e4ksi Lappiin MOOC:n markkinointia varten julkaistu suomeksi ja englanniksi esite (2kpl), lyhyit\u00e4 markkinointivideoita (4 kpl) sek\u00e4 animaatioita ja infograafeja (4 kpl)<\/li>\n<li>Hankkeen verkkosivut ja blogikirjoitukset (15kpl) hankeen toimenpiteist\u00e4 ja tuloksista korkeakoulujen henkil\u00f6kunnalle<\/li>\n<li>Yksi tieteellinen artikkeli kansainv\u00e4liselle eoppimisen asiantuntijaverkostolle hankkeen toiminnasta ja tuloksista<\/li>\n<li>Kolmen korkeatasoisen MOOC-seminaarin digitaaliset tallenteet korkeakoulujen henkil\u00f6kunnalle<\/li>\n<li>Hankejulkaisu (sis\u00e4lt\u00e4\u00e4 15 artikkelia) Yritt\u00e4j\u00e4ksi Lappiin MOOC hankkeen tuloksista ja korkeakoulujen MOOC-osaamisen kehittymisest\u00e4<\/li>\n<\/ul>\n<p>&nbsp;<\/p>\n<p><strong>Yhteystiedot:<\/strong><\/p>\n<p>Projektip\u00e4\u00e4llikk\u00f6 (Lapin ammattikorkeakoulu) Antti Haase, antti.haase [at] lapinamk.fi, puh. +358 (0)50 543 5054<\/p>\n<p><span data-contrast=\"auto\">Projektip\u00e4\u00e4llikk\u00f6 (Lapin yliopisto) P\u00e4ivi Alapartanen<\/span><span data-contrast=\"auto\">, paivi.alapartanen [at] lapinamk.fi<\/span><span data-contrast=\"auto\">,\u00a0<\/span><span data-contrast=\"auto\">phone +358 (0)40 184 6754<\/span><span data-ccp-props=\"{&quot;201341983&quot;:0,&quot;335559739&quot;:160,&quot;335559740&quot;:259}\">\u00a0<\/span><\/p>\n<p>&nbsp;<\/p>\n<hr \/>\n<p>Kuva\u00e4hde: dakota-corbin-yznxTZ55lmk-unsplash_1280x720<\/p>\n","protected":false},"excerpt":{"rendered":"<p>Hankkeessa toteutetaan kaikille avoin verkkokurssi Yritt\u00e4j\u00e4ksi Lappiin MOOC (5 op). \u00a0MOOCilla tarkoitetaan kaikille avointa verkkokurssia (Massive Open Online Course), joka mahdollistaa itsen\u00e4isen opiskelun verkossa. Hankkeen kohderyhm\u00e4n\u00e4 ovat korkeakouluopiskelijat ja yritystoimintaa Lappiin suunnittelevat henkil\u00f6t, erityisesti Lapin avaintoimialoihin liittyv\u00e4t kansainv\u00e4lisen tason osaajat Suomesta ja ulkomailta. Yritt\u00e4j\u00e4ksi Lappiin MOOC on digitaalinen ja innovatiivinen ratkaisu, joka nopeuttaa korkeakoulutettujen ty\u00f6el\u00e4m\u00e4\u00e4n [&hellip;]<\/p>\n","protected":false},"author":36,"featured_media":25,"parent":0,"menu_order":0,"comment_status":"closed","ping_status":"open","template":"","meta":{"_et_pb_use_builder":"","_et_pb_old_content":"","_et_gb_content_width":"","_monsterinsights_skip_tracking":false,"_monsterinsights_sitenote_active":false,"_monsterinsights_sitenote_note":"","_monsterinsights_sitenote_category":0,"footnotes":""},"class_list":["post-2","page","type-page","status-publish","has-post-thumbnail","hentry"],"_links":{"self":[{"href":"https:\/\/blogi.eoppimispalvelut.fi\/yrittajaksilappiin\/wp-json\/wp\/v2\/pages\/2","targetHints":{"allow":["GET"]}}],"collection":[{"href":"https:\/\/blogi.eoppimispalvelut.fi\/yrittajaksilappiin\/wp-json\/wp\/v2\/pages"}],"about":[{"href":"https:\/\/blogi.eoppimispalvelut.fi\/yrittajaksilappiin\/wp-json\/wp\/v2\/types\/page"}],"author":[{"embeddable":true,"href":"https:\/\/blogi.eoppimispalvelut.fi\/yrittajaksilappiin\/wp-json\/wp\/v2\/users\/36"}],"replies":[{"embeddable":true,"href":"https:\/\/blogi.eoppimispalvelut.fi\/yrittajaksilappiin\/wp-json\/wp\/v2\/comments?post=2"}],"version-history":[{"count":8,"href":"https:\/\/blogi.eoppimispalvelut.fi\/yrittajaksilappiin\/wp-json\/wp\/v2\/pages\/2\/revisions"}],"predecessor-version":[{"id":2179,"href":"https:\/\/blogi.eoppimispalvelut.fi\/yrittajaksilappiin\/wp-json\/wp\/v2\/pages\/2\/revisions\/2179"}],"wp:featuredmedia":[{"embeddable":true,"href":"https:\/\/blogi.eoppimispalvelut.fi\/yrittajaksilappiin\/wp-json\/wp\/v2\/media\/25"}],"wp:attachment":[{"href":"https:\/\/blogi.eoppimispalvelut.fi\/yrittajaksilappiin\/wp-json\/wp\/v2\/media?parent=2"}],"curies":[{"name":"wp","href":"https:\/\/api.w.org\/{rel}","templated":true}]}}