{"id":2166,"date":"2021-12-16T11:34:28","date_gmt":"2021-12-16T09:34:28","guid":{"rendered":"https:\/\/blogi.eoppimispalvelut.fi\/yrittajaksilappiin\/?page_id=2166"},"modified":"2021-12-16T15:40:43","modified_gmt":"2021-12-16T13:40:43","slug":"tietosuojalauseke","status":"publish","type":"page","link":"https:\/\/blogi.eoppimispalvelut.fi\/yrittajaksilappiin\/tietosuojalauseke\/","title":{"rendered":"Tietosuojalauseke"},"content":{"rendered":"<p>T\u00e4ss\u00e4 kuvataan verkkosivuston\u00a0 blogi.eoppimispalvelut.fi\/yrittajaksilappiin k\u00e4ytt\u00f6\u00f6n liittyv\u00e4t tietosuoja-asiat.<\/p>\n<ul>\n<li>Yritt\u00e4j\u00e4ksi Lappiin MOOC-hankkeen sivuston k\u00e4ytt\u00f6<\/li>\n<li>Google Analytics -seuranta<\/li>\n<\/ul>\n<p>Verkkosivusto on Yritt\u00e4j\u00e4ksi Lappiin MOOC -hankkeen yll\u00e4pit\u00e4m\u00e4. Sivustoa hallinnoi Lapin ammattikorkeakoulu. Lue hankkeesta\u00a0 <a href=\"https:\/\/blogi.eoppimispalvelut.fi\/yrittajaksilappiin\/hanke-info\/\">Yritt\u00e4j\u00e4ksi Lappiin MOOC -hanke &#8211; Yritt\u00e4j\u00e4ksi Lappiin -hanke (eoppimispalvelut.fi)<\/a><\/p>\n<p>Google Analytics -seurannan avulla ker\u00e4t\u00e4\u00e4n tietoa k\u00e4ytt\u00e4j\u00e4n liikkumisesta blogi.eoppimispalvelut.fi\/yrittajaksilappiin -sivustolla. Aineistoa k\u00e4ytet\u00e4\u00e4n hankkeen markkinoinnin suunnitteluun ja kehitt\u00e4miseen sek\u00e4 sivuston sis\u00e4ll\u00f6n parantamiseen. Ker\u00e4tty\u00e4 tietoa ei voida kohdistaa yksitt\u00e4iseen henkil\u00f6\u00f6n.<\/p>\n<p>Voit est\u00e4\u00e4 Google Analytics-seurannan Chrome-selaimessa asentamalla selaimeen\u00a0<a class=\"\" href=\"https:\/\/tools.google.com\/dlpage\/gaoptout?hl=en-GB\" target=\"_blank\" rel=\"noreferrer noopener\">Google Analytics Opt-out Browser Add-on -lis\u00e4osan.<\/a><\/p>\n<p><a class=\"\" href=\"https:\/\/support.google.com\/chrome\/answer\/95647?hl=fi\" target=\"_blank\" rel=\"noreferrer noopener\">Lue lis\u00e4\u00e4 ev\u00e4steiden poistamisesta, k\u00e4ytt\u00f6\u00f6notosta ja hallinnoinnista Chromessa.<\/a><\/p>\n<p><a class=\"\" href=\"https:\/\/adssettings.google.com\/\" target=\"_blank\" rel=\"noreferrer noopener\">Voit muuttaa my\u00f6s muuttaa Chromessa omia mainosasetuksiasi.<\/a><\/p>\n<h3><\/h3>\n<h3><strong>Sivunhallinnoija:<br \/>\n<\/strong><\/h3>\n<p>Lapin ammattikorkeakoulu, Jokiv\u00e4yl\u00e4 11 C, 96300 Rovaniemi<br \/>\nYritt\u00e4j\u00e4ksi Lappiin MOOC -hanke<\/p>\n<h3><\/h3>\n<h3><strong>Yhteyshenkil\u00f6t:<\/strong><\/h3>\n<h4>Lapin ammattikorkeakoulu:<\/h4>\n<p>antti.haase [at] lapinamk.fi<\/p>\n<h4>Lapin yliopisto:<\/h4>\n<p>paivi.alapartanen [at] lapinamk.fi<\/p>\n","protected":false},"excerpt":{"rendered":"<p>T\u00e4ss\u00e4 kuvataan verkkosivuston\u00a0 blogi.eoppimispalvelut.fi\/yrittajaksilappiin k\u00e4ytt\u00f6\u00f6n liittyv\u00e4t tietosuoja-asiat. Yritt\u00e4j\u00e4ksi Lappiin MOOC-hankkeen sivuston k\u00e4ytt\u00f6 Google Analytics -seuranta Verkkosivusto on Yritt\u00e4j\u00e4ksi Lappiin MOOC -hankkeen yll\u00e4pit\u00e4m\u00e4. Sivustoa hallinnoi Lapin ammattikorkeakoulu. Lue hankkeesta\u00a0 Yritt\u00e4j\u00e4ksi Lappiin MOOC -hanke &#8211; Yritt\u00e4j\u00e4ksi Lappiin -hanke (eoppimispalvelut.fi) Google Analytics -seurannan avulla ker\u00e4t\u00e4\u00e4n tietoa k\u00e4ytt\u00e4j\u00e4n liikkumisesta blogi.eoppimispalvelut.fi\/yrittajaksilappiin -sivustolla. Aineistoa k\u00e4ytet\u00e4\u00e4n hankkeen markkinoinnin suunnitteluun ja kehitt\u00e4miseen sek\u00e4 [&hellip;]<\/p>\n","protected":false},"author":4381,"featured_media":1200,"parent":0,"menu_order":0,"comment_status":"closed","ping_status":"closed","template":"","meta":{"_et_pb_use_builder":"","_et_pb_old_content":"","_et_gb_content_width":"","_monsterinsights_skip_tracking":false,"_monsterinsights_sitenote_active":false,"_monsterinsights_sitenote_note":"","_monsterinsights_sitenote_category":0,"footnotes":""},"class_list":["post-2166","page","type-page","status-publish","has-post-thumbnail","hentry"],"_links":{"self":[{"href":"https:\/\/blogi.eoppimispalvelut.fi\/yrittajaksilappiin\/wp-json\/wp\/v2\/pages\/2166","targetHints":{"allow":["GET"]}}],"collection":[{"href":"https:\/\/blogi.eoppimispalvelut.fi\/yrittajaksilappiin\/wp-json\/wp\/v2\/pages"}],"about":[{"href":"https:\/\/blogi.eoppimispalvelut.fi\/yrittajaksilappiin\/wp-json\/wp\/v2\/types\/page"}],"author":[{"embeddable":true,"href":"https:\/\/blogi.eoppimispalvelut.fi\/yrittajaksilappiin\/wp-json\/wp\/v2\/users\/4381"}],"replies":[{"embeddable":true,"href":"https:\/\/blogi.eoppimispalvelut.fi\/yrittajaksilappiin\/wp-json\/wp\/v2\/comments?post=2166"}],"version-history":[{"count":7,"href":"https:\/\/blogi.eoppimispalvelut.fi\/yrittajaksilappiin\/wp-json\/wp\/v2\/pages\/2166\/revisions"}],"predecessor-version":[{"id":2177,"href":"https:\/\/blogi.eoppimispalvelut.fi\/yrittajaksilappiin\/wp-json\/wp\/v2\/pages\/2166\/revisions\/2177"}],"wp:featuredmedia":[{"embeddable":true,"href":"https:\/\/blogi.eoppimispalvelut.fi\/yrittajaksilappiin\/wp-json\/wp\/v2\/media\/1200"}],"wp:attachment":[{"href":"https:\/\/blogi.eoppimispalvelut.fi\/yrittajaksilappiin\/wp-json\/wp\/v2\/media?parent=2166"}],"curies":[{"name":"wp","href":"https:\/\/api.w.org\/{rel}","templated":true}]}}