{"id":61,"date":"2019-10-24T16:01:49","date_gmt":"2019-10-24T13:01:49","guid":{"rendered":"https:\/\/blogi.eoppimispalvelut.fi\/yrityksenarvonmaaritys\/?page_id=61"},"modified":"2019-10-24T16:06:38","modified_gmt":"2019-10-24T13:06:38","slug":"mina","status":"publish","type":"page","link":"https:\/\/blogi.eoppimispalvelut.fi\/yrityksenarvonmaaritys\/mina\/","title":{"rendered":"Min\u00e4"},"content":{"rendered":"<p><img loading=\"lazy\" decoding=\"async\" class=\"alignnone  wp-image-64\" src=\"https:\/\/blogi.eoppimispalvelut.fi\/yrityksenarvonmaaritys\/files\/2019\/10\/m\u00e4-600x606.jpg\" alt=\"\" width=\"411\" height=\"415\" srcset=\"https:\/\/blogi.eoppimispalvelut.fi\/yrityksenarvonmaaritys\/files\/2019\/10\/m\u00e4-600x606.jpg 600w, https:\/\/blogi.eoppimispalvelut.fi\/yrityksenarvonmaaritys\/files\/2019\/10\/m\u00e4-110x110.jpg 110w, https:\/\/blogi.eoppimispalvelut.fi\/yrityksenarvonmaaritys\/files\/2019\/10\/m\u00e4-768x775.jpg 768w, https:\/\/blogi.eoppimispalvelut.fi\/yrityksenarvonmaaritys\/files\/2019\/10\/m\u00e4-1280x1292.jpg 1280w\" sizes=\"auto, (max-width: 411px) 100vw, 411px\" \/><\/p>\n<p>Moi, olen Niko V\u00e4limaa ja opiskelen Lapin ammattikorkeakoulussa liiketaloutta toisella vuodella. Sivuillani p\u00e4\u00e4set tutustumaan blogikirjoituksiini, jotka ovat osana toisen vuoden liiketalouden opintojen viestinn\u00e4n osuutta lukukausiprojektissamme.<\/p>\n","protected":false},"excerpt":{"rendered":"<p>Moi, olen Niko V\u00e4limaa ja opiskelen Lapin ammattikorkeakoulussa liiketaloutta toisella vuodella. Sivuillani p\u00e4\u00e4set tutustumaan blogikirjoituksiini, jotka ovat osana toisen vuoden &hellip; <a href=\"https:\/\/blogi.eoppimispalvelut.fi\/yrityksenarvonmaaritys\/mina\/\" class=\"more-link\">Continue reading<span class=\"screen-reader-text\"> &#8220;Min\u00e4&#8221;<\/span><\/a><\/p>\n","protected":false},"author":3278,"featured_media":0,"parent":0,"menu_order":0,"comment_status":"closed","ping_status":"closed","template":"","meta":{"footnotes":""},"class_list":["post-61","page","type-page","status-publish","hentry"],"_links":{"self":[{"href":"https:\/\/blogi.eoppimispalvelut.fi\/yrityksenarvonmaaritys\/wp-json\/wp\/v2\/pages\/61","targetHints":{"allow":["GET"]}}],"collection":[{"href":"https:\/\/blogi.eoppimispalvelut.fi\/yrityksenarvonmaaritys\/wp-json\/wp\/v2\/pages"}],"about":[{"href":"https:\/\/blogi.eoppimispalvelut.fi\/yrityksenarvonmaaritys\/wp-json\/wp\/v2\/types\/page"}],"author":[{"embeddable":true,"href":"https:\/\/blogi.eoppimispalvelut.fi\/yrityksenarvonmaaritys\/wp-json\/wp\/v2\/users\/3278"}],"replies":[{"embeddable":true,"href":"https:\/\/blogi.eoppimispalvelut.fi\/yrityksenarvonmaaritys\/wp-json\/wp\/v2\/comments?post=61"}],"version-history":[{"count":3,"href":"https:\/\/blogi.eoppimispalvelut.fi\/yrityksenarvonmaaritys\/wp-json\/wp\/v2\/pages\/61\/revisions"}],"predecessor-version":[{"id":66,"href":"https:\/\/blogi.eoppimispalvelut.fi\/yrityksenarvonmaaritys\/wp-json\/wp\/v2\/pages\/61\/revisions\/66"}],"wp:attachment":[{"href":"https:\/\/blogi.eoppimispalvelut.fi\/yrityksenarvonmaaritys\/wp-json\/wp\/v2\/media?parent=61"}],"curies":[{"name":"wp","href":"https:\/\/api.w.org\/{rel}","templated":true}]}}