{"id":14,"date":"2019-10-16T11:33:58","date_gmt":"2019-10-16T08:33:58","guid":{"rendered":"https:\/\/blogi.eoppimispalvelut.fi\/yritysostonaapinen\/?page_id=14"},"modified":"2019-10-16T13:13:36","modified_gmt":"2019-10-16T10:13:36","slug":"ensimmainen-blogipostaus","status":"publish","type":"page","link":"https:\/\/blogi.eoppimispalvelut.fi\/yritysostonaapinen\/","title":{"rendered":"Arvonm\u00e4\u00e4rityksen alkeet"},"content":{"rendered":"<p>Mit\u00e4 tulee ensimm\u00e4isen\u00e4 mieleen yritysostosta ja fuusioitumisesta? T\u00e4t\u00e4 me l\u00e4hdimme pohtimaan projektiryhm\u00e4mme kanssa ja saimme hyvinkin monta erilaista ideaa ilmoille. Tavoitteena oli etsi\u00e4 aiheeseen n\u00e4k\u00f6kulma, joka olisi meille mielenkiintoinen ja josta voisimme oppia paljon eri k\u00e4yt\u00e4nn\u00f6n asioita taloushallinnon n\u00e4k\u00f6kulmasta joten p\u00e4\u00e4dyimme i\u00e4nikuiseen kysymykseen ett\u00e4 miten m\u00e4\u00e4ritt\u00e4\u00e4 oikea arvo ostettavalle yritykselle. Aiheen tiesimme olevan monimutkainen mutta haasteethan ovat aina mukavia, eik\u00f6 vain?<\/p>\n<p>Ensiksi pit\u00e4\u00e4 kysy\u00e4 ett\u00e4 mink\u00e4 takia yritys on ostamassa toista yrityst\u00e4. Halutaanko mahdollisesti v\u00e4hent\u00e4\u00e4 kilpailua ostamalla saman alan kasvava paikallinen yritys vai kenties laajentaa liiketoimintaa toiselle paikkakunnalle. Syit\u00e4 yritysostoon voi olla tuhansia ja ne kaikki vaikuttaa my\u00f6s ostavan yrityksen m\u00e4\u00e4ritt\u00e4m\u00e4\u00e4n arvoon myyt\u00e4v\u00e4lle yritykselle. Tilanteessa jossa ostettava yritys kilpailee suoraan samoista asiakkaista, voidaan maksaa ns. premium hinta verrattuna tilanteeseen, jossa haetaan maltillista kasvua eri paikkakunnalta tai jopa eri toimialalta, koska yleens\u00e4 haetaan r\u00e4j\u00e4hdysmaista kasvua josta voi maksaa hieman ekstraa.<\/p>\n<p><strong>Mutta miten yritykselle m\u00e4\u00e4ritet\u00e4\u00e4n totuudenmukainen arvo?<\/strong><\/p>\n<p><img loading=\"lazy\" decoding=\"async\" class=\"wp-image-32 size-medium\" src=\"https:\/\/blogi.eoppimispalvelut.fi\/yritysostonaapinen\/files\/2019\/10\/valuation-900x600.jpg\" alt=\"\" width=\"300\" height=\"300\" srcset=\"https:\/\/blogi.eoppimispalvelut.fi\/yritysostonaapinen\/files\/2019\/10\/valuation-120x120.jpg 120w, https:\/\/blogi.eoppimispalvelut.fi\/yritysostonaapinen\/files\/2019\/10\/valuation-400x400.jpg 400w, https:\/\/blogi.eoppimispalvelut.fi\/yritysostonaapinen\/files\/2019\/10\/valuation-520x520.jpg 520w\" sizes=\"auto, (max-width: 300px) 100vw, 300px\" \/><\/p>\n<h6><em>Tuohi kannattaa laittaa hy\u00f6tyk\u00e4ytt\u00f6\u00f6n<\/em><\/h6>\n<p>&nbsp;<\/p>\n<p>Suurin osa on varmaan joskus katsonut tv-ohjelmaa Leijonan luola, tai ainakin tiet\u00e4\u00e4 formaatin perusidean. Yritt\u00e4j\u00e4 k\u00e4velee sijoittajien eteen, antaa hintapyynn\u00f6n omasta yrityksest\u00e4\u00e4n ja esittelee liikeidean. Useimmilla yritt\u00e4jill\u00e4 idea oman yrityksen arvosta onkin utopistinen, eik\u00e4 l\u00e4hellek\u00e4\u00e4n realistista arviota. Tunnepohjaisesti oman kultamunan hintalaputtaminen usein tarkoittaakin sit\u00e4, ett\u00e4 yritt\u00e4j\u00e4 arvioi yrityksen arvon aivan liian korkeaksi.<\/p>\n<p>Onneksi on olemassa eri arvonm\u00e4\u00e4ritysmalleja, joiden avulla voidaan eri tunnuslukujen ja taloudellisten tekij\u00f6iden avulla p\u00e4\u00e4st\u00e4 ainakin l\u00e4helle totuuden mukaista hintaa. En sano ett\u00e4 on olemassa vain yksi ja ainoa oikea tapa laskea yritykselle arvo. Tapoja laskea on varmaankin yht\u00e4 monta kuin ostettavaa yrityst\u00e4, mutta t\u00e4ss\u00e4 niist\u00e4 kuitenkin muutama mit\u00e4 <a href=\"http:\/\/www.hameenuusyrityskeskus.fi\/img\/file.php?id=20695\">3J Consulting<\/a> on listannut.<\/p>\n<ul>\n<li style=\"list-style-type: none\">\n<ul>\n<li style=\"list-style-type: none\">\n<ul>\n<li>Markkinaperusteinen arvonm\u00e4\u00e4ritys<\/li>\n<\/ul>\n<\/li>\n<\/ul>\n<\/li>\n<\/ul>\n<p>T\u00e4ss\u00e4 l\u00e4hdet\u00e4\u00e4n vertaamaan jo tapahtuneita yrityskauppoja samalla toimialalla. Maksettua kauppahintaa verrataan eri tunnuslukuihin ja sit\u00e4 kautta m\u00e4\u00e4ritell\u00e4\u00e4n ostettavan yrityksen arvo. Jos esimerkiksi yritys X on myyty hintaan 500 000 euroa, ja talouden tunnusluvut on l\u00e4hell\u00e4 toisiaan esimerkiksi liikevaihdon ja liikevoiton osalta, on helppo p\u00e4\u00e4ty\u00e4 samanlaiseen hinta-arvioon. Haasteena t\u00e4ss\u00e4 on, ett\u00e4 on mahdollisesti hankalaa l\u00f6yt\u00e4\u00e4 maantieteellist\u00e4 vertailukohtaa, joka my\u00f6s vaikuttaa hintaan. Esimerkiksi samat tunnusluvut omaavat yritykset Helsingiss\u00e4 ja Kemiss\u00e4 ovat eri arvoisia, koska luonnollisesti Helsingin markkinat ovat isommat ja tilaa kasvulle on enemm\u00e4n.<\/p>\n<p>&nbsp;<\/p>\n<ul>\n<li style=\"list-style-type: none\">\n<ul>\n<li style=\"list-style-type: none\">\n<ul>\n<li>Kustannusperusteinen arvonm\u00e4\u00e4ritys<\/li>\n<\/ul>\n<\/li>\n<\/ul>\n<\/li>\n<\/ul>\n<p>T\u00e4t\u00e4 mallia k\u00e4ytett\u00e4ess\u00e4 mietit\u00e4\u00e4n sit\u00e4, ett\u00e4 kuinka paljon tulisi itselle kustantamaan rakentaa samankaltainen yritys alusta alkaen. Pit\u00e4\u00e4 ottaa huomioon ty\u00f6voiman rekrytointi kustannukset, IT-ohjelmistot, asiakashankinta, toimitilojen hankinta jne. \u00a0Substanssiarvona t\u00e4ss\u00e4 toimii myyt\u00e4v\u00e4n yrityksen k\u00e4yp\u00e4 tasearvo, eli ett\u00e4 mit\u00e4 yritt\u00e4j\u00e4 saisi itselleen maksettuaan pois velkansa ja myym\u00e4ll\u00e4 omaisuutensa pois.<\/p>\n<p>&nbsp;<\/p>\n<ul>\n<li style=\"list-style-type: none\">\n<ul>\n<li style=\"list-style-type: none\">\n<ul>\n<li>Tuottoperusteinen arvonm\u00e4\u00e4ritys<\/li>\n<\/ul>\n<\/li>\n<\/ul>\n<\/li>\n<\/ul>\n<p>Perusteena on arvo mit\u00e4 yritys tuottaa omistajalleen. Tunnuslukuina k\u00e4ytet\u00e4\u00e4n historiallista tuottoarvoa sek\u00e4 odotettua tuottokehityst\u00e4. Isoon merkitykseen tulee yrityksen sis\u00e4iset laskentatoimet, joihin voidaan verrata kehityst\u00e4 kuten yrityksen laatima budjetti, sek\u00e4 markkinan yleinen kehitys. PK-yritysten kehityst\u00e4 on hankala l\u00e4hte\u00e4 ennustamaan, joten t\u00e4m\u00e4 laskentatapa saattaa tuottaa hyvinkin monta erilaista hinta-arviota eri yrityksille.<\/p>\n<p>&nbsp;<\/p>\n<ul>\n<li style=\"list-style-type: none\">\n<ul>\n<li style=\"list-style-type: none\">\n<ul>\n<li>Niin sanottu Cents on the dollar- menetelm\u00e4<\/li>\n<\/ul>\n<\/li>\n<\/ul>\n<\/li>\n<\/ul>\n<p><a href=\"https:\/\/www.acuitymag.com\/business\/how-to-value-an-accounting-firm-for-sale\">Acuitymag<\/a> listaa t\u00e4m\u00e4n menetelm\u00e4n yhten\u00e4 suosituimpana laskentatapana nimenomaan juuri tilitoimisto yrityksille. T\u00e4ss\u00e4 nimens\u00e4 mukaisesti maksetaan liikevaihdosta kerroin. Esimerkkin\u00e4 yritys X, jonka liikevaihto on 300 000 euroa josta maksetaan kertoimella 0.7, joten loppusummaksi j\u00e4\u00e4 210 000 euroa. T\u00e4h\u00e4n tietenkin vaikuttaa monta eri tekij\u00e4\u00e4, esimerkiksi yrityksen maantieteellinen sijainti, henkil\u00f6st\u00f6n osaaminen, yrityksen omaisuus jne. Mit\u00e4 vakavaraisempi yritys, sit\u00e4 isompi kerroin yleisesti maksetaan.<\/p>\n<p>Arvonm\u00e4\u00e4ritysmallit ovat vain yksi tekij\u00e4 kun aletaan miettim\u00e4\u00e4n yrityksen rahallista arvoa ostotilanteessa. Palataan muihin teemoihin seuraavassa postauksessa ja meid\u00e4n podcastissamme.<br \/>\nT\u00e4ss\u00e4 kevyt pintaraapaisu yrityksen arvonm\u00e4\u00e4ritt\u00e4misen menetelmist\u00e4. Tuohigroupin ensimm\u00e4inen podcast- jakso julkaistaan ensiviikolla jossa paneudutaan samoihin teemoihin, joten kannattaa ottaa meid\u00e4n somet haltuun @tuohigroup.<\/p>\n<p>-Elias\/Tuohigroup<\/p>\n","protected":false},"excerpt":{"rendered":"<p>Mit\u00e4 tulee ensimm\u00e4isen\u00e4 mieleen yritysostosta ja fuusioitumisesta? T\u00e4t\u00e4 me l\u00e4hdimme pohtimaan projektiryhm\u00e4mme kanssa ja saimme hyvinkin monta erilaista ideaa ilmoille. Tavoitteena oli etsi\u00e4 aiheeseen n\u00e4k\u00f6kulma, joka olisi meille mielenkiintoinen ja josta voisimme oppia paljon eri k\u00e4yt\u00e4nn\u00f6n asioita taloushallinnon n\u00e4k\u00f6kulmasta joten p\u00e4\u00e4dyimme i\u00e4nikuiseen kysymykseen ett\u00e4 miten m\u00e4\u00e4ritt\u00e4\u00e4 oikea arvo ostettavalle yritykselle. Aiheen tiesimme olevan monimutkainen mutta [&hellip;]<\/p>\n","protected":false},"author":3269,"featured_media":0,"parent":0,"menu_order":0,"comment_status":"closed","ping_status":"closed","template":"","meta":{"footnotes":""},"class_list":["post-14","page","type-page","status-publish","hentry"],"_links":{"self":[{"href":"https:\/\/blogi.eoppimispalvelut.fi\/yritysostonaapinen\/wp-json\/wp\/v2\/pages\/14","targetHints":{"allow":["GET"]}}],"collection":[{"href":"https:\/\/blogi.eoppimispalvelut.fi\/yritysostonaapinen\/wp-json\/wp\/v2\/pages"}],"about":[{"href":"https:\/\/blogi.eoppimispalvelut.fi\/yritysostonaapinen\/wp-json\/wp\/v2\/types\/page"}],"author":[{"embeddable":true,"href":"https:\/\/blogi.eoppimispalvelut.fi\/yritysostonaapinen\/wp-json\/wp\/v2\/users\/3269"}],"replies":[{"embeddable":true,"href":"https:\/\/blogi.eoppimispalvelut.fi\/yritysostonaapinen\/wp-json\/wp\/v2\/comments?post=14"}],"version-history":[{"count":27,"href":"https:\/\/blogi.eoppimispalvelut.fi\/yritysostonaapinen\/wp-json\/wp\/v2\/pages\/14\/revisions"}],"predecessor-version":[{"id":56,"href":"https:\/\/blogi.eoppimispalvelut.fi\/yritysostonaapinen\/wp-json\/wp\/v2\/pages\/14\/revisions\/56"}],"wp:attachment":[{"href":"https:\/\/blogi.eoppimispalvelut.fi\/yritysostonaapinen\/wp-json\/wp\/v2\/media?parent=14"}],"curies":[{"name":"wp","href":"https:\/\/api.w.org\/{rel}","templated":true}]}}