{"id":59,"date":"2019-10-24T14:14:34","date_gmt":"2019-10-24T11:14:34","guid":{"rendered":"https:\/\/blogi.eoppimispalvelut.fi\/yritysostonaapinen\/?page_id=59"},"modified":"2019-10-24T15:18:18","modified_gmt":"2019-10-24T12:18:18","slug":"askosko","status":"publish","type":"page","link":"https:\/\/blogi.eoppimispalvelut.fi\/yritysostonaapinen\/askosko\/","title":{"rendered":"Onnistunut projektiviestint\u00e4 kohderyhm\u00e4 edell\u00e4"},"content":{"rendered":"<p>Miten tuoda oma projekti ja sis\u00e4ll\u00f6n tuottaminen juuri niille henkil\u00f6ille esille keille se on tarkoitettu? \u00a0Vakuumiin laitettuna konseptihan tuntuu hyvinkin yksinkertaiselta, mik\u00e4li haluaa yksinkertaisia tuloksia. Eih\u00e4n se ole kuin laittaa jokaiseen sosiaaliseen mediaan postaus ja toivoa, ett\u00e4 oikeilla hashtageilla juuri ne asiasta kiinnostuneet tahot sen l\u00f6yt\u00e4v\u00e4t. Olisikin maailma niin yksinkertainen ja asiat toivoisivat ajatuksen voimalla niin kuin itse haluaisi.<\/p>\n<p>Pelk\u00e4st\u00e4\u00e4n oman kohderyhm\u00e4n m\u00e4\u00e4ritt\u00e4minen voi aiheuttaa harmaita hiuksia. Her\u00e4\u00e4 kysymys ett\u00e4 kelle teen sis\u00e4lt\u00f6\u00e4? On t\u00e4rke\u00e4\u00e4 tiet\u00e4\u00e4 oma yleis\u00f6ns\u00e4, jotta voi my\u00f6s kohdentaa sanomansa heille, keit\u00e4 se oikeasti kiinnostaa. Kuten vanha sanonta menee, eih\u00e4n eskimoillekaan kannata j\u00e4\u00e4t\u00e4 myyd\u00e4 vaikka kuinka uskoisi omaan tekemiseen. Ei heill\u00e4 yksinkertaisesti kiinnosta mit\u00e4 sinulla on sanottavaa. Kohderyhm\u00e4 ei my\u00f6sk\u00e4\u00e4n saisi olla liian <strong><a href=\"https:\/\/s-com.fi\/tuomas\/miten-tunnistaa-kohderyhma\/\">laaja<\/a><\/strong>, jotta sit\u00e4 voi tehokkaasti kohdentaa. Ideaali tilanteessa joka ikinen sielu olisi tavoittevissa, mutta se ei taida olla kovin realistista. Dataa hy\u00f6dynt\u00e4en voi saada paljon selville omasta yleis\u00f6st\u00e4 esimerkiksi <strong><a href=\"https:\/\/analytics.google.com\/analytics\/web\/provision\/?authuser=0#\/provision\">google analytics<\/a><\/strong> ty\u00f6kalua hy\u00f6dynt\u00e4m\u00e4ll\u00e4. Dataa lukemalla pystyy seuraamaan, ett\u00e4 onko oma kohderyhm\u00e4 saavutettu vai pit\u00e4\u00e4k\u00f6 markkinointia sek\u00e4 sis\u00e4lt\u00f6\u00e4 muokata kohderyhm\u00e4lle sopivaksi.<\/p>\n<p><img loading=\"lazy\" decoding=\"async\" class=\"alignnone size-thumbnail wp-image-80\" src=\"https:\/\/blogi.eoppimispalvelut.fi\/yritysostonaapinen\/files\/2019\/10\/analytics-120x120.jpg\" alt=\"\" width=\"200\" height=\"150\" srcset=\"https:\/\/blogi.eoppimispalvelut.fi\/yritysostonaapinen\/files\/2019\/10\/analytics-900x675.jpg 900w, https:\/\/blogi.eoppimispalvelut.fi\/yritysostonaapinen\/files\/2019\/10\/analytics-768x576.jpg 768w, https:\/\/blogi.eoppimispalvelut.fi\/yritysostonaapinen\/files\/2019\/10\/analytics-487x365.jpg 487w, https:\/\/blogi.eoppimispalvelut.fi\/yritysostonaapinen\/files\/2019\/10\/analytics.jpg 967w\" sizes=\"auto, (max-width: 200px) 100vw, 200px\" \/><br \/>\n<em>Lukijoista saa paljon selville oikeilla ty\u00f6kaluilla\u00a0 \u00a0 \u00a0 Photo by\u00a0<a href=\"https:\/\/unsplash.com\/@neonbrand?utm_source=unsplash&amp;utm_medium=referral&amp;utm_content=creditCopyText\">NeONBRAND<\/a>\u00a0on\u00a0<a href=\"https:\/\/unsplash.com\/s\/photos\/analytics?utm_source=unsplash&amp;utm_medium=referral&amp;utm_content=creditCopyText\">Unsplash<\/a><\/em><\/p>\n<p><strong>Mutta miten toteuttaa onnistunut projektin viestint\u00e4?<\/strong><\/p>\n<p>Ensimm\u00e4inen projekti, jossa oli mielest\u00e4ni onnistunut viestint\u00e4 oli <strong><a href=\"https:\/\/www.1000000.fi\/\">miljon\u00e4\u00e4riksi 500 p\u00e4iv\u00e4ss\u00e4 hanke<\/a><\/strong> , joka tuli ensimm\u00e4isen kerran julkisuuteen pari vuotta sitten. Entisen radiojuontajan kunnianhimoinen hanke saavuttaa miljon\u00e4\u00e4rin status 500 p\u00e4iv\u00e4ss\u00e4 oli jokaisessa mediassa ja monen muunkin huulilla. Aikanaan mielenkiinnolla seurasin projektia ja viestint\u00e4 aiheesta oli mielest\u00e4ni ainakin toteutettu hyvin, oli esimerkiksi lehdist\u00f6tiedote, Youtube videoita sek\u00e4 reaaliaikainen n\u00e4kym\u00e4 rahallisesta tilanteesta verkkosivuilla, joka viel\u00e4kin siell\u00e4 on. Kohderyhmiksi projektissa valikoitui n\u00e4hd\u00e4kseni yritykset, joista voisi tulla mahdollisesti yhteisty\u00f6kumppaneita, sek\u00e4 tavallinen kuluttaja koska t\u00e4ss\u00e4h\u00e4n myyd\u00e4\u00e4n ideaa sek\u00e4 loppujen lopuksi my\u00f6s kirja tuli julki.<\/p>\n<p>Toinen mainitsemisen arvoinen projekti onnistuneella viestinn\u00e4ll\u00e4 on <strong><a href=\"https:\/\/www.srv.fi\/tyomaa\/redi\/\">kalasataman tornit<\/a><\/strong> , johon oikeastaan t\u00f6rm\u00e4sin ensimm\u00e4isell\u00e4 yhteis\u00f6viestint\u00e4tunnilla. Kyseess\u00e4 on Helsingin Kauppasatamaan nouseva kahdeksan tornitalon ja kauppakeskuksen kokonaisuus. Syy onnistuneeseen viestint\u00e4\u00e4n on projektin viestinn\u00e4ss\u00e4 kuluttajille. Muutoksista alueen liikkumisen kannalta ilmoitettiin hyvin ja sivuilla on jopa <strong><a href=\"https:\/\/enlapser.cloud\/488716110\/fi\/read\/\">livefeedi\u00e4<\/a><\/strong><strong>\u00a0<\/strong> ty\u00f6maasta. Edell\u00e4 mainittu on varmasti ollut alueen asiakkaille hy\u00f6dyllist\u00e4 tietoa ja vaikka kuinka rakastan kotikaupunkiani Rovanieme\u00e4, t\u00e4m\u00e4n kaltaista tiedottamista toivoisin lis\u00e4\u00e4 t\u00e4\u00e4ll\u00e4kin. Tuntuu ett\u00e4 joka viikko on joku tie poikki, eik\u00e4 tietoa siit\u00e4 mink\u00e4 takia remonttia tehd\u00e4\u00e4n ja kuinka kauan se kest\u00e4\u00e4.<\/p>\n<p><img loading=\"lazy\" decoding=\"async\" class=\"wp-image-63\" src=\"https:\/\/blogi.eoppimispalvelut.fi\/yritysostonaapinen\/files\/2019\/10\/huutaa-mikki-120x120.jpg\" alt=\"\" width=\"220\" height=\"147\" srcset=\"https:\/\/blogi.eoppimispalvelut.fi\/yritysostonaapinen\/files\/2019\/10\/huutaa-mikki-900x600.jpg 900w, https:\/\/blogi.eoppimispalvelut.fi\/yritysostonaapinen\/files\/2019\/10\/huutaa-mikki-768x512.jpg 768w, https:\/\/blogi.eoppimispalvelut.fi\/yritysostonaapinen\/files\/2019\/10\/huutaa-mikki-525x350.jpg 525w, https:\/\/blogi.eoppimispalvelut.fi\/yritysostonaapinen\/files\/2019\/10\/huutaa-mikki.jpg 1050w\" sizes=\"auto, (max-width: 220px) 100vw, 220px\" \/><br \/>\n<em>V\u00e4lill\u00e4 on hankalaa saada \u00e4\u00e4nt\u00e4 kuuluviin<\/em><br \/>\nPhoto by\u00a0<a href=\"https:\/\/unsplash.com\/@jasonrosewell?utm_source=unsplash&amp;utm_medium=referral&amp;utm_content=creditCopyText\">Jason Rosewell<\/a>\u00a0on\u00a0<a href=\"https:\/\/unsplash.com\/s\/photos\/communication?utm_source=unsplash&amp;utm_medium=referral&amp;utm_content=creditCopyText\">Unsplash<\/a><\/p>\n<p><strong>Vaikka kuinka lujaa huutaisi, ei viesti mene perille ellei oikeat tahot kuuntele<\/strong><\/p>\n<p>Haasteena meid\u00e4n projektimme viestinn\u00e4ss\u00e4 on saada \u00e4\u00e4nemme kuuluvaan oikeiden tahojen korviin. Aiheena yritysten arvon m\u00e4\u00e4ritt\u00e4minen ja t\u00e4m\u00e4h\u00e4n luonnollisesti kiinnostaa yritysjohtajia jotka puntaroivat ostettavan yrityksen arvoa. \u00a0T\u00e4rkein sis\u00e4lt\u00f6 onkin viet\u00e4v\u00e4 sinne miss\u00e4 todenn\u00e4k\u00f6isimmin t\u00e4rkeimm\u00e4t kuulijat ovat. Luonnollisin keino t\u00e4ss\u00e4 tapauksessa onkin <strong><a href=\"https:\/\/www.linkedin.com\/company\/tuohi-group\/\">Linkedin <\/a><\/strong>, jossa pyrimme olemaan aktiivisia saavuttaaksemme halutun kohderyhm\u00e4n mielenkiinnon. Ei riit\u00e4 ett\u00e4 vain jakaa omaa sis\u00e4lt\u00f6\u00e4\u00e4n, on my\u00f6s <strong><a href=\"https:\/\/lehti.mma.fi\/tyo-ura\/ajatusjohtajuus-edistaa-sosiaalista-myyntia\">t\u00e4rke\u00e4\u00e4<\/a><\/strong> olla saman aiheen keskusteluissa mukana ja verkostoitua, jottei synny mielikuvaa ett\u00e4 pusketaan vain omaa agendaa esille.<\/p>\n<p>Kun myyd\u00e4\u00e4n ideaa asiantuntijamaisuudesta, t\u00e4ytyy my\u00f6s visuaalisen ilmeen, tekstityylin ja muun sis\u00e4ll\u00f6n tukea t\u00e4t\u00e4 konseptia. Helpoksi l\u00e4ht\u00f6kohdaksi voi ottaa <strong><a href=\"https:\/\/www.vipunet.com\/blog\/top-10-vinkkia-verkkosivujen-kehittamiseen-hubspot\">samankaltaiset<\/a><\/strong>\u00a0projektit, jotta n\u00e4kee mik\u00e4 toimii ja ei toimi. Ideana ei ole kopioida olemassa olevaa vaan jalostaa ideasta parempi ja itsens\u00e4 n\u00e4k\u00f6inen lopputulos. Suunniteltaessa omaa visuaalista ilmett\u00e4, on hyv\u00e4 ehk\u00e4 j\u00e4tt\u00e4\u00e4 ne r\u00e4ikeimm\u00e4t ideat taakse ja mietti\u00e4 ett\u00e4 mik\u00e4 puhuttelisi juuri sinun yleis\u00f6\u00e4si.<\/p>\n<p>S\u00e4\u00e4nn\u00f6llisell\u00e4 julkaisu tahdilla ja keskitetyll\u00e4 viestinn\u00e4ll\u00e4 saa parhaiten kiinnostuneita silm\u00e4pareja. On mahdoton olettaa lukijan olevan kiinnostunut siit\u00e4, mit\u00e4 sinulla on sanottavaa ellei ole tasaista aikataulua julkaisujen suhteen. T\u00e4ten lukija tiet\u00e4\u00e4 milloin seuraavan kerran kuulee lis\u00e4\u00e4 aiheesta ja todenn\u00e4k\u00f6isyys aktiiviseen seuraamiseen kasvaa.<\/p>\n<p>&nbsp;<\/p>\n","protected":false},"excerpt":{"rendered":"<p>Miten tuoda oma projekti ja sis\u00e4ll\u00f6n tuottaminen juuri niille henkil\u00f6ille esille keille se on tarkoitettu? \u00a0Vakuumiin laitettuna konseptihan tuntuu hyvinkin yksinkertaiselta, mik\u00e4li haluaa yksinkertaisia tuloksia. Eih\u00e4n se ole kuin laittaa jokaiseen sosiaaliseen mediaan postaus ja toivoa, ett\u00e4 oikeilla hashtageilla juuri ne asiasta kiinnostuneet tahot sen l\u00f6yt\u00e4v\u00e4t. Olisikin maailma niin yksinkertainen ja asiat toivoisivat ajatuksen voimalla [&hellip;]<\/p>\n","protected":false},"author":3269,"featured_media":0,"parent":0,"menu_order":0,"comment_status":"closed","ping_status":"closed","template":"","meta":{"footnotes":""},"class_list":["post-59","page","type-page","status-publish","hentry"],"_links":{"self":[{"href":"https:\/\/blogi.eoppimispalvelut.fi\/yritysostonaapinen\/wp-json\/wp\/v2\/pages\/59","targetHints":{"allow":["GET"]}}],"collection":[{"href":"https:\/\/blogi.eoppimispalvelut.fi\/yritysostonaapinen\/wp-json\/wp\/v2\/pages"}],"about":[{"href":"https:\/\/blogi.eoppimispalvelut.fi\/yritysostonaapinen\/wp-json\/wp\/v2\/types\/page"}],"author":[{"embeddable":true,"href":"https:\/\/blogi.eoppimispalvelut.fi\/yritysostonaapinen\/wp-json\/wp\/v2\/users\/3269"}],"replies":[{"embeddable":true,"href":"https:\/\/blogi.eoppimispalvelut.fi\/yritysostonaapinen\/wp-json\/wp\/v2\/comments?post=59"}],"version-history":[{"count":26,"href":"https:\/\/blogi.eoppimispalvelut.fi\/yritysostonaapinen\/wp-json\/wp\/v2\/pages\/59\/revisions"}],"predecessor-version":[{"id":91,"href":"https:\/\/blogi.eoppimispalvelut.fi\/yritysostonaapinen\/wp-json\/wp\/v2\/pages\/59\/revisions\/91"}],"wp:attachment":[{"href":"https:\/\/blogi.eoppimispalvelut.fi\/yritysostonaapinen\/wp-json\/wp\/v2\/media?parent=59"}],"curies":[{"name":"wp","href":"https:\/\/api.w.org\/{rel}","templated":true}]}}